{"id":13128,"date":"2019-08-26T10:04:58","date_gmt":"2019-08-26T09:04:58","guid":{"rendered":"https:\/\/www.adelte.com\/projets-mondiaux\/"},"modified":"2020-03-23T16:25:32","modified_gmt":"2020-03-23T15:25:32","slug":"projets-mondiaux","status":"publish","type":"page","link":"https:\/\/www.adelte.com\/fr\/projets-mondiaux\/","title":{"rendered":"Projets mondiaux"},"content":{"rendered":"","protected":false},"excerpt":{"rendered":"","protected":false},"author":3,"featured_media":0,"parent":0,"menu_order":0,"comment_status":"closed","ping_status":"closed","template":"worldwide-projects\/tpl-worldwide-projects.php","meta":[],"acf":[],"yoast_head":"<!-- This site is optimized with the Yoast SEO plugin v15.6.2 - https:\/\/yoast.com\/wordpress\/plugins\/seo\/ -->\n<title>Installations mondiales dans les a\u00e9roports et les terminaux de croisi\u00e8res et de ferries<\/title>\n<meta name=\"description\" content=\"ADELTE a r\u00e9alis\u00e9 des projets dans le monde entier dans les domaines de la conception, de la fabrication, de l&#039;installation et de la maintenance de solutions d&#039;ing\u00e9nierie a\u00e9roportuaires et portuaires. V\u00e9rifie-les!\" \/>\n<meta name=\"robots\" content=\"index, follow, max-snippet:-1, max-image-preview:large, max-video-preview:-1\" \/>\n<link rel=\"canonical\" href=\"https:\/\/www.adelte.com\/fr\/projets-mondiaux\/\" \/>\n<meta property=\"og:locale\" content=\"fr_FR\" \/>\n<meta property=\"og:type\" content=\"article\" \/>\n<meta property=\"og:title\" content=\"Installations mondiales dans les a\u00e9roports et les terminaux de croisi\u00e8res et de ferries\" \/>\n<meta property=\"og:description\" content=\"ADELTE a r\u00e9alis\u00e9 des projets dans le monde entier dans les domaines de la conception, de la fabrication, de l&#039;installation et de la maintenance de solutions d&#039;ing\u00e9nierie a\u00e9roportuaires et portuaires. V\u00e9rifie-les!\" \/>\n<meta property=\"og:url\" content=\"https:\/\/www.adelte.com\/fr\/projets-mondiaux\/\" \/>\n<meta property=\"og:site_name\" content=\"ADELTE\" \/>\n<meta property=\"article:modified_time\" content=\"2020-03-23T15:25:32+00:00\" \/>\n<meta name=\"twitter:card\" content=\"summary_large_image\" \/>\n<script type=\"application\/ld+json\" class=\"yoast-schema-graph\">{\"@context\":\"https:\/\/schema.org\",\"@graph\":[{\"@type\":\"WebSite\",\"@id\":\"https:\/\/www.adelte.com\/#website\",\"url\":\"https:\/\/www.adelte.com\/\",\"name\":\"ADELTE\",\"description\":\"\",\"potentialAction\":[{\"@type\":\"SearchAction\",\"target\":\"https:\/\/www.adelte.com\/?s={search_term_string}\",\"query-input\":\"required name=search_term_string\"}],\"inLanguage\":\"fr-FR\"},{\"@type\":\"WebPage\",\"@id\":\"https:\/\/www.adelte.com\/fr\/projets-mondiaux\/#webpage\",\"url\":\"https:\/\/www.adelte.com\/fr\/projets-mondiaux\/\",\"name\":\"Installations mondiales dans les a\\u00e9roports et les terminaux de croisi\\u00e8res et de ferries\",\"isPartOf\":{\"@id\":\"https:\/\/www.adelte.com\/#website\"},\"datePublished\":\"2019-08-26T09:04:58+00:00\",\"dateModified\":\"2020-03-23T15:25:32+00:00\",\"description\":\"ADELTE a r\\u00e9alis\\u00e9 des projets dans le monde entier dans les domaines de la conception, de la fabrication, de l'installation et de la maintenance de solutions d'ing\\u00e9nierie a\\u00e9roportuaires et portuaires. V\\u00e9rifie-les!\",\"breadcrumb\":{\"@id\":\"https:\/\/www.adelte.com\/fr\/projets-mondiaux\/#breadcrumb\"},\"inLanguage\":\"fr-FR\",\"potentialAction\":[{\"@type\":\"ReadAction\",\"target\":[\"https:\/\/www.adelte.com\/fr\/projets-mondiaux\/\"]}]},{\"@type\":\"BreadcrumbList\",\"@id\":\"https:\/\/www.adelte.com\/fr\/projets-mondiaux\/#breadcrumb\",\"itemListElement\":[{\"@type\":\"ListItem\",\"position\":1,\"item\":{\"@type\":\"WebPage\",\"@id\":\"https:\/\/www.adelte.com\/fr\/\",\"url\":\"https:\/\/www.adelte.com\/fr\/\",\"name\":\"Home\"}},{\"@type\":\"ListItem\",\"position\":2,\"item\":{\"@type\":\"WebPage\",\"@id\":\"https:\/\/www.adelte.com\/fr\/projets-mondiaux\/\",\"url\":\"https:\/\/www.adelte.com\/fr\/projets-mondiaux\/\",\"name\":\"Projets mondiaux\"}}]}]}<\/script>\n<!-- \/ Yoast SEO plugin. -->","_links":{"self":[{"href":"https:\/\/www.adelte.com\/fr\/wp-json\/wp\/v2\/pages\/13128"}],"collection":[{"href":"https:\/\/www.adelte.com\/fr\/wp-json\/wp\/v2\/pages"}],"about":[{"href":"https:\/\/www.adelte.com\/fr\/wp-json\/wp\/v2\/types\/page"}],"author":[{"embeddable":true,"href":"https:\/\/www.adelte.com\/fr\/wp-json\/wp\/v2\/users\/3"}],"replies":[{"embeddable":true,"href":"https:\/\/www.adelte.com\/fr\/wp-json\/wp\/v2\/comments?post=13128"}],"version-history":[{"count":4,"href":"https:\/\/www.adelte.com\/fr\/wp-json\/wp\/v2\/pages\/13128\/revisions"}],"predecessor-version":[{"id":13789,"href":"https:\/\/www.adelte.com\/fr\/wp-json\/wp\/v2\/pages\/13128\/revisions\/13789"}],"wp:attachment":[{"href":"https:\/\/www.adelte.com\/fr\/wp-json\/wp\/v2\/media?parent=13128"}],"curies":[{"name":"wp","href":"https:\/\/api.w.org\/{rel}","templated":true}]}}