{"id":12600,"date":"2019-08-21T16:38:47","date_gmt":"2019-08-21T15:38:47","guid":{"rendered":"https:\/\/www.adelte.com\/seaports\/"},"modified":"2022-03-31T09:03:27","modified_gmt":"2022-03-31T08:03:27","slug":"ports","status":"publish","type":"page","link":"https:\/\/www.adelte.com\/fr\/ports\/","title":{"rendered":"Ports"},"content":{"rendered":"[vc_section el_id=\u00a0\u00bbintro-section\u00a0\u00bb wpex_bg_position=\u00a0\u00bbcenter center\u00a0\u00bb][vc_row][vc_column width=\u00a0\u00bb1\/6&Prime;][\/vc_column][vc_column width=\u00a0\u00bb2\/3&Prime;]<div class=\"vcex-module vcex-icon-box clr vcex-icon-box-two vcex-icon-box-wo-icon textcenter\"><h2 class=\"vcex-icon-box-heading\" style=\"font-weight:400;color:#3d6abd;\">ADELTE est une entreprise d\u2019ing\u00e9nierie leader au niveau international qui donne des \u00e9quipements et services de derni\u00e8re g\u00e9n\u00e9ration aux terminaux de croisi\u00e8res et ferrys<\/h2><div class=\"vcex-icon-box-content clr\"><p>ADELTE design, fabrique et offre des solutions d\u2019ing\u00e9nierie innovatrices faites sur mesure et des services op\u00e9rationnels efficaces pour les ports du monde entier.<\/p>\n<p>ADELTE propose des <strong>passerelles d&#8217;embarquement pour passagers et des services globaux innovateurs<\/strong>, faits sur mesure et de haute qualit\u00e9 pour les terminaux de croisi\u00e8res et ferrys du monde entier. Notre large gamme de SPBBs sont rigoureusement certifi\u00e9es, en accord avec les r\u00e9glementations europ\u00e9ennes et internationales. Les syst\u00e8mes con\u00e7us par les exp\u00e9riment\u00e9s et hautement qualifi\u00e9s ing\u00e9nieurs d&rsquo;ADELTE, se fabriquent en utilisant les derni\u00e8res technologies et sont test\u00e9s dans nos installations modernes et certifi\u00e9es. Gr\u00e2ce \u00e0 notre design exclusif, vous pouvez acc\u00e9der facilement \u00e0 tous les composants principaux pour mener rapidement \u00e0 bien les t\u00e2ches d\u2019entretien et que les passerelles d&#8217;embarquement se maintiennent en conditions optimales de fonctionnement.<\/p>\n<\/div><\/div>[\/vc_column][vc_column width=\u00a0\u00bb1\/6&Prime;][\/vc_column][\/vc_row][\/vc_section][vc_section full_width=\u00a0\u00bbstretch_row\u00a0\u00bb el_id=\u00a0\u00bbairseaports\u00a0\u00bb][vc_row][vc_column]<div class=\"vcex-module vcex-icon-box clr vcex-icon-box-two vcex-icon-box-wo-icon textleft  vc_custom_1566402185827\"><h3 class=\"vcex-icon-box-heading\" style=\"font-weight:500;color:#3d6abd;\">Produits et services pour les Terminaux portuaires<\/h3><\/div><div class=\"vcex-spacing\" style=\"height:10px\"><\/div>[\/vc_column][\/vc_row][vc_row equal_height=\u00a0\u00bbyes\u00a0\u00bb][vc_column width=\u00a0\u00bb1\/3&Prime;]<div class=\"vcex-module vcex-image-banner textleft vcex-soh vcex-anim-fade vcex-has-button\"><div class=\"overlay\"><\/div><a href=\"https:\/\/www.adelte.com\/fr\/ports\/passerelles-embarquement-passagers-portuaires\/\" class=\"vcex-ib-link overlay-parent\"><span class=\"vcex-ib-img\"  style=\"background-image:url(https:\/\/www.adelte.com\/wp-content\/uploads\/2018\/09\/seaport_passenger_boarding_bridges.jpg);\"><\/span><span class=\"vcex-ib-overlay\" style=\"background:#466bb7;\"><\/span><div class=\"vcex-ib-content-wrap clr\"><div class=\"vcex-ib-content clr\"><div class=\"vcex-ib-title\" style=\"font-size:20px;line-height:28px;padding-bottom:15px;\">Passerelles d'embarquement pour passagers<\/div><div class=\"vcex-ib-caption\" style=\"font-size:16px;line-height:28px;padding-bottom:22px;\">La gamme la plus large de passerelles d'embarquement pour passagers fait sur mesure, qui couvre les n\u00e9cessit\u00e9s de tout terminal de croisi\u00e8res ou ferrys.<\/div><div class=\"vcex-ib-button\"><span class=\"theme-button\" style=\"font-size:14px;\" data-wpex-hover='{\"color\":\"#466bb7\",\"background\":\"#ffffff\"}'>EXPLORER MOD\u00c8LES<\/span><\/div><\/div><\/div><\/a><\/div><div class=\"vcex-module vcex-heading vcex-heading-plain titulo-airseaports\" style=\"color:#ffffff;font-size:20px;font-weight:700;\"><span class=\"vcex-heading-inner clr\">Passerelles d'embarquement pour passagers<\/span><\/div><div class=\"vcex-spacing visible-phone\" style=\"height:20px\"><\/div>[\/vc_column][vc_column width=\u00a0\u00bb1\/3&Prime;]<div class=\"vcex-module vcex-image-banner textleft vcex-soh vcex-anim-fade vcex-has-button\"><div class=\"overlay\"><\/div><a href=\"https:\/\/www.adelte.com\/fr\/ports\/argos-gangways\/\" class=\"vcex-ib-link overlay-parent\"><span class=\"vcex-ib-img\"  style=\"background-image:url(https:\/\/www.adelte.com\/wp-content\/uploads\/2018\/09\/gangway_passenger_boarding_bridge_seaport_argos.jpg);\"><\/span><span class=\"vcex-ib-overlay\" style=\"background:#466bb7;\"><\/span><div class=\"vcex-ib-content-wrap clr\"><div class=\"vcex-ib-content clr\"><div class=\"vcex-ib-title\" style=\"font-size:20px;line-height:28px;padding-bottom:15px;\">ARGOS Gangway<\/div><div class=\"vcex-ib-caption\" style=\"font-size:16px;line-height:28px;padding-bottom:22px;\">Passerelle qui permet un embarquement commode et s\u00e9curis\u00e9 dans les terminaux portuaires ne disposant pas d\u2019un b\u00e2timent ou une passerelle \u00e9lev\u00e9 fixe.<\/div><div class=\"vcex-ib-button\"><span class=\"theme-button\" style=\"font-size:14px;\" data-wpex-hover='{\"color\":\"#466bb7\",\"background\":\"#ffffff\"}'>D\u00c9COUVRER ARGOS<\/span><\/div><\/div><\/div><\/a><\/div><div class=\"vcex-module vcex-heading vcex-heading-plain\" style=\"color:#ffffff;font-size:20px;font-weight:700;\"><span class=\"vcex-heading-inner clr\">Argos Gangway<\/span><\/div><div class=\"vcex-spacing visible-phone\" style=\"height:20px\"><\/div>[\/vc_column][vc_column width=\u00a0\u00bb1\/3&Prime;]<div class=\"vcex-module vcex-image-banner textleft vcex-soh vcex-anim-fade vcex-has-button\"><div class=\"overlay\"><\/div><a href=\"https:\/\/www.adelte.com\/fr\/services-globaux\/\" class=\"vcex-ib-link overlay-parent\"><span class=\"vcex-ib-img\"  style=\"background-image:url(https:\/\/www.adelte.com\/wp-content\/uploads\/2018\/09\/global_services_airports.jpg);\"><\/span><span class=\"vcex-ib-overlay\" style=\"background:#466bb7;\"><\/span><div class=\"vcex-ib-content-wrap clr\"><div class=\"vcex-ib-content clr\"><div class=\"vcex-ib-title\" style=\"font-size:20px;line-height:28px;padding-bottom:15px;\">Services Globaux pour ports<\/div><div class=\"vcex-ib-caption\" style=\"font-size:16px;line-height:28px;padding-bottom:22px;\">Maintenir une capacit\u00e9 optimale op\u00e9rationnelle et offrir un excellent service aux compagnies de croisi\u00e8res et ferrys au cours de la dur\u00e9e de vie de nos \u00e9quipements.<\/div><div class=\"vcex-ib-button\"><span class=\"theme-button\" style=\"font-size:14px;\" data-wpex-hover='{\"color\":\"#466bb7\",\"background\":\"#ffffff\"}'>VOIR SERVICES<\/span><\/div><\/div><\/div><\/a><\/div><div class=\"vcex-module vcex-heading vcex-heading-plain\" style=\"color:#ffffff;font-size:20px;font-weight:700;\"><span class=\"vcex-heading-inner clr\">Services Globaux pour ports<\/span><\/div><div class=\"vcex-spacing visible-phone\" style=\"height:20px\"><\/div>[\/vc_column][\/vc_row][\/vc_section][vc_section full_width=\u00a0\u00bbstretch_row\u00a0\u00bb parallax=\u00a0\u00bbcontent-moving\u00a0\u00bb parallax_image=\u00a0\u00bb8734&Prime; css=\u00a0\u00bb.vc_custom_1535717733959{background-image: url(https:\/\/www.adelte.com\/wp-content\/uploads\/2018\/03\/taking-seaports.jpg?id=275) !important;background-position: center !important;background-repeat: no-repeat !important;background-size: cover !important;}\u00a0\u00bb el_id=\u00a0\u00bbcontadores\u00a0\u00bb][vc_row full_width=\u00a0\u00bbstretch_row\u00a0\u00bb typography_style=\u00a0\u00bbwhite\u00a0\u00bb][vc_column]<div class=\"vcex-module vcex-icon-box clr vcex-icon-box-two vcex-icon-box-wo-icon textcenter  vc_custom_1567174467849\"><h3 class=\"vcex-icon-box-heading\" style=\"font-weight:500;font-size:40px;\">Nous menons les terminaux portuaires au niveau sup\u00e9rieur<\/h3><div class=\"vcex-icon-box-content clr\"><p>ADELTE propose des solutions avanc\u00e9es faites sur mesure pour am\u00e9liorer l\u2019exp\u00e9rience des passagers et les op\u00e9rations dans les terminaux de Croisi\u00e8res et Ferrys.<\/p>\n<\/div><\/div>[vc_row_inner el_class=\u00a0\u00bbcantidades\u00a0\u00bb][vc_column_inner width=\u00a0\u00bb1\/3&Prime;]<div class=\"vcex-module vcex-milestone clr vcex-animated-milestone\"><div class=\"vcex-milestone-inner\"><div class=\"vcex-milestone-desc\"><div class=\"vcex-milestone-number\" style=\"color:#ffffff;font-size:70px;font-weight:700;\"><span class=\"vcex-milestone-before\">+<\/span><span class=\"vcex-milestone-time vcex-countup\" data-options=\"{&quot;startVal&quot;:0,&quot;endVal&quot;:180,&quot;duration&quot;:2,&quot;decimals&quot;:0,&quot;separator&quot;:&quot;,&quot;,&quot;decimal&quot;:&quot;.&quot;}\">0<\/span><\/div><div class=\"vcex-milestone-caption\">Passerelles d'embarquement install\u00e9s dansles Terminaux de Croisi\u00e8res et Ferrys<\/div><\/div><\/div><\/div>[\/vc_column_inner][vc_column_inner width=\u00a0\u00bb1\/3&Prime;]<div class=\"vcex-module vcex-milestone clr vcex-animated-milestone\"><div class=\"vcex-milestone-inner\"><div class=\"vcex-milestone-desc\"><div class=\"vcex-milestone-number\" style=\"color:#ffffff;font-size:70px;font-weight:700;\"><span class=\"vcex-milestone-time vcex-countup\" data-options=\"{&quot;startVal&quot;:0,&quot;endVal&quot;:80,&quot;duration&quot;:2,&quot;decimals&quot;:0,&quot;separator&quot;:&quot;,&quot;,&quot;decimal&quot;:&quot;.&quot;}\">0<\/span><span class=\"vcex-milestone-after\">%<\/span><\/div><div class=\"vcex-milestone-caption\">des TOP 10 des terminaux portuaires<br \/>\nutilisent nos ponts d'embarquement<\/div><\/div><\/div><\/div>[\/vc_column_inner][vc_column_inner width=\u00a0\u00bb1\/3&Prime;]<div class=\"vcex-module vcex-milestone clr vcex-animated-milestone\"><div class=\"vcex-milestone-inner\"><div class=\"vcex-milestone-desc\"><div class=\"vcex-milestone-number\" style=\"color:#ffffff;font-size:70px;font-weight:700;\"><span class=\"vcex-milestone-before\">+<\/span><span class=\"vcex-milestone-time vcex-countup\" data-options=\"{&quot;startVal&quot;:0,&quot;endVal&quot;:90,&quot;duration&quot;:2,&quot;decimals&quot;:0,&quot;separator&quot;:&quot;,&quot;,&quot;decimal&quot;:&quot;.&quot;}\">0<\/span><\/div><div class=\"vcex-milestone-caption\">Terminaux portuaires utilisant<br \/>\nnos produits et services<\/div><\/div><\/div><\/div>[\/vc_column_inner][\/vc_row_inner][\/vc_column][\/vc_row][\/vc_section][vc_section full_width=\u00a0\u00bbstretch_row\u00a0\u00bb el_id=\u00a0\u00bbnoticias\u00a0\u00bb css=\u00a0\u00bb.vc_custom_1520515553167{background-color: #f7f7f7 !important;}\u00a0\u00bb][vc_row][vc_column]<div class=\"vcex-module vcex-icon-box clr vcex-icon-box-two vcex-icon-box-wo-icon textcenter  vc_custom_1566466314160\"><h3 class=\"vcex-icon-box-heading\" style=\"font-weight:500;color:#3d6abd;\">Derni\u00e8res nouvelles et \u00e9v\u00e9nements du port maritime<\/h3><div class=\"vcex-icon-box-content clr\"><p>Retrouvez les derni\u00e8res nouvelles, articles et \u00e9v\u00e9nements d&rsquo;ADELTE<\/p>\n<\/div><\/div>[vc_row_inner equal_height=\u00a0\u00bbyes\u00a0\u00bb][vc_column_inner width=\u00a0\u00bb3\/4&Prime;]<div class=\"vcex-blog-grid-wrap wpex-clr\"><div class=\"wpex-row vcex-blog-grid wpex-clr entries match-height-grid\" data-transition-duration=\"0.0\"><div class=\"vcex-blog-entry entry-has-details span_1_of_3 col-1 col post-17430 entry type-post has-media cat-105 cat-107 translation_priority-91\"><div class=\"vcex-blog-entry-inner entry-inner wpex-clr\"><div class=\"vcex-blog-entry-media entry-media\"><a href=\"https:\/\/www.adelte.com\/fr\/bremenports-choisit-les-passerelles-dembarquement-des-passagers-des-ports-maritimes-dadelte-pour-le-columbus-cruise-center-a-bremerhaven\/\" title=\"Bremenports choisit les passerelles d&#8217;embarquement des passagers des ports maritimes d&rsquo;ADELTE pour le Columbus Cruise Center \u00e0 Bremerhaven\"><img class=\"vcex-blog-entry-img\" src=\"https:\/\/www.adelte.com\/wp-content\/uploads\/2021\/12\/seaport-passenger-boarding-bridges-bremerhaven-383x222.jpg\" data-no-retina width=\"383\" height=\"222\" \/><\/a><\/div><div class=\"vcex-blog-entry-details entry-details wpex-clr\"><div class=\"match-height-content\"><div class=\"vcex-blog-entry-date\" style=\"color:#466bb7;font-size:14px;\">15 d\u00e9cembre, 2021<\/div><div class=\"categoria\">Seaports<\/div><h3 class=\"vcex-blog-entry-title entry-title\" style=\"color:#4e4e4c;font-size:18px;line-height:26px;\"><a href=\"https:\/\/www.adelte.com\/fr\/bremenports-choisit-les-passerelles-dembarquement-des-passagers-des-ports-maritimes-dadelte-pour-le-columbus-cruise-center-a-bremerhaven\/\" style=\"color:#4e4e4c;\">Bremenports choisit les passerelles d&#8217;embarquement des passagers des ports maritimes d&rsquo;ADELTE pour le Columbus Cruise Center \u00e0 Bremerhaven<\/a><\/h3><div class=\"vcex-blog-entry-excerpt entry-excerpt entry clr\"><p>Le contrat portant sur la construction de trois nouvelles passerelles d'embarquement nettement plus grandes fait&hellip;<\/p><\/div><div class=\"vcex-blog-entry-readmore-wrap entry-readmore-wrap clr\"><a href=\"https:\/\/www.adelte.com\/fr\/bremenports-choisit-les-passerelles-dembarquement-des-passagers-des-ports-maritimes-dadelte-pour-le-columbus-cruise-center-a-bremerhaven\/\" class=\"theme-button\" style=\"background:#ffffff;color:#466bb6;padding:0px;\" data-wpex-hover='{\"background\":\"#ffffff\",\"color\":\"#333333\"}'>Read more <span class=\"vcex-readmore-rarr\">&rarr;<\/span><\/a><\/div><\/div><\/div><\/div><\/div><div class=\"vcex-blog-entry entry-has-details span_1_of_3 col-2 col post-13565 entry type-post has-media cat-105 cat-107 translation_priority-91\"><div class=\"vcex-blog-entry-inner entry-inner wpex-clr\"><div class=\"vcex-blog-entry-media entry-media\"><a href=\"https:\/\/www.adelte.com\/fr\/une-278002020-une-nouvelle-norme-pour-les-passerelles-dembarquement-des-passagers-dans-les-ports-maritimes\/\" title=\"UNE 27800:2020 &#8211; Une nouvelle norme pour les passerelles d&#8217;embarquement des passagers dans les ports maritimes\"><img class=\"vcex-blog-entry-img\" src=\"https:\/\/www.adelte.com\/wp-content\/uploads\/2020\/02\/standard_passenger_boarding_bridges_law_adelte_une-1-383x222.jpg\" data-no-retina width=\"383\" height=\"222\" \/><\/a><\/div><div class=\"vcex-blog-entry-details entry-details wpex-clr\"><div class=\"match-height-content\"><div class=\"vcex-blog-entry-date\" style=\"color:#466bb7;font-size:14px;\">25 f\u00e9vrier, 2020<\/div><div class=\"categoria\">Seaports<\/div><h3 class=\"vcex-blog-entry-title entry-title\" style=\"color:#4e4e4c;font-size:18px;line-height:26px;\"><a href=\"https:\/\/www.adelte.com\/fr\/une-278002020-une-nouvelle-norme-pour-les-passerelles-dembarquement-des-passagers-dans-les-ports-maritimes\/\" style=\"color:#4e4e4c;\">UNE 27800:2020 &#8211; Une nouvelle norme pour les passerelles d&#8217;embarquement des passagers dans les ports maritimes<\/a><\/h3><div class=\"vcex-blog-entry-excerpt entry-excerpt entry clr\"><p>ADELTE, un groupe d'ing\u00e9nierie bas\u00e9 \u00e0 Barcelone et le premier sp\u00e9cialiste mondial de la conception&hellip;<\/p><\/div><div class=\"vcex-blog-entry-readmore-wrap entry-readmore-wrap clr\"><a href=\"https:\/\/www.adelte.com\/fr\/une-278002020-une-nouvelle-norme-pour-les-passerelles-dembarquement-des-passagers-dans-les-ports-maritimes\/\" class=\"theme-button\" style=\"background:#ffffff;color:#466bb6;padding:0px;\" data-wpex-hover='{\"background\":\"#ffffff\",\"color\":\"#333333\"}'>Read more <span class=\"vcex-readmore-rarr\">&rarr;<\/span><\/a><\/div><\/div><\/div><\/div><\/div><div class=\"vcex-blog-entry entry-has-details span_1_of_3 col-3 col post-13252 entry type-post has-media cat-105 cat-107 post_tag-106 translation_priority-95\"><div class=\"vcex-blog-entry-inner entry-inner wpex-clr\"><div class=\"vcex-blog-entry-media entry-media\"><a href=\"https:\/\/www.adelte.com\/fr\/us-cruise-ports-select-adelte\/\" title=\"US Cruise Ports select ADELTE\"><img class=\"vcex-blog-entry-img\" src=\"https:\/\/www.adelte.com\/wp-content\/uploads\/2019\/03\/seaport_passenger_boarding_bridges_united_states-1-383x222.jpg\" data-no-retina width=\"383\" height=\"222\" \/><\/a><\/div><div class=\"vcex-blog-entry-details entry-details wpex-clr\"><div class=\"match-height-content\"><div class=\"vcex-blog-entry-date\" style=\"color:#466bb7;font-size:14px;\">15 mars, 2019<\/div><div class=\"categoria\">Seaports<\/div><h3 class=\"vcex-blog-entry-title entry-title\" style=\"color:#4e4e4c;font-size:18px;line-height:26px;\"><a href=\"https:\/\/www.adelte.com\/fr\/us-cruise-ports-select-adelte\/\" style=\"color:#4e4e4c;\">US Cruise Ports select ADELTE<\/a><\/h3><div class=\"vcex-blog-entry-excerpt entry-excerpt entry clr\"><p>Barcelona, 15th March 2019 \u2013 ADELTE, an engineering company based in Barcelona and the world&hellip;<\/p><\/div><div class=\"vcex-blog-entry-readmore-wrap entry-readmore-wrap clr\"><a href=\"https:\/\/www.adelte.com\/fr\/us-cruise-ports-select-adelte\/\" class=\"theme-button\" style=\"background:#ffffff;color:#466bb6;padding:0px;\" data-wpex-hover='{\"background\":\"#ffffff\",\"color\":\"#333333\"}'>Read more <span class=\"vcex-readmore-rarr\">&rarr;<\/span><\/a><\/div><\/div><\/div><\/div><\/div><\/div><\/div>[\/vc_column_inner][vc_column_inner el_class=\u00a0\u00bbair-news\u00a0\u00bb width=\u00a0\u00bb1\/4&Prime;]<a href=\"https:\/\/www.adelte.com\/downloads\/PORTNEWS_2022_ENG_ONLINE.pdf\" class=\"vcex-module vcex-icon-box clr vcex-icon-box-two vcex-icon-box-link-wrap textcenter\" target=\"_blank\"><img class=\"vcex-icon-box-image\" alt=\"En Savoir Plus Sur Nos Projets Et Solutions Pour Les Ports De Mer!\" src=\"https:\/\/www.adelte.com\/wp-content\/uploads\/2022\/03\/portnews-banner-2022.jpg\" data-no-retina width=\"546\" height=\"515\" \/><div class=\"vcex-icon-box-heading\">En savoir plus sur nos projets et solutions pour les ports de mer!<\/div><div class=\"vcex-icon-box-content clr\"><p><span class=\"tlid-translation translation\" lang=\"fr\"><span class=\"\" title=\"\">TELECHARGER (ANGLAIS)<\/span><\/span><\/p>\n<\/div><\/a>[\/vc_column_inner][\/vc_row_inner]<div class=\"vc_custom_1566466660999 wpex-clr\"><div class=\"textcenter theme-button-wrap clr\"><a href=\"https:\/\/www.adelte.com\/about-adelte\/news-events\/\" class=\"vcex-button theme-button align-center inline boton-transparente azul animate-on-hover\" style=\"text-transform:uppercase;\"><span class=\"theme-button-inner\">Afficher plus<\/span><\/a><\/div><\/div> [\/vc_column][\/vc_row][\/vc_section][vc_section full_width=\u00a0\u00bbstretch_row\u00a0\u00bb el_id=\u00a0\u00bbclientes\u00a0\u00bb][vc_row full_width=\u00a0\u00bbstretch_row_content\u00a0\u00bb][vc_column]<div class=\"vcex-module vcex-icon-box clr vcex-icon-box-two vcex-icon-box-wo-icon textcenter  vc_custom_1567174353859\"><h3 class=\"vcex-icon-box-heading\" style=\"font-weight:500;color:#3d6abd;\">Nos clients comprennent<\/h3><div class=\"vcex-icon-box-content clr\"><p><span class=\"tlid-translation translation\" lang=\"fr\"><span class=\"\" title=\"\">Nous menons les terminaux portuaires au niveau sup\u00e9rieur<\/span><\/span><\/p>\n<\/div><\/div><div class=\"vcex-module wpex-carousel wpex-carousel-images clr owl-carousel arrwstyle-slim arrwpos-abs\" data-items=\"5\" data-slideby=\"1\" data-nav=\"true\" data-dots=\"false\" data-autoplay=\"true\" data-loop=\"true\" data-autoplay-timeout=\"5000\" data-center=\"true\" data-margin=\"15\" data-items-tablet=\"4\" data-items-mobile-landscape=\"3\" data-items-mobile-portrait=\"2\" data-smart-speed=\"150\" data-auto-height=\"false\" data-auto-width=\"false\"><div class=\"wpex-carousel-slide\"><figure class=\"wpex-carousel-entry-media clr\"><img width=\"241\" height=\"91\" src=\"https:\/\/www.adelte.com\/wp-content\/uploads\/2018\/03\/portmiami.png\" class=\"skip-lazy\" alt=\"\" loading=\"lazy\" data-no-lazy=\"1\" \/><\/figure><\/div><div class=\"wpex-carousel-slide\"><figure class=\"wpex-carousel-entry-media clr\"><img width=\"241\" height=\"91\" src=\"https:\/\/www.adelte.com\/wp-content\/uploads\/2018\/03\/port-de-barcelona.png\" class=\"skip-lazy\" alt=\"\" loading=\"lazy\" data-no-lazy=\"1\" \/><\/figure><\/div><div class=\"wpex-carousel-slide\"><figure class=\"wpex-carousel-entry-media clr\"><img width=\"241\" height=\"91\" src=\"https:\/\/www.adelte.com\/wp-content\/uploads\/2018\/03\/port-canaveral.png\" class=\"skip-lazy\" alt=\"\" loading=\"lazy\" data-no-lazy=\"1\" \/><\/figure><\/div><div class=\"wpex-carousel-slide\"><figure class=\"wpex-carousel-entry-media clr\"><img width=\"241\" height=\"91\" src=\"https:\/\/www.adelte.com\/wp-content\/uploads\/2018\/03\/abp.png\" class=\"skip-lazy\" alt=\"\" loading=\"lazy\" data-no-lazy=\"1\" \/><\/figure><\/div><div class=\"wpex-carousel-slide\"><figure class=\"wpex-carousel-entry-media clr\"><img width=\"241\" height=\"91\" src=\"https:\/\/www.adelte.com\/wp-content\/uploads\/2018\/03\/marina-bay.png\" class=\"skip-lazy\" alt=\"\" loading=\"lazy\" data-no-lazy=\"1\" \/><\/figure><\/div><\/div>[\/vc_column][\/vc_row][\/vc_section][vc_row][vc_column][\/vc_column][\/vc_row]\n","protected":false},"excerpt":{"rendered":"Explorer les projets r\u00e9centsADELTE poss\u00e8de une vaste exp\u00e9rience dans la conception, la fabrication, l\u2019installation et la maintenance des PBB dans les a\u00e9roports, les terminaux de croisi\u00e8re et les terminaux de ferries du monde entier &nbsp; A\u00e9roport de Manchester \u2013 Terminal&hellip;","protected":false},"author":3,"featured_media":0,"parent":0,"menu_order":0,"comment_status":"closed","ping_status":"closed","template":"","meta":[],"acf":[],"yoast_head":"<!-- This site is optimized with the Yoast SEO plugin v15.6.2 - https:\/\/yoast.com\/wordpress\/plugins\/seo\/ -->\n<title>Ports - ADELTE m\u00e8ne les Terminaux de Ferrys et croisi\u00e8res au niveau sup\u00e9rieur<\/title>\n<meta name=\"description\" content=\"DELTE est une entreprise d\u2019ing\u00e9nierie leader au niveau international qui donne des \u00e9quipements et services de derni\u00e8re g\u00e9n\u00e9ration aux terminaux de croisi\u00e8res et ferrys.\" \/>\n<meta name=\"robots\" content=\"index, follow, max-snippet:-1, max-image-preview:large, max-video-preview:-1\" \/>\n<link rel=\"canonical\" href=\"https:\/\/www.adelte.com\/fr\/ports\/\" \/>\n<meta property=\"og:locale\" content=\"fr_FR\" \/>\n<meta property=\"og:type\" content=\"article\" \/>\n<meta property=\"og:title\" content=\"Ports - ADELTE m\u00e8ne les Terminaux de Ferrys et croisi\u00e8res au niveau sup\u00e9rieur\" \/>\n<meta property=\"og:description\" content=\"DELTE est une entreprise d\u2019ing\u00e9nierie leader au niveau international qui donne des \u00e9quipements et services de derni\u00e8re g\u00e9n\u00e9ration aux terminaux de croisi\u00e8res et ferrys.\" \/>\n<meta property=\"og:url\" content=\"https:\/\/www.adelte.com\/fr\/ports\/\" \/>\n<meta property=\"og:site_name\" content=\"ADELTE\" \/>\n<meta property=\"article:modified_time\" content=\"2022-03-31T08:03:27+00:00\" \/>\n<meta name=\"twitter:card\" content=\"summary_large_image\" \/>\n<meta name=\"twitter:label1\" content=\"Dur\u00e9e de lecture est.\">\n\t<meta name=\"twitter:data1\" content=\"3 minutes\">\n<script type=\"application\/ld+json\" class=\"yoast-schema-graph\">{\"@context\":\"https:\/\/schema.org\",\"@graph\":[{\"@type\":\"WebSite\",\"@id\":\"https:\/\/www.adelte.com\/#website\",\"url\":\"https:\/\/www.adelte.com\/\",\"name\":\"ADELTE\",\"description\":\"\",\"potentialAction\":[{\"@type\":\"SearchAction\",\"target\":\"https:\/\/www.adelte.com\/?s={search_term_string}\",\"query-input\":\"required name=search_term_string\"}],\"inLanguage\":\"fr-FR\"},{\"@type\":\"WebPage\",\"@id\":\"https:\/\/www.adelte.com\/fr\/ports\/#webpage\",\"url\":\"https:\/\/www.adelte.com\/fr\/ports\/\",\"name\":\"Ports - ADELTE m\\u00e8ne les Terminaux de Ferrys et croisi\\u00e8res au niveau sup\\u00e9rieur\",\"isPartOf\":{\"@id\":\"https:\/\/www.adelte.com\/#website\"},\"datePublished\":\"2019-08-21T15:38:47+00:00\",\"dateModified\":\"2022-03-31T08:03:27+00:00\",\"description\":\"DELTE est une entreprise d\\u2019ing\\u00e9nierie leader au niveau international qui donne des \\u00e9quipements et services de derni\\u00e8re g\\u00e9n\\u00e9ration aux terminaux de croisi\\u00e8res et ferrys.\",\"breadcrumb\":{\"@id\":\"https:\/\/www.adelte.com\/fr\/ports\/#breadcrumb\"},\"inLanguage\":\"fr-FR\",\"potentialAction\":[{\"@type\":\"ReadAction\",\"target\":[\"https:\/\/www.adelte.com\/fr\/ports\/\"]}]},{\"@type\":\"BreadcrumbList\",\"@id\":\"https:\/\/www.adelte.com\/fr\/ports\/#breadcrumb\",\"itemListElement\":[{\"@type\":\"ListItem\",\"position\":1,\"item\":{\"@type\":\"WebPage\",\"@id\":\"https:\/\/www.adelte.com\/fr\/\",\"url\":\"https:\/\/www.adelte.com\/fr\/\",\"name\":\"Home\"}},{\"@type\":\"ListItem\",\"position\":2,\"item\":{\"@type\":\"WebPage\",\"@id\":\"https:\/\/www.adelte.com\/fr\/ports\/\",\"url\":\"https:\/\/www.adelte.com\/fr\/ports\/\",\"name\":\"Ports\"}}]}]}<\/script>\n<!-- \/ Yoast SEO plugin. -->","_links":{"self":[{"href":"https:\/\/www.adelte.com\/fr\/wp-json\/wp\/v2\/pages\/12600"}],"collection":[{"href":"https:\/\/www.adelte.com\/fr\/wp-json\/wp\/v2\/pages"}],"about":[{"href":"https:\/\/www.adelte.com\/fr\/wp-json\/wp\/v2\/types\/page"}],"author":[{"embeddable":true,"href":"https:\/\/www.adelte.com\/fr\/wp-json\/wp\/v2\/users\/3"}],"replies":[{"embeddable":true,"href":"https:\/\/www.adelte.com\/fr\/wp-json\/wp\/v2\/comments?post=12600"}],"version-history":[{"count":19,"href":"https:\/\/www.adelte.com\/fr\/wp-json\/wp\/v2\/pages\/12600\/revisions"}],"predecessor-version":[{"id":17509,"href":"https:\/\/www.adelte.com\/fr\/wp-json\/wp\/v2\/pages\/12600\/revisions\/17509"}],"wp:attachment":[{"href":"https:\/\/www.adelte.com\/fr\/wp-json\/wp\/v2\/media?parent=12600"}],"curies":[{"name":"wp","href":"https:\/\/api.w.org\/{rel}","templated":true}]}}