{"id":12437,"date":"2019-08-20T16:37:42","date_gmt":"2019-08-20T15:37:42","guid":{"rendered":"https:\/\/www.adelte.com\/a-propos-adelte\/quality-health-safety-environment-qhse\/"},"modified":"2025-05-05T15:26:37","modified_gmt":"2025-05-05T14:26:37","slug":"qhse-adelte-politique-qualite-sante-securite-environnement","status":"publish","type":"page","link":"https:\/\/www.adelte.com\/fr\/a-propos-adelte\/qhse-adelte-politique-qualite-sante-securite-environnement\/","title":{"rendered":"QHSE ADELTE Politique de Qualit\u00e9, Sant\u00e9, S\u00e9curit\u00e9 et de l\u2019Environnement"},"content":{"rendered":"[vc_section el_id=\u00a0\u00bbintro-section\u00a0\u00bb wpex_bg_position=\u00a0\u00bbcenter center\u00a0\u00bb][vc_row][vc_column width=\u00a0\u00bb1\/6&Prime;][\/vc_column][vc_column width=\u00a0\u00bb2\/3&Prime;]<div class=\"vcex-module vcex-icon-box clr vcex-icon-box-two vcex-icon-box-wo-icon textcenter\"><div class=\"vcex-icon-box-content clr\"><p>Le Groupe ADELTE a toujours pr\u00e9sent le soin de l\u2019environnement, mais aussi la sant\u00e9 et la s\u00e9curit\u00e9 de ses employ\u00e9s, produits, clients, op\u00e9rateurs et actionnistes, sans pour autant sacrifier le niveau de qualit\u00e9 de nos produits et services.<\/p>\n<p>Depuis sa cr\u00e9ation, le propos d&rsquo;ADELTE Groupe a \u00e9t\u00e9 de grandir dans les march\u00e9s a\u00e9roportuaires, portuaires et du transport terrestre, et de fonder ses principes sur le respect \u00e9thique des personnes et de l\u2019environnement. Entre nos objectifs principaux, se trouvent l\u2019am\u00e9lioration constante de la technologie de nos produits et un niveau de qualit\u00e9 \u00e9lev\u00e9, autant pour lesdits produits que pour nos employ\u00e9s. De l\u00e0 notre participation active dans tous les programmes de sant\u00e9, s\u00e9curit\u00e9 et environnement (HSEP) \u00e0 tous les niveaux de l\u2019entreprise, ce qui garantit un lieu de travail libre des incidences et l\u00e9sions, ainsi qu\u2019une protection ad\u00e9quate de l\u2019environnement.<\/p>\n<p>&nbsp;<\/p>\n<\/div><\/div>[\/vc_column][vc_column width=\u00a0\u00bb1\/6&Prime;][\/vc_column][\/vc_row][\/vc_section][vc_section el_id=\u00a0\u00bbprinciples\u00a0\u00bb][vc_row][vc_column width=\u00a0\u00bb1\/6&Prime;][\/vc_column][vc_column width=\u00a0\u00bb8\/12&Prime;][vc_column_text text_align=\u00a0\u00bbcenter\u00a0\u00bb font_weight=\u00a0\u00bb600&Prime; css=\u00a0\u00bb.vc_custom_1566315597507{margin-bottom: 20px !important;}\u00a0\u00bb]D\u00e9claration de principes d&rsquo;ADELTE GROUP[\/vc_column_text]<div class=\"vcex-module vcex-bullets custom-icon\">\n<ul class=\"principios\">\n<li><div class=\"vcex-bullets-ci-wrap\"><span class=\"vcex-icon-wrap\"><span class=\"vcex-icon entypo-icon entypo-icon-check\" style=\"color:#70d837\" aria-hidden=\"true\"><\/span><\/span><div class=\"vcex-content\">Nous nous engageons \u00e0 g\u00e9rer nos activit\u00e9s en accord avec l\u2019environnement et avec le minimum d\u2019impact.<\/div><\/div><\/li>\n<li><div class=\"vcex-bullets-ci-wrap\"><span class=\"vcex-icon-wrap\"><span class=\"vcex-icon entypo-icon entypo-icon-check\" style=\"color:#70d837\" aria-hidden=\"true\"><\/span><\/span><div class=\"vcex-content\">Nous accomplissons les niveaux \u00e9lev\u00e9s de gestion des risques et non-contamination dans toutes les \u00e9tapes de fabrication du produit et avec le personnel impliqu\u00e9.<\/div><\/div><\/li>\n<li><div class=\"vcex-bullets-ci-wrap\"><span class=\"vcex-icon-wrap\"><span class=\"vcex-icon entypo-icon entypo-icon-check\" style=\"color:#70d837\" aria-hidden=\"true\"><\/span><\/span><div class=\"vcex-content\">Concernant la sant\u00e9, la s\u00e9curit\u00e9 et l\u2019environnement (HSE) nous respectons toutes les l\u00e9gislations.<\/div><\/div><\/li>\n<li><div class=\"vcex-bullets-ci-wrap\"><span class=\"vcex-icon-wrap\"><span class=\"vcex-icon entypo-icon entypo-icon-check\" style=\"color:#70d837\" aria-hidden=\"true\"><\/span><\/span><div class=\"vcex-content\">Nous faisons des analyses et des inspections continues de nos produits, des installations, de la machinerie et des \u00e9quipes. Le personnel travail toujours avec la Politiques des Actions Correctives et Pr\u00e9ventives.<\/div><\/div><\/li>\n<li><div class=\"vcex-bullets-ci-wrap\"><span class=\"vcex-icon-wrap\"><span class=\"vcex-icon entypo-icon entypo-icon-check\" style=\"color:#70d837\" aria-hidden=\"true\"><\/span><\/span><div class=\"vcex-content\">Des inspections et des \u00e9valuations p\u00e9riodiques sont faites pour les postes de travail individuels mais aussi pour chaque \u00e9tape de la fabrication des produits.<\/div><\/div><\/li>\n<li><div class=\"vcex-bullets-ci-wrap\"><span class=\"vcex-icon-wrap\"><span class=\"vcex-icon entypo-icon entypo-icon-check\" style=\"color:#70d837\" aria-hidden=\"true\"><\/span><\/span><div class=\"vcex-content\">Nous sommes ravis de promouvoir une culture positive de sant\u00e9, s\u00e9curit\u00e9 et environnement dans toute l\u2019organisation.<\/div><\/div><\/li>\n<li><div class=\"vcex-bullets-ci-wrap\"><span class=\"vcex-icon-wrap\"><span class=\"vcex-icon entypo-icon entypo-icon-check\" style=\"color:#70d837\" aria-hidden=\"true\"><\/span><\/span><div class=\"vcex-content\">Notre objectif est de r\u00e9duire les \u00e9missions et faire un usage efficace de l\u2019\u00e9nergie et des ressources naturelles<\/div><\/div><\/li>\n<li><div class=\"vcex-bullets-ci-wrap\"><span class=\"vcex-icon-wrap\"><span class=\"vcex-icon entypo-icon entypo-icon-check\" style=\"color:#70d837\" aria-hidden=\"true\"><\/span><\/span><div class=\"vcex-content\">Nous croyons fermement que tout dommage ou incident environnemental peut se pr\u00e9venir.<\/div><\/div><\/li>\n<li><div class=\"vcex-bullets-ci-wrap\"><span class=\"vcex-icon-wrap\"><span class=\"vcex-icon entypo-icon entypo-icon-check\" style=\"color:#70d837\" aria-hidden=\"true\"><\/span><\/span><div class=\"vcex-content\">Nous nous assurons que tous nos employ\u00e9s et sous-traitants re\u00e7oivent la formation, supervision, information et les ressources appropri\u00e9s pour r\u00e9ussir nos objectifs.<\/div><\/div><\/li>\n<\/ul>\n<\/div><div class=\"vc_custom_1648641503655 wpex-clr\"><div class=\"textcenter theme-button-wrap clr\"><a href=\"https:\/\/adelte.com\/downloads\/health_safety_environment_policy_adelte_2022.pdf\" class=\"vcex-button theme-button medium align-center inline animate-on-hover\" target=\"_blank\" style=\"text-transform:uppercase;\"><span class=\"theme-button-inner\">T\u00e9l\u00e9charger QHSE Policy<\/span><\/a><\/div><\/div> [\/vc_column][vc_column width=\u00a0\u00bb1\/6&Prime;][\/vc_column][\/vc_row][\/vc_section][vc_section full_width=\u00a0\u00bbstretch_row\u00a0\u00bb el_class=\u00a0\u00bbsec-80&Prime; css=\u00a0\u00bb.vc_custom_1526028321396{background-color: #f7f7f7 !important;}\u00a0\u00bb][vc_row][vc_column width=\u00a0\u00bb1\/6&Prime;][\/vc_column][vc_column width=\u00a0\u00bb2\/3&Prime;]<div class=\"vcex-module vcex-icon-box clr vcex-icon-box-two vcex-icon-box-wo-icon textcenter\"><h2 class=\"vcex-icon-box-heading\" style=\"font-weight:400;color:#3d6abd;\">ADELTE GROUP T\u00e9l\u00e9chargements de certificats<\/h2><div class=\"vcex-icon-box-content clr\"><p>De la m\u00eame mani\u00e8re le Groupe ADELTE s\u2019engage au programme de progr\u00e8s continu de nos r\u00e9sultats, en pro des objectifs de HSE. Par cons\u00e9quence cette politique est v\u00e9rifi\u00e9e r\u00e9guli\u00e8rement pour garantir qu\u2019elle r\u00e9pond \u00e0 la nature des risques de HSE et des impacts r\u00e9sultants de nos op\u00e9rations.<\/p>\n<p>&nbsp;<\/p>\n<\/div><\/div><div class=\"vcex-spacing\" style=\"height:30px\"><\/div>[vc_row_inner][vc_column_inner width=\u00a0\u00bb1\/2&Prime;]<div class=\"vcex-icon-box-css-wrap vc_custom_1746455138531\"><a href=\"https:\/\/adelte.com\/downloads\/ISO_9001.pdf\" class=\"vcex-module vcex-icon-box clr vcex-icon-box-one vcex-icon-box-link-wrap certificate-downloads\" target=\"_blank\" rel=\"nofollow\"><img loading=\"lazy\" decoding=\"async\" class=\"vcex-icon-box-image\" src=\"https:\/\/www.adelte.com\/wp-content\/uploads\/2018\/08\/download.jpg\" data-no-retina width=\"243\" height=\"243\" \/><div class=\"vcex-icon-box-content clr\"><p><strong><br \/>\nISO 9001<\/strong><br \/>\n<strong>Quality Management<\/strong><\/p>\n<div class=\"theme-button boton-transparente azul\">T\u00c9L\u00c9CHARGER<\/div>\n<p>&nbsp;<\/p>\n<p>&nbsp;<\/p>\n<\/div><\/a><\/div>[\/vc_column_inner][vc_column_inner width=\u00a0\u00bb1\/2&Prime;]<div class=\"vcex-icon-box-css-wrap vc_custom_1746455130679\"><a href=\"https:\/\/adelte.com\/downloads\/ISO_14001.pdf\" class=\"vcex-module vcex-icon-box clr vcex-icon-box-one vcex-icon-box-link-wrap certificate-downloads\" target=\"_blank\" rel=\"nofollow\"><img loading=\"lazy\" decoding=\"async\" class=\"vcex-icon-box-image\" src=\"https:\/\/www.adelte.com\/wp-content\/uploads\/2018\/08\/enviro.jpg\" data-no-retina width=\"243\" height=\"243\" \/><div class=\"vcex-icon-box-content clr\"><p><strong><br \/>\nISO 14001<br \/>\nEnvironmental Management<\/strong><\/p>\n<div class=\"theme-button boton-transparente azul\">T\u00c9L\u00c9CHARGER<\/div>\n<\/div><\/a><\/div>[\/vc_column_inner][\/vc_row_inner]<div class=\"vcex-spacing hidden-phone\" style=\"height:30px\"><\/div>[vc_row_inner][vc_column_inner width=\u00a0\u00bb1\/2&Prime;]<div class=\"vcex-icon-box-css-wrap vc_custom_1746455144467\"><a href=\"https:\/\/adelte.com\/downloads\/ISO_45001.pdf\" class=\"vcex-module vcex-icon-box clr vcex-icon-box-one vcex-icon-box-link-wrap certificate-downloads\" target=\"_blank\" rel=\"nofollow\"><img loading=\"lazy\" decoding=\"async\" class=\"vcex-icon-box-image\" src=\"https:\/\/www.adelte.com\/wp-content\/uploads\/2018\/08\/certi_iso.jpg\" data-no-retina width=\"243\" height=\"243\" \/><div class=\"vcex-icon-box-content clr\"><p><strong><br \/>\nISO 45001<br \/>\nHealth &amp; Safety Management<\/strong><\/p>\n<div class=\"theme-button boton-transparente azul\">T\u00c9L\u00c9CHARGER<\/div>\n<\/div><\/a><\/div>[\/vc_column_inner][vc_column_inner width=\u00a0\u00bb1\/2&Prime;]<div class=\"vcex-icon-box-css-wrap vc_custom_1746455178866\"><a href=\"https:\/\/adelte.com\/downloads\/PECAL_TRABOSA.pdf\" class=\"vcex-module vcex-icon-box clr vcex-icon-box-one vcex-icon-box-link-wrap certificate-downloads\" target=\"_blank\" rel=\"nofollow\"><img loading=\"lazy\" decoding=\"async\" class=\"vcex-icon-box-image\" src=\"https:\/\/www.adelte.com\/wp-content\/uploads\/2018\/08\/certi_iso.jpg\" data-no-retina width=\"243\" height=\"243\" \/><div class=\"vcex-icon-box-content clr\"><p><strong><br \/>\nPECAL\/AQAP &#8211; 2110<\/strong><\/p>\n<div class=\"theme-button boton-transparente azul\">T\u00c9L\u00c9CHARGER<\/div>\n<\/div><\/a><\/div>[\/vc_column_inner][\/vc_row_inner][\/vc_column][vc_column width=\u00a0\u00bb1\/6&Prime;][\/vc_column][\/vc_row][vc_row][vc_column width=\u00a0\u00bb1\/6&Prime;][\/vc_column][vc_column width=\u00a0\u00bb2\/3&Prime;][\/vc_column][vc_column width=\u00a0\u00bb1\/6&Prime;][\/vc_column][\/vc_row][\/vc_section]\n","protected":false},"excerpt":{"rendered":"<p>[vc_section el_id=\u00a0\u00bbintro-section\u00a0\u00bb wpex_bg_position=\u00a0\u00bbcenter center\u00a0\u00bb][vc_row][vc_column width=\u00a0\u00bb1\/6&Prime;][\/vc_column][vc_column width=\u00a0\u00bb2\/3&Prime;][\/vc_column][vc_column width=\u00a0\u00bb1\/6&Prime;][\/vc_column][\/vc_row][\/vc_section][vc_section el_id=\u00a0\u00bbprinciples\u00a0\u00bb][vc_row][vc_column width=\u00a0\u00bb1\/6&Prime;][\/vc_column][vc_column width=\u00a0\u00bb8\/12&Prime;][vc_column_text text_align=\u00a0\u00bbcenter\u00a0\u00bb font_weight=\u00a0\u00bb600&Prime; css=\u00a0\u00bb.vc_custom_1566315597507{margin-bottom: 20px !important;}\u00a0\u00bb]D\u00e9claration de principes d&rsquo;ADELTE GROUP[\/vc_column_text][\/vc_column][vc_column width=\u00a0\u00bb1\/6&Prime;][\/vc_column][\/vc_row][\/vc_section][vc_section full_width=\u00a0\u00bbstretch_row\u00a0\u00bb el_class=\u00a0\u00bbsec-80&Prime; css=\u00a0\u00bb.vc_custom_1526028321396{background-color: #f7f7f7 !important;}\u00a0\u00bb][vc_row][vc_column width=\u00a0\u00bb1\/6&Prime;][\/vc_column][vc_column width=\u00a0\u00bb2\/3&Prime;][vc_row_inner][vc_column_inner width=\u00a0\u00bb1\/2&Prime;][\/vc_column_inner][vc_column_inner width=\u00a0\u00bb1\/2&Prime;][\/vc_column_inner][\/vc_row_inner][vc_row_inner][vc_column_inner width=\u00a0\u00bb1\/2&Prime;][\/vc_column_inner][vc_column_inner width=\u00a0\u00bb1\/2&Prime;][\/vc_column_inner][\/vc_row_inner][\/vc_column][vc_column width=\u00a0\u00bb1\/6&Prime;][\/vc_column][\/vc_row][vc_row][vc_column width=\u00a0\u00bb1\/6&Prime;][\/vc_column][vc_column width=\u00a0\u00bb2\/3&Prime;][\/vc_column][vc_column width=\u00a0\u00bb1\/6&Prime;][\/vc_column][\/vc_row][\/vc_section]<\/p>\n","protected":false},"author":3,"featured_media":0,"parent":12304,"menu_order":0,"comment_status":"closed","ping_status":"closed","template":"","meta":{"_acf_changed":false,"footnotes":""},"class_list":["post-12437","page","type-page","status-publish","hentry","entry","no-media"],"acf":[],"yoast_head":"<!-- This site is optimized with the Yoast SEO plugin v27.3 - https:\/\/yoast.com\/product\/yoast-seo-wordpress\/ -->\n<title>QHSE ADELTE Politique de Qualit\u00e9, Sant\u00e9, S\u00e9curit\u00e9 et de l\u2019Environnement<\/title>\n<meta name=\"description\" content=\"Le Groupe ADELTE a toujours pr\u00e9sent le soin de l\u2019environnement, mais aussi la sant\u00e9 et la s\u00e9curit\u00e9 de ses employ\u00e9s, produits, clients, op\u00e9rateurs et actionnistes, sans pour autant sacrifier le niveau de qualit\u00e9 de nos produits et services.\" \/>\n<meta name=\"robots\" content=\"index, follow, max-snippet:-1, max-image-preview:large, max-video-preview:-1\" \/>\n<link rel=\"canonical\" href=\"https:\/\/www.adelte.com\/fr\/a-propos-adelte\/qhse-adelte-politique-qualite-sante-securite-environnement\/\" \/>\n<meta property=\"og:locale\" content=\"fr_FR\" \/>\n<meta property=\"og:type\" content=\"article\" \/>\n<meta property=\"og:title\" content=\"QHSE ADELTE Politique de Qualit\u00e9, Sant\u00e9, S\u00e9curit\u00e9 et de l\u2019Environnement\" \/>\n<meta property=\"og:description\" content=\"Le Groupe ADELTE a toujours pr\u00e9sent le soin de l\u2019environnement, mais aussi la sant\u00e9 et la s\u00e9curit\u00e9 de ses employ\u00e9s, produits, clients, op\u00e9rateurs et actionnistes, sans pour autant sacrifier le niveau de qualit\u00e9 de nos produits et services.\" \/>\n<meta property=\"og:url\" content=\"https:\/\/www.adelte.com\/fr\/a-propos-adelte\/qhse-adelte-politique-qualite-sante-securite-environnement\/\" \/>\n<meta property=\"og:site_name\" content=\"ADELTE\" \/>\n<meta property=\"article:modified_time\" content=\"2025-05-05T14:26:37+00:00\" \/>\n<meta name=\"twitter:card\" content=\"summary_large_image\" \/>\n<meta name=\"twitter:label1\" content=\"Dur\u00e9e de lecture estim\u00e9e\" \/>\n\t<meta name=\"twitter:data1\" content=\"3 minutes\" \/>\n<script type=\"application\/ld+json\" class=\"yoast-schema-graph\">{\"@context\":\"https:\\\/\\\/schema.org\",\"@graph\":[{\"@type\":\"WebPage\",\"@id\":\"https:\\\/\\\/www.adelte.com\\\/fr\\\/a-propos-adelte\\\/qhse-adelte-politique-qualite-sante-securite-environnement\\\/\",\"url\":\"https:\\\/\\\/www.adelte.com\\\/fr\\\/a-propos-adelte\\\/qhse-adelte-politique-qualite-sante-securite-environnement\\\/\",\"name\":\"QHSE ADELTE Politique de Qualit\u00e9, Sant\u00e9, S\u00e9curit\u00e9 et de l\u2019Environnement\",\"isPartOf\":{\"@id\":\"https:\\\/\\\/www.adelte.com\\\/#website\"},\"datePublished\":\"2019-08-20T15:37:42+00:00\",\"dateModified\":\"2025-05-05T14:26:37+00:00\",\"description\":\"Le Groupe ADELTE a toujours pr\u00e9sent le soin de l\u2019environnement, mais aussi la sant\u00e9 et la s\u00e9curit\u00e9 de ses employ\u00e9s, produits, clients, op\u00e9rateurs et actionnistes, sans pour autant sacrifier le niveau de qualit\u00e9 de nos produits et services.\",\"breadcrumb\":{\"@id\":\"https:\\\/\\\/www.adelte.com\\\/fr\\\/a-propos-adelte\\\/qhse-adelte-politique-qualite-sante-securite-environnement\\\/#breadcrumb\"},\"inLanguage\":\"fr-FR\",\"potentialAction\":[{\"@type\":\"ReadAction\",\"target\":[\"https:\\\/\\\/www.adelte.com\\\/fr\\\/a-propos-adelte\\\/qhse-adelte-politique-qualite-sante-securite-environnement\\\/\"]}]},{\"@type\":\"BreadcrumbList\",\"@id\":\"https:\\\/\\\/www.adelte.com\\\/fr\\\/a-propos-adelte\\\/qhse-adelte-politique-qualite-sante-securite-environnement\\\/#breadcrumb\",\"itemListElement\":[{\"@type\":\"ListItem\",\"position\":1,\"name\":\"Home\",\"item\":\"https:\\\/\\\/www.adelte.com\\\/fr\\\/\"},{\"@type\":\"ListItem\",\"position\":2,\"name\":\"\u00c0 propos d&rsquo;ADELTE\",\"item\":\"https:\\\/\\\/www.adelte.com\\\/fr\\\/a-propos-adelte\\\/\"},{\"@type\":\"ListItem\",\"position\":3,\"name\":\"QHSE ADELTE Politique de Qualit\u00e9, Sant\u00e9, S\u00e9curit\u00e9 et de l\u2019Environnement\"}]},{\"@type\":\"WebSite\",\"@id\":\"https:\\\/\\\/www.adelte.com\\\/#website\",\"url\":\"https:\\\/\\\/www.adelte.com\\\/\",\"name\":\"ADELTE\",\"description\":\"\",\"publisher\":{\"@id\":\"https:\\\/\\\/www.adelte.com\\\/#organization\"},\"potentialAction\":[{\"@type\":\"SearchAction\",\"target\":{\"@type\":\"EntryPoint\",\"urlTemplate\":\"https:\\\/\\\/www.adelte.com\\\/?s={search_term_string}\"},\"query-input\":{\"@type\":\"PropertyValueSpecification\",\"valueRequired\":true,\"valueName\":\"search_term_string\"}}],\"inLanguage\":\"fr-FR\"},{\"@type\":\"Organization\",\"@id\":\"https:\\\/\\\/www.adelte.com\\\/#organization\",\"name\":\"ADELTE\",\"url\":\"https:\\\/\\\/www.adelte.com\\\/\",\"logo\":{\"@type\":\"ImageObject\",\"inLanguage\":\"fr-FR\",\"@id\":\"https:\\\/\\\/www.adelte.com\\\/#\\\/schema\\\/logo\\\/image\\\/\",\"url\":\"https:\\\/\\\/www.adelte.com\\\/wp-content\\\/uploads\\\/2019\\\/05\\\/logo-adelte-white.png\",\"contentUrl\":\"https:\\\/\\\/www.adelte.com\\\/wp-content\\\/uploads\\\/2019\\\/05\\\/logo-adelte-white.png\",\"width\":251,\"height\":56,\"caption\":\"ADELTE\"},\"image\":{\"@id\":\"https:\\\/\\\/www.adelte.com\\\/#\\\/schema\\\/logo\\\/image\\\/\"}}]}<\/script>\n<!-- \/ Yoast SEO plugin. -->","yoast_head_json":{"title":"QHSE ADELTE Politique de Qualit\u00e9, Sant\u00e9, S\u00e9curit\u00e9 et de l\u2019Environnement","description":"Le Groupe ADELTE a toujours pr\u00e9sent le soin de l\u2019environnement, mais aussi la sant\u00e9 et la s\u00e9curit\u00e9 de ses employ\u00e9s, produits, clients, op\u00e9rateurs et actionnistes, sans pour autant sacrifier le niveau de qualit\u00e9 de nos produits et services.","robots":{"index":"index","follow":"follow","max-snippet":"max-snippet:-1","max-image-preview":"max-image-preview:large","max-video-preview":"max-video-preview:-1"},"canonical":"https:\/\/www.adelte.com\/fr\/a-propos-adelte\/qhse-adelte-politique-qualite-sante-securite-environnement\/","og_locale":"fr_FR","og_type":"article","og_title":"QHSE ADELTE Politique de Qualit\u00e9, Sant\u00e9, S\u00e9curit\u00e9 et de l\u2019Environnement","og_description":"Le Groupe ADELTE a toujours pr\u00e9sent le soin de l\u2019environnement, mais aussi la sant\u00e9 et la s\u00e9curit\u00e9 de ses employ\u00e9s, produits, clients, op\u00e9rateurs et actionnistes, sans pour autant sacrifier le niveau de qualit\u00e9 de nos produits et services.","og_url":"https:\/\/www.adelte.com\/fr\/a-propos-adelte\/qhse-adelte-politique-qualite-sante-securite-environnement\/","og_site_name":"ADELTE","article_modified_time":"2025-05-05T14:26:37+00:00","twitter_card":"summary_large_image","twitter_misc":{"Dur\u00e9e de lecture estim\u00e9e":"3 minutes"},"schema":{"@context":"https:\/\/schema.org","@graph":[{"@type":"WebPage","@id":"https:\/\/www.adelte.com\/fr\/a-propos-adelte\/qhse-adelte-politique-qualite-sante-securite-environnement\/","url":"https:\/\/www.adelte.com\/fr\/a-propos-adelte\/qhse-adelte-politique-qualite-sante-securite-environnement\/","name":"QHSE ADELTE Politique de Qualit\u00e9, Sant\u00e9, S\u00e9curit\u00e9 et de l\u2019Environnement","isPartOf":{"@id":"https:\/\/www.adelte.com\/#website"},"datePublished":"2019-08-20T15:37:42+00:00","dateModified":"2025-05-05T14:26:37+00:00","description":"Le Groupe ADELTE a toujours pr\u00e9sent le soin de l\u2019environnement, mais aussi la sant\u00e9 et la s\u00e9curit\u00e9 de ses employ\u00e9s, produits, clients, op\u00e9rateurs et actionnistes, sans pour autant sacrifier le niveau de qualit\u00e9 de nos produits et services.","breadcrumb":{"@id":"https:\/\/www.adelte.com\/fr\/a-propos-adelte\/qhse-adelte-politique-qualite-sante-securite-environnement\/#breadcrumb"},"inLanguage":"fr-FR","potentialAction":[{"@type":"ReadAction","target":["https:\/\/www.adelte.com\/fr\/a-propos-adelte\/qhse-adelte-politique-qualite-sante-securite-environnement\/"]}]},{"@type":"BreadcrumbList","@id":"https:\/\/www.adelte.com\/fr\/a-propos-adelte\/qhse-adelte-politique-qualite-sante-securite-environnement\/#breadcrumb","itemListElement":[{"@type":"ListItem","position":1,"name":"Home","item":"https:\/\/www.adelte.com\/fr\/"},{"@type":"ListItem","position":2,"name":"\u00c0 propos d&rsquo;ADELTE","item":"https:\/\/www.adelte.com\/fr\/a-propos-adelte\/"},{"@type":"ListItem","position":3,"name":"QHSE ADELTE Politique de Qualit\u00e9, Sant\u00e9, S\u00e9curit\u00e9 et de l\u2019Environnement"}]},{"@type":"WebSite","@id":"https:\/\/www.adelte.com\/#website","url":"https:\/\/www.adelte.com\/","name":"ADELTE","description":"","publisher":{"@id":"https:\/\/www.adelte.com\/#organization"},"potentialAction":[{"@type":"SearchAction","target":{"@type":"EntryPoint","urlTemplate":"https:\/\/www.adelte.com\/?s={search_term_string}"},"query-input":{"@type":"PropertyValueSpecification","valueRequired":true,"valueName":"search_term_string"}}],"inLanguage":"fr-FR"},{"@type":"Organization","@id":"https:\/\/www.adelte.com\/#organization","name":"ADELTE","url":"https:\/\/www.adelte.com\/","logo":{"@type":"ImageObject","inLanguage":"fr-FR","@id":"https:\/\/www.adelte.com\/#\/schema\/logo\/image\/","url":"https:\/\/www.adelte.com\/wp-content\/uploads\/2019\/05\/logo-adelte-white.png","contentUrl":"https:\/\/www.adelte.com\/wp-content\/uploads\/2019\/05\/logo-adelte-white.png","width":251,"height":56,"caption":"ADELTE"},"image":{"@id":"https:\/\/www.adelte.com\/#\/schema\/logo\/image\/"}}]}},"_links":{"self":[{"href":"https:\/\/www.adelte.com\/fr\/wp-json\/wp\/v2\/pages\/12437","targetHints":{"allow":["GET"]}}],"collection":[{"href":"https:\/\/www.adelte.com\/fr\/wp-json\/wp\/v2\/pages"}],"about":[{"href":"https:\/\/www.adelte.com\/fr\/wp-json\/wp\/v2\/types\/page"}],"author":[{"embeddable":true,"href":"https:\/\/www.adelte.com\/fr\/wp-json\/wp\/v2\/users\/3"}],"replies":[{"embeddable":true,"href":"https:\/\/www.adelte.com\/fr\/wp-json\/wp\/v2\/comments?post=12437"}],"version-history":[{"count":9,"href":"https:\/\/www.adelte.com\/fr\/wp-json\/wp\/v2\/pages\/12437\/revisions"}],"predecessor-version":[{"id":18793,"href":"https:\/\/www.adelte.com\/fr\/wp-json\/wp\/v2\/pages\/12437\/revisions\/18793"}],"up":[{"embeddable":true,"href":"https:\/\/www.adelte.com\/fr\/wp-json\/wp\/v2\/pages\/12304"}],"wp:attachment":[{"href":"https:\/\/www.adelte.com\/fr\/wp-json\/wp\/v2\/media?parent=12437"}],"curies":[{"name":"wp","href":"https:\/\/api.w.org\/{rel}","templated":true}]}}