{"id":12304,"date":"2019-08-20T14:59:51","date_gmt":"2019-08-20T13:59:51","guid":{"rendered":"https:\/\/www.adelte.com\/a-propos-dadelte\/"},"modified":"2021-06-16T07:23:32","modified_gmt":"2021-06-16T06:23:32","slug":"a-propos-adelte","status":"publish","type":"page","link":"https:\/\/www.adelte.com\/fr\/a-propos-adelte\/","title":{"rendered":"\u00c0 propos d&rsquo;ADELTE"},"content":{"rendered":"[vc_section el_id=\u00a0\u00bbintro-section\u00a0\u00bb wpex_bg_position=\u00a0\u00bbcenter center\u00a0\u00bb][vc_row][vc_column width=\u00a0\u00bb1\/6&Prime;][\/vc_column][vc_column width=\u00a0\u00bb2\/3&Prime;]<div class=\"vcex-module vcex-icon-box clr vcex-icon-box-two vcex-icon-box-wo-icon textcenter\"><h2 class=\"vcex-icon-box-heading\" style=\"font-weight:400;color:#3d6abd;\">Six d\u00e9cennies d\u2019ing\u00e9nierie innovatrice<\/h2><div class=\"vcex-icon-box-content clr\"><p>ADELTE Groupe est une entreprise d\u2019ing\u00e9nierie avec plus de <strong>six d\u00e9cennies d&rsquo;exp\u00e9rience dans le design, la fabrication, l\u2019approvisionnement et la maintenance des solutions innovatrices<\/strong> et services orient\u00e9s vers des r\u00e9sultats qui vont am\u00e9liorer les op\u00e9rations a\u00e9roportuaires et portuaires du monde entier.<\/p>\n<p>Le ADELTE Groupe, dont le si\u00e8ge social se trouve \u00e0 <strong>Barcelone<\/strong>, poss\u00e8de \u00e9galement des filiales et des services de sous-traitance industrielle en <strong>Europe, en Am\u00e9rique et en Asie.<\/strong><\/p>\n<p>La force d&rsquo;ADELTE r\u00e9side dans sa capacit\u00e9 \u00e0 g\u00e9rer des projets cl\u00e9 en main, et \u00e0 s\u2019adapter aux exigences sp\u00e9cifiques des clients dans les march\u00e9s <strong>a\u00e9roportuaires et portuaires<\/strong>, garantissant une qualit\u00e9 maximale, livraison ponctuelle et la satisfaction des clients.<\/p>\n<\/div><\/div>[\/vc_column][vc_column width=\u00a0\u00bb1\/6&Prime;][\/vc_column][\/vc_row][\/vc_section][vc_section full_width=\u00a0\u00bbstretch_row\u00a0\u00bb css=\u00a0\u00bb.vc_custom_1523451944040{background-position: center !important;background-repeat: no-repeat !important;background-size: cover !important;}\u00a0\u00bb el_id=\u00a0\u00bbtechnology\u00a0\u00bb][vc_row full_width=\u00a0\u00bbstretch_row\u00a0\u00bb typography_style=\u00a0\u00bbwhite\u00a0\u00bb][vc_column][vc_row_inner gap=\u00a0\u00bb35&Prime;][vc_column_inner width=\u00a0\u00bb1\/4&Prime;]<div class=\"vcex-module vcex-icon-box clr vcex-icon-box-two\"><img class=\"vcex-icon-box-image\" style=\"width:90px;\" alt=\"+500 Employ\u00e9s\" src=\"https:\/\/www.adelte.com\/wp-content\/uploads\/2018\/06\/equipo-circulos.png\" data-no-retina width=\"200\" height=\"200\" \/><div class=\"vcex-icon-box-heading\" style=\"font-weight:500;font-size:1.277em;\">+500 employ\u00e9s<\/div><div class=\"vcex-icon-box-content clr\"><p>Design, fabrication et maintenance de PBBs pour des a\u00e9roports et ports du monde entier<\/p>\n<\/div><\/div>[\/vc_column_inner][vc_column_inner width=\u00a0\u00bb1\/4&Prime;]<div class=\"vcex-module vcex-icon-box clr vcex-icon-box-two\"><img class=\"vcex-icon-box-image\" style=\"width:90px;\" alt=\"Projets Cl\u00e9 En Main\" src=\"https:\/\/www.adelte.com\/wp-content\/uploads\/2018\/06\/llave.png\" data-no-retina width=\"200\" height=\"200\" \/><div class=\"vcex-icon-box-heading\" style=\"font-weight:500;font-size:1.277em;\">Projets cl\u00e9 en main<\/div><div class=\"vcex-icon-box-content clr\"><p>\u00c0 l\u2019avant-garde de l\u2019innovation et des services de produits a\u00e9roportuaires et portuaires<\/p>\n<\/div><\/div>[\/vc_column_inner][vc_column_inner width=\u00a0\u00bb1\/4&Prime;]<div class=\"vcex-module vcex-icon-box clr vcex-icon-box-two\"><img class=\"vcex-icon-box-image\" style=\"width:90px;\" alt=\"Service 360\u00ba\" src=\"https:\/\/www.adelte.com\/wp-content\/uploads\/2018\/06\/flecha-circulo-1.png\" data-no-retina width=\"200\" height=\"200\" \/><div class=\"vcex-icon-box-heading\" style=\"font-weight:500;font-size:1.277em;\">Service 360\u00ba<\/div><div class=\"vcex-icon-box-content clr\"><p>ADELTE maitrise tous les aspects gr\u00e2ce \u00e0 sa gamme compl\u00e8te des solutions d\u2019ing\u00e9nierie<\/p>\n<\/div><\/div>[\/vc_column_inner][vc_column_inner width=\u00a0\u00bb1\/4&Prime;]<div class=\"vcex-module vcex-icon-box clr vcex-icon-box-two\"><img class=\"vcex-icon-box-image\" style=\"width:90px;\" alt=\"+150 Pays\" src=\"https:\/\/www.adelte.com\/wp-content\/uploads\/2018\/06\/mundo-global.png\" data-no-retina width=\"200\" height=\"200\" \/><div class=\"vcex-icon-box-heading\" style=\"font-weight:500;font-size:1.277em;\">+150 pays<\/div><div class=\"vcex-icon-box-content clr\"><p>Plus de cinq d\u00e9cennies d\u2019exp\u00e9rience \u00e0 installer des passerelles d\u2019embarquement pour passagers dans le monde entier<\/p>\n<\/div><\/div>[\/vc_column_inner][\/vc_row_inner][\/vc_column][\/vc_row][\/vc_section][vc_section el_id=\u00a0\u00bbproyectos-destacados\u00a0\u00bb][vc_row][vc_column]<h4 class=\"vcex-module vcex-heading vcex-heading-plain\" style=\"color:#3d6abd;font-size:20px;font-weight:500;\"><span class=\"vcex-heading-inner clr\">\u00c0 propos d'ADELTE GROUP<\/span><\/h4><div class=\"vcex-spacing hidden-phone\" style=\"height:30px\"><\/div>[\/vc_column][\/vc_row][vc_row gap=\u00a0\u00bb35&Prime;][vc_column width=\u00a0\u00bb1\/3&Prime;]<a href=\"https:\/\/www.adelte.com\/fr\/a-propos-adelte\/notre-histoire\/\" class=\"vcex-module vcex-icon-box clr vcex-icon-box-two vcex-icon-box-link-wrap textleft\"><img class=\"vcex-icon-box-image\" alt=\"Notre Histoire\" src=\"https:\/\/www.adelte.com\/wp-content\/uploads\/2018\/04\/Our-History.jpg\" data-no-retina width=\"479\" height=\"277\" \/><div class=\"vcex-icon-box-heading\" style=\"font-weight:700;color:#3d6abd;font-size:20px;\">Notre histoire<\/div><div class=\"vcex-icon-box-content clr\"><p>ADELTE est une organisation d\u2019ing\u00e9nierie avec six d\u00e9cennies de connaissance et exp\u00e9rience dans le design, la fabrication et l\u2019approvisionnement des solutions innovatrices et services globaux.<\/p>\n<\/div><\/a>[\/vc_column][vc_column width=\u00a0\u00bb1\/3&Prime;]<a href=\"https:\/\/www.adelte.com\/fr\/a-propos-adelte\/emploi\/\" class=\"vcex-module vcex-icon-box clr vcex-icon-box-two vcex-icon-box-link-wrap textleft\"><img class=\"vcex-icon-box-image\" alt=\"Emploi\" src=\"https:\/\/www.adelte.com\/wp-content\/uploads\/2018\/04\/Careers.jpg\" data-no-retina width=\"479\" height=\"277\" \/><div class=\"vcex-icon-box-heading\" style=\"font-weight:700;color:#3d6abd;font-size:20px;\">Emploi<\/div><div class=\"vcex-icon-box-content clr\"><p>Nous sommes constamment \u00e0 la recherche de personnes talentueuse pour nous aider \u00e0 cr\u00e9er des solutions et offrir nos services d\u2019ing\u00e9nierie les plus avanc\u00e9s et innovateurs aux secteurs du transport a\u00e9rien et maritime.<\/p>\n<\/div><\/a>[\/vc_column][vc_column width=\u00a0\u00bb1\/3&Prime;]<a href=\"https:\/\/www.adelte.com\/fr\/a-propos-adelte\/innovation-et-ingenierie\/\" class=\"vcex-module vcex-icon-box clr vcex-icon-box-two vcex-icon-box-link-wrap textleft\"><img class=\"vcex-icon-box-image\" alt=\"Innovation Et Ing\u00e9nierie\" src=\"https:\/\/www.adelte.com\/wp-content\/uploads\/2018\/09\/innovation_adelte_page.jpg\" data-no-retina width=\"479\" height=\"277\" \/><div class=\"vcex-icon-box-heading\" style=\"font-weight:700;color:#3d6abd;font-size:20px;\">Innovation et ing\u00e9nierie<\/div><div class=\"vcex-icon-box-content clr\"><p>Nous pensons que l\u2019engagement permanent en R+D+I est indispensable pour offrir les meilleures solutions possibles et donner un meilleur service \u00e0 tous nos clients du monde entier.<\/p>\n<\/div><\/a>[\/vc_column][\/vc_row][vc_row][vc_column]<div class=\"vcex-spacing hidden-phone\" style=\"height:30px\"><\/div>[\/vc_column][\/vc_row][vc_row gap=\u00a0\u00bb35&Prime;][vc_column width=\u00a0\u00bb1\/3&Prime;]<a href=\"https:\/\/www.adelte.com\/fr\/a-propos-adelte\/qhse-adelte-politique-qualite-sante-securite-environnement\/\" class=\"vcex-module vcex-icon-box clr vcex-icon-box-two vcex-icon-box-link-wrap textleft\"><img class=\"vcex-icon-box-image\" alt=\"Politique De Qualit\u00e9, Sant\u00e9, S\u00e9curit\u00e9 Et D\u2019Environnement\" src=\"https:\/\/www.adelte.com\/wp-content\/uploads\/2018\/04\/Health-Safety-Environment.jpg\" data-no-retina width=\"479\" height=\"277\" \/><div class=\"vcex-icon-box-heading\" style=\"font-weight:700;color:#3d6abd;font-size:20px;\">Politique de Qualit\u00e9, Sant\u00e9, S\u00e9curit\u00e9 et d\u2019Environnement<\/div><div class=\"vcex-icon-box-content clr\"><p>Le Groupe ADELTE a toujours gard\u00e9 pr\u00e9sent le soin de l\u2019environnement, ainsi que la sant\u00e9 et s\u00e9curit\u00e9 de ses employ\u00e9s, produits, clients, op\u00e9rateurs et actionnaire, sans sacrifier les niveaux de qualit\u00e9 \u00e9lev\u00e9s de nos produits et services.<\/p>\n<\/div><\/a>[\/vc_column][vc_column width=\u00a0\u00bb1\/3&Prime;]<a href=\"https:\/\/www.adelte.com\/fr\/a-propos-adelte\/nouvelles-et-evenements\/\" class=\"vcex-module vcex-icon-box clr vcex-icon-box-two vcex-icon-box-link-wrap textleft\"><img class=\"vcex-icon-box-image\" alt=\"Actualit\u00e9 Et \u00e9v\u00e9nements\" src=\"https:\/\/www.adelte.com\/wp-content\/uploads\/2018\/04\/News-Events.jpg\" data-no-retina width=\"479\" height=\"277\" \/><div class=\"vcex-icon-box-heading\" style=\"font-weight:700;color:#3d6abd;font-size:20px;\">Actualit\u00e9 et \u00e9v\u00e9nements<\/div><div class=\"vcex-icon-box-content clr\"><p>Lisez nos communiqu\u00e9s de presse et publications et d\u00e9couvrez quand et o\u00f9 vous pouvez nous visiter dans les \u00e9v\u00e9nements futurs<\/p>\n<\/div><\/a>[\/vc_column][vc_column width=\u00a0\u00bb1\/3&Prime;][\/vc_column][\/vc_row][\/vc_section][vc_section full_width=\u00a0\u00bbstretch_row\u00a0\u00bb el_id=\u00a0\u00bbcomponentes\u00a0\u00bb css=\u00a0\u00bb.vc_custom_1556794812957{background-color: #ffffff !important;}\u00a0\u00bb][vc_row css=\u00a0\u00bb.vc_custom_1556794807342{background-color: #ffffff !important;}\u00a0\u00bb][vc_column]<div class=\"vcex-module vcex-icon-box clr vcex-icon-box-two vcex-icon-box-wo-icon textcenter  vc_custom_1535724417539\"><h2 class=\"vcex-icon-box-heading\" style=\"font-weight:500;color:#3d6abd;\">Membre associ\u00e9<\/h2><div class=\"vcex-icon-box-content clr\"><p>En partenariat avec les organisations leader dans l\u2019industrie a\u00e9roportuaire et portuaire<\/p>\n<\/div><\/div><div class=\"vcex-module wpex-carousel wpex-carousel-images clr owl-carousel\" data-items=\"5\" data-slideby=\"1\" data-nav=\"false\" data-dots=\"false\" data-autoplay=\"true\" data-loop=\"true\" data-autoplay-timeout=\"5000\" data-center=\"true\" data-margin=\"15\" data-items-tablet=\"2\" data-items-mobile-landscape=\"2\" data-items-mobile-portrait=\"2\" data-smart-speed=\"150\" data-auto-height=\"false\" data-auto-width=\"false\"><div class=\"wpex-carousel-slide\"><figure class=\"wpex-carousel-entry-media clr\"><img width=\"241\" height=\"91\" src=\"https:\/\/www.adelte.com\/wp-content\/uploads\/2018\/04\/world-business-partner.png\" class=\"skip-lazy\" alt=\"\" loading=\"lazy\" data-no-lazy=\"1\" \/><\/figure><\/div><div class=\"wpex-carousel-slide\"><figure class=\"wpex-carousel-entry-media clr\"><img width=\"241\" height=\"91\" src=\"https:\/\/www.adelte.com\/wp-content\/uploads\/2018\/04\/aapa.png\" class=\"skip-lazy\" alt=\"\" loading=\"lazy\" data-no-lazy=\"1\" \/><\/figure><\/div><div class=\"wpex-carousel-slide\"><figure class=\"wpex-carousel-entry-media clr\"><img width=\"241\" height=\"91\" src=\"https:\/\/www.adelte.com\/wp-content\/uploads\/2018\/04\/bpo.png\" class=\"skip-lazy\" alt=\"\" loading=\"lazy\" data-no-lazy=\"1\" \/><\/figure><\/div><div class=\"wpex-carousel-slide\"><figure class=\"wpex-carousel-entry-media clr\"><img width=\"241\" height=\"91\" src=\"https:\/\/www.adelte.com\/wp-content\/uploads\/2018\/04\/inter-ferry.png\" class=\"skip-lazy\" alt=\"\" loading=\"lazy\" data-no-lazy=\"1\" \/><\/figure><\/div><div class=\"wpex-carousel-slide\"><figure class=\"wpex-carousel-entry-media clr\"><img width=\"241\" height=\"91\" src=\"https:\/\/www.adelte.com\/wp-content\/uploads\/2018\/04\/association-of-pacific-ports.png\" class=\"skip-lazy\" alt=\"\" loading=\"lazy\" data-no-lazy=\"1\" \/><\/figure><\/div><div class=\"wpex-carousel-slide\"><figure class=\"wpex-carousel-entry-media clr\"><img width=\"163\" height=\"91\" src=\"https:\/\/www.adelte.com\/wp-content\/uploads\/2019\/05\/clia_.jpg\" class=\"skip-lazy\" alt=\"\" loading=\"lazy\" data-no-lazy=\"1\" \/><\/figure><\/div><div class=\"wpex-carousel-slide\"><figure class=\"wpex-carousel-entry-media clr\"><img width=\"215\" height=\"91\" src=\"https:\/\/www.adelte.com\/wp-content\/uploads\/2019\/05\/rete.jpg\" class=\"skip-lazy\" alt=\"\" loading=\"lazy\" data-no-lazy=\"1\" \/><\/figure><\/div><div class=\"wpex-carousel-slide\"><figure class=\"wpex-carousel-entry-media clr\"><img width=\"215\" height=\"91\" src=\"https:\/\/www.adelte.com\/wp-content\/uploads\/2019\/05\/cruise_europe.jpg\" class=\"skip-lazy\" alt=\"\" loading=\"lazy\" data-no-lazy=\"1\" \/><\/figure><\/div><\/div>[\/vc_column][\/vc_row][\/vc_section]\n","protected":false},"excerpt":{"rendered":"<p>[vc_section el_id=\u00a0\u00bbintro-section\u00a0\u00bb wpex_bg_position=\u00a0\u00bbcenter center\u00a0\u00bb][vc_row][vc_column width=\u00a0\u00bb1\/6&Prime;][\/vc_column][vc_column width=\u00a0\u00bb2\/3&Prime;][\/vc_column][vc_column width=\u00a0\u00bb1\/6&Prime;][\/vc_column][\/vc_row][\/vc_section][vc_section full_width=\u00a0\u00bbstretch_row\u00a0\u00bb css=\u00a0\u00bb.vc_custom_1523451944040{background-position: center !important;background-repeat: no-repeat !important;background-size: cover !important;}\u00a0\u00bb el_id=\u00a0\u00bbtechnology\u00a0\u00bb][vc_row full_width=\u00a0\u00bbstretch_row\u00a0\u00bb typography_style=\u00a0\u00bbwhite\u00a0\u00bb][vc_column][vc_row_inner gap=\u00a0\u00bb35&Prime;][vc_column_inner width=\u00a0\u00bb1\/4&Prime;][\/vc_column_inner][vc_column_inner width=\u00a0\u00bb1\/4&Prime;][\/vc_column_inner][vc_column_inner width=\u00a0\u00bb1\/4&Prime;][\/vc_column_inner][vc_column_inner width=\u00a0\u00bb1\/4&Prime;][\/vc_column_inner][\/vc_row_inner][\/vc_column][\/vc_row][\/vc_section][vc_section el_id=\u00a0\u00bbproyectos-destacados\u00a0\u00bb][vc_row][vc_column][\/vc_column][\/vc_row][vc_row gap=\u00a0\u00bb35&Prime;][vc_column width=\u00a0\u00bb1\/3&Prime;][\/vc_column][vc_column width=\u00a0\u00bb1\/3&Prime;][\/vc_column][vc_column width=\u00a0\u00bb1\/3&Prime;][\/vc_column][\/vc_row][vc_row][vc_column][\/vc_column][\/vc_row][vc_row gap=\u00a0\u00bb35&Prime;][vc_column width=\u00a0\u00bb1\/3&Prime;][\/vc_column][vc_column width=\u00a0\u00bb1\/3&Prime;][\/vc_column][vc_column width=\u00a0\u00bb1\/3&Prime;][\/vc_column][\/vc_row][\/vc_section][vc_section full_width=\u00a0\u00bbstretch_row\u00a0\u00bb el_id=\u00a0\u00bbcomponentes\u00a0\u00bb css=\u00a0\u00bb.vc_custom_1556794812957{background-color: #ffffff !important;}\u00a0\u00bb][vc_row css=\u00a0\u00bb.vc_custom_1556794807342{background-color: #ffffff !important;}\u00a0\u00bb][vc_column][\/vc_column][\/vc_row][\/vc_section]<\/p>\n","protected":false},"author":3,"featured_media":0,"parent":0,"menu_order":0,"comment_status":"closed","ping_status":"closed","template":"","meta":[],"acf":[],"yoast_head":"<!-- This site is optimized with the Yoast SEO plugin v15.6.2 - https:\/\/yoast.com\/wordpress\/plugins\/seo\/ -->\n<title>\u00c0 propos d&#039;ADELTE - Six d\u00e9cennies d\u2019ing\u00e9nierie innovatrice<\/title>\n<meta name=\"description\" content=\"ADELTE Groupe est une entreprise d\u2019ing\u00e9nierie avec plus de six d\u00e9cennies d&#039;exp\u00e9rience dans le design, la fabrication, l\u2019approvisionnement et la maintenance des solutions innovatrices et services orient\u00e9s vers des r\u00e9sultats qui vont am\u00e9liorer les op\u00e9rations a\u00e9roportuaires et portuaires du monde entier.\" \/>\n<meta name=\"robots\" content=\"index, follow, max-snippet:-1, max-image-preview:large, max-video-preview:-1\" \/>\n<link rel=\"canonical\" href=\"https:\/\/www.adelte.com\/fr\/a-propos-adelte\/\" \/>\n<meta property=\"og:locale\" content=\"fr_FR\" \/>\n<meta property=\"og:type\" content=\"article\" \/>\n<meta property=\"og:title\" content=\"\u00c0 propos d&#039;ADELTE - Six d\u00e9cennies d\u2019ing\u00e9nierie innovatrice\" \/>\n<meta property=\"og:description\" content=\"ADELTE Groupe est une entreprise d\u2019ing\u00e9nierie avec plus de six d\u00e9cennies d&#039;exp\u00e9rience dans le design, la fabrication, l\u2019approvisionnement et la maintenance des solutions innovatrices et services orient\u00e9s vers des r\u00e9sultats qui vont am\u00e9liorer les op\u00e9rations a\u00e9roportuaires et portuaires du monde entier.\" \/>\n<meta property=\"og:url\" content=\"https:\/\/www.adelte.com\/fr\/a-propos-adelte\/\" \/>\n<meta property=\"og:site_name\" content=\"ADELTE\" \/>\n<meta property=\"article:modified_time\" content=\"2021-06-16T06:23:32+00:00\" \/>\n<meta name=\"twitter:card\" content=\"summary_large_image\" \/>\n<meta name=\"twitter:label1\" content=\"Dur\u00e9e de lecture est.\">\n\t<meta name=\"twitter:data1\" content=\"3 minutes\">\n<script type=\"application\/ld+json\" class=\"yoast-schema-graph\">{\"@context\":\"https:\/\/schema.org\",\"@graph\":[{\"@type\":\"WebSite\",\"@id\":\"https:\/\/www.adelte.com\/#website\",\"url\":\"https:\/\/www.adelte.com\/\",\"name\":\"ADELTE\",\"description\":\"\",\"potentialAction\":[{\"@type\":\"SearchAction\",\"target\":\"https:\/\/www.adelte.com\/?s={search_term_string}\",\"query-input\":\"required name=search_term_string\"}],\"inLanguage\":\"fr-FR\"},{\"@type\":\"WebPage\",\"@id\":\"https:\/\/www.adelte.com\/fr\/a-propos-adelte\/#webpage\",\"url\":\"https:\/\/www.adelte.com\/fr\/a-propos-adelte\/\",\"name\":\"\\u00c0 propos d'ADELTE - Six d\\u00e9cennies d\\u2019ing\\u00e9nierie innovatrice\",\"isPartOf\":{\"@id\":\"https:\/\/www.adelte.com\/#website\"},\"datePublished\":\"2019-08-20T13:59:51+00:00\",\"dateModified\":\"2021-06-16T06:23:32+00:00\",\"description\":\"ADELTE Groupe est une entreprise d\\u2019ing\\u00e9nierie avec plus de six d\\u00e9cennies d'exp\\u00e9rience dans le design, la fabrication, l\\u2019approvisionnement et la maintenance des solutions innovatrices et services orient\\u00e9s vers des r\\u00e9sultats qui vont am\\u00e9liorer les op\\u00e9rations a\\u00e9roportuaires et portuaires du monde entier.\",\"breadcrumb\":{\"@id\":\"https:\/\/www.adelte.com\/fr\/a-propos-adelte\/#breadcrumb\"},\"inLanguage\":\"fr-FR\",\"potentialAction\":[{\"@type\":\"ReadAction\",\"target\":[\"https:\/\/www.adelte.com\/fr\/a-propos-adelte\/\"]}]},{\"@type\":\"BreadcrumbList\",\"@id\":\"https:\/\/www.adelte.com\/fr\/a-propos-adelte\/#breadcrumb\",\"itemListElement\":[{\"@type\":\"ListItem\",\"position\":1,\"item\":{\"@type\":\"WebPage\",\"@id\":\"https:\/\/www.adelte.com\/fr\/\",\"url\":\"https:\/\/www.adelte.com\/fr\/\",\"name\":\"Home\"}},{\"@type\":\"ListItem\",\"position\":2,\"item\":{\"@type\":\"WebPage\",\"@id\":\"https:\/\/www.adelte.com\/fr\/a-propos-adelte\/\",\"url\":\"https:\/\/www.adelte.com\/fr\/a-propos-adelte\/\",\"name\":\"\\u00c0 propos d&#8217;ADELTE\"}}]}]}<\/script>\n<!-- \/ Yoast SEO plugin. -->","_links":{"self":[{"href":"https:\/\/www.adelte.com\/fr\/wp-json\/wp\/v2\/pages\/12304"}],"collection":[{"href":"https:\/\/www.adelte.com\/fr\/wp-json\/wp\/v2\/pages"}],"about":[{"href":"https:\/\/www.adelte.com\/fr\/wp-json\/wp\/v2\/types\/page"}],"author":[{"embeddable":true,"href":"https:\/\/www.adelte.com\/fr\/wp-json\/wp\/v2\/users\/3"}],"replies":[{"embeddable":true,"href":"https:\/\/www.adelte.com\/fr\/wp-json\/wp\/v2\/comments?post=12304"}],"version-history":[{"count":10,"href":"https:\/\/www.adelte.com\/fr\/wp-json\/wp\/v2\/pages\/12304\/revisions"}],"predecessor-version":[{"id":15488,"href":"https:\/\/www.adelte.com\/fr\/wp-json\/wp\/v2\/pages\/12304\/revisions\/15488"}],"wp:attachment":[{"href":"https:\/\/www.adelte.com\/fr\/wp-json\/wp\/v2\/media?parent=12304"}],"curies":[{"name":"wp","href":"https:\/\/api.w.org\/{rel}","templated":true}]}}