{"id":5539,"date":"2018-03-07T09:19:39","date_gmt":"2018-03-07T09:19:39","guid":{"rendered":"http:\/\/www.adelte.com\/nuevaweb\/legal-notes\/"},"modified":"2019-07-24T08:56:39","modified_gmt":"2019-07-24T07:56:39","slug":"politica-de-privacidad","status":"publish","type":"page","link":"https:\/\/www.adelte.com\/es\/politica-de-privacidad\/","title":{"rendered":"Pol\u00edtica de privacidad"},"content":{"rendered":"<p>De conformidad con lo dispuesto en la Ley Org\u00e1nica 15\/1999 de Protecci\u00f3n de Datos de Car\u00e1cter Personal, mediante la aceptaci\u00f3n de la presente Pol\u00edtica de Privacidad prestas tu consentimiento informado, expreso, libre e inequ\u00edvoco para que los datos personales que proporciones a trav\u00e9s de la p\u00e1gina web https:\/\/adelte.com (en adelante SITIO WEB) sean incluidos en nuestra base de datos:<\/p>\n<p>Identidad del responsable de los tratamientos ADELTE GROUP S.L.<\/p>\n<p>Denominaci\u00f3n social:\u00a0<strong>ADELTE GROUP S.L.<\/strong><br \/>\nCIF:\u00a0<strong>B-65606998<\/strong><br \/>\nDomicilio social :\u00a0<strong>Av. Josep Tarradellas n\u00ba20 4a planta 08029 Barcelona (Espa\u00f1a)<\/strong><br \/>\nEmail:\u00a0<strong>marketing@adelte.com<\/strong><\/p>\n<p>Todo ello debidamente inscrito ante la agencia Espa\u00f1ola de Protecci\u00f3n de Datos y respecto del que ADELTE GROUP S.L. garantiza que se han aplicado las medidas de seguridad tanto organizativas como t\u00e9cnicas requeridas por el Reglamento Europeo Sobre Protecci\u00f3n de datos y la normativa vigente.<\/p>\n<p>La presente Pol\u00edtica de Privacidad ser\u00e1 v\u00e1lida \u00fanicamente para los datos de car\u00e1cter personal obtenidos en el Sitio Web, no siendo aplicable para aquella informaci\u00f3n recabada por terceros en otras p\u00e1ginas web, incluso si \u00e9stas se encuentran enlazadas por el Sitio Web.<\/p>\n<p>Con ello manifestamos nuestro compromiso por mantener y garantizar las relaciones comerciales de forma segura mediante la protecci\u00f3n de los datos personales y garantizando el derecho a la privacidad de cada uno de los usuarios del sitio web.<\/p>\n<p><strong>\u00bfQU\u00c9 SON LOS DATOS PERSONALES?<\/strong><\/p>\n<p>Una peque\u00f1a aproximaci\u00f3n es importante, por ello, debes saber que ser\u00eda cualquier informaci\u00f3n relativa a una persona que nos facilita cuando visita nuestro sitio web, en nuestro caso nombre e email, y si compra alg\u00fan producto necesitando factura, solicitaremos Domicilio completo, nombre, apellidos y DNI o CIF.<\/p>\n<p>Adicionalmente, cuando visitas nuestro sitio web, determinada informaci\u00f3n se almacena autom\u00e1ticamente por motivos t\u00e9cnicos como la direcci\u00f3n IP asignada por su proveedor de acceso a Internet.<\/p>\n<p><b>FINALIDAD, LEGITIMACI\u00d3N, CATEGOR\u00cdA DE LOS DATOS RECABADOS, CONSENTIMIENTO AL TRATAMIENTO Y MENORES DE EDAD<\/b><\/p>\n<p>Tal y como se recoge en la normativa, se informa al USUARIO que, a trav\u00e9s de los formularios de contacto o suscripciones se recaban datos, los cuales se almacenan en un fichero, con la exclusiva finalidad de env\u00edo de comunicaciones electr\u00f3nicas, tales como: boletines (newsletters), as\u00ed como otras comunicaciones que ADELTE GROUP S.L. entiende interesantes para sus USUARIOS. Los campos marcados como de cumplimentaci\u00f3n obligatoria, son imprescindibles para realizar la finalidad expresada.<\/p>\n<p>Asimismo podr\u00e1 dar cumplimiento mediante los datos, a los requerimientos solicitados por los USUARIOS. \u00danicamente el titular tendr\u00e1 acceso a sus datos, y bajo ning\u00fan concepto, estos datos ser\u00e1n cedidos, compartidos, transferidos, ni vendidos a ning\u00fan tercero.<\/p>\n<p>La aceptaci\u00f3n de la pol\u00edtica de privacidad, se entender\u00e1 a todos los efectos como la prestaci\u00f3n de CONSENTIMIENTO EXPRESO E INEQUIVOCO del USUARIO al tratamiento de los datos de car\u00e1cter personal en los t\u00e9rminos que se exponen en el presente documento, as\u00ed como a la transferencia internacional de datos que se produce, exclusivamente debido a la ubicaci\u00f3n f\u00edsica de las instalaciones de los proveedores de servicios y encargados del tratamiento de datos.<\/p>\n<p>Por lo tanto, la legitimaci\u00f3n se obtiene a trav\u00e9s del consentimiento tal y como posteriormente estableceremos. En ning\u00fan caso se realizar\u00e1 un uso diferente que la finalidad para los que han sido recabados los datos ni muchos menos cederemos a un tercero estos datos.<\/p>\n<p><strong>LEGITIMACI\u00d3N<\/strong><\/p>\n<p>Gracias al consentimiento, podemos tratar tus datos siendo requisito obligatorio para poder contactar con nosotros mediante nuestra p\u00e1gina web.<\/p>\n<p><b>CATEGOR\u00cdA<\/b><strong>\u00a0DE LOS DATOS<\/strong><\/p>\n<p>Los datos recabados en ning\u00fan momento son especialmente protegidos, sino que se encuentran categorizados como datos identificativos.<\/p>\n<p><strong>TIEMPO DE CONSERVACI\u00d3N DE LOS DATOS<\/strong><\/p>\n<p>Conservaremos tus datos durante el tiempo legalmente establecido o hasta que solicites eliminarlos.<\/p>\n<p>&nbsp;<\/p>\n<p><strong>CUMPLIMIENTO DE LA NORMATIVA DE APLICACI\u00d3N<\/strong><\/p>\n<p>ADELTE GROUP SL hasta la fecha cumple con las directrices de la Ley Org\u00e1nica 15\/1999 de 13 de diciembre de Protecci\u00f3n de Datos de Car\u00e1cter Personal, el Real Decreto 1720\/2007 de 21 de diciembre por el que se aprueba el Reglamento de desarrollo de dicha Ley Org\u00e1nica y dem\u00e1s normativa vigente y de aplicaci\u00f3n en cada momento, velando por garantizar un correcto uso y tratamiento de los datos personales del usuario.<\/p>\n<p>A partir del 28 de mayo de 2018, nos regiremos por la normativa que entrar\u00e1 en vigor, siendo el Reglamento General sobre Protecci\u00f3n de Datos (RGPD) de la Uni\u00f3n Europea.<\/p>\n<p>Asimismo, ADELTE GROUP SL informa que da cumplimiento a la Ley 34\/2002 de 11 de julio, de Servicios de la Sociedad de la Informaci\u00f3n y el Comercio Electr\u00f3nico y le solicitar\u00e1 su consentimiento al USUARIO para el tratamiento de su correo electr\u00f3nico con fines comerciales en cada momento.<\/p>\n<p>En cumplimiento de lo establecido en la normativa, le informamos que los datos suministrados, as\u00ed como aquellos datos derivados de su navegaci\u00f3n, podr\u00e1n ser almacenados en los ficheros de ADELTE GROUP SL y tratados para la finalidad de atender su solicitud y el mantenimiento de la relaci\u00f3n que se establezca en los formularios que utilice.<\/p>\n<p>Adicionalmente, el USUARIO consiente el tratamiento de sus datos con la finalidad de informarles, por cualquier medio, incluido el correo electr\u00f3nico, de productos y servicios de ADELTE GROUP SL. En caso de no autorizar el tratamiento de sus datos con la finalidad se\u00f1alada anteriormente, el USUARIO podr\u00e1 ejercer su derecho de oposici\u00f3n al tratamiento de sus datos en los t\u00e9rminos y condiciones previstos m\u00e1s adelante en el apartado \u201cEjercicio de Derechos\u201d.<\/p>\n<p><strong>MEDIDAS DE SEGURIDAD<\/strong><\/p>\n<p>ADELTE GROUP S.L. le informa que tiene implantadas las medidas de seguridad de \u00edndole t\u00e9cnica y organizativas necesarias para garantizar la seguridad de sus datos de car\u00e1cter personal y evitar su alteraci\u00f3n, p\u00e9rdida y tratamiento y\/o acceso no autorizado, habida cuenta del estado de la tecnolog\u00eda, la naturaleza de los datos almacenados y los riesgos a que est\u00e1n expuestos, ya provengan de la acci\u00f3n humana o del medio f\u00edsico o natural. Todo ello de conformidad con lo previsto en el RGPD.<\/p>\n<p>Asimismo, ADELTE GROUP SL ha establecido medidas adicionales en orden a reforzar la confidencialidad e integridad de la informaci\u00f3n en su organizaci\u00f3n. Manteniendo continuamente la supervisi\u00f3n, control y evaluaci\u00f3n de los procesos para asegurar el respeto a la privacidad de los datos.<\/p>\n<p><strong>EJERCICIO DE DERECHOS<\/strong><\/p>\n<p>Aquellas personas f\u00edsicas que hayan facilitado sus datos a trav\u00e9s de https:\/\/www.adelte.com, podr\u00e1n dirigirse al titular de la misma con el fin de poder ejercitar gratuitamente sus derechos de acceso a sus datos, rectificaci\u00f3n o supresi\u00f3n, limitaci\u00f3n y oposici\u00f3n respecto de los datos incorporados en sus ficheros.<\/p>\n<p>El m\u00e9todo m\u00e1s r\u00e1pido y sencillo ser\u00eda contactar con nosotros en marketing@adelte.com. Cualquier informaci\u00f3n que necesitemos almacenar, en virtud de una obligaci\u00f3n legal o contractual, ser\u00e1 bloqueada y s\u00f3lo utilizada para dichos fines en lugar de ser borrada. El interesado podr\u00e1 ejercitar sus derechos mediante comunicaci\u00f3n por escrito dirigida a ADELTE GROUP SL con la referencia \u201cProtecci\u00f3n de datos\u201d, especificando sus datos, acreditando su identidad y los motivos de su solicitud en la siguiente direcci\u00f3n:<\/p>\n<p>Av. Josep Tarradellas n\u00ba20 4a planta 08029 Barcelona (Espa\u00f1a)<\/p>\n<p>Tambi\u00e9n podr\u00e1 ejercitar los derechos, a trav\u00e9s del correo electr\u00f3nico:\u00a0marketing@adelte.com<\/p>\n<p><strong>LINKS O ENLACES EXTERNOS<\/strong><\/p>\n<p>Como un servicio a nuestros visitantes, nuestro sitio web puede incluir hiperv\u00ednculos a otros sitios que no son operados o controlados por el Sitio Web. Por ello https:\/\/www.adelte.com no garantiza, ni se hace responsable de la licitud, fiabilidad, utilidad, veracidad y actualidad de los contenidos de tales sitios web o de sus pr\u00e1cticas de privacidad. Por favor, antes de proporcionar su informaci\u00f3n personal a estos sitios web ajenos a https:\/\/www.adelte.com, tenga en cuenta que sus pr\u00e1cticas de privacidad pueden diferir de las nuestras.<\/p>\n<p>El \u00fanico objeto de los enlaces es proporcionar al Usuario la posibilidad de acceder a dichos enlaces y conocer nuestro trabajo, aunque www.adelte.com no ofrece ni comercializa por s\u00ed ni por medio de terceros la informaci\u00f3n, contenidos y servicios disponibles en los sitios enlazados, ni aprueba, supervisa o controla en modo alguno los contenidos y servicios y cualquier material de cualquier naturaleza existente en los mismos. https:\/\/www.adelte.com no se responsabiliza en ning\u00fan caso de los resultados que puedan derivarse al Usuario por acceso a dichos enlaces.<\/p>\n<p><strong>MODIFICACI\u00d3N DE LA POL\u00cdTICA DE PRIVACIDAD<\/strong><\/p>\n<p>ADELTE GROUP SL se reserva el derecho a modificar su Pol\u00edtica de Privacidad, de acuerdo a su propio criterio, motivado por un cambio legislativo, jurisprudencial o doctrinal de la Agencia Espa\u00f1ola de Protecci\u00f3n de Datos. Cualquier modificaci\u00f3n de la Pol\u00edtica de Privacidad ser\u00e1 publicada al menos diez d\u00edas antes de su efectiva aplicaci\u00f3n. El uso de ADELTE GROUP SL despu\u00e9s de dichos cambios, implicar\u00e1 la aceptaci\u00f3n de los mismos.<\/p>\n<p><strong>RESPONSABLE DEL FICHERO Y ENCARGADOS DEL TRATAMIENTO<\/strong><\/p>\n<p>El responsable del fichero de datos es ADELTE GROUP SL.<\/p>\n<p>Como encargados de tratamiento ajenos al citado responsable:<\/p>\n<p>ADELTE GROUP SL ha contratado los servicios de Hosting a KUMISA 2000 con domicilio social en Av. De la Fabregada, 55-63, Planta 1\u00aa 08907 L\u2019Hospitalet de Llobregat Barcelona inscrita en el Registro Mercantil de Barcelona en elTomo 43964, folio 180, hoja B 443064 con C.I.F.: B86226776, que proporciona los servicios de hosting de ADELTE GROUP SL .<\/p>\n<p>Los servicios de suscripci\u00f3n por correo electr\u00f3nico y env\u00edo de newsletters a la compa\u00f1\u00eda Mailchimp \u00a0Co. (Identificada por la marca comercial \u201cMailchimp\u201d) pudi\u00e9ndose consultar su pol\u00edtica de privacidad en\u00a0<a href=\"https:\/\/mailchimp.com\/legal\/privacy\/\">https:\/\/mailchimp.com\/legal\/privacy\/<\/a><\/p>\n<p>Los servicios de almacenamiento y gesti\u00f3n de contactos recibidos por los formularios web de adelte.com est\u00e1n gestionados por la empresa Salesforce.com Spain S.L. con domicilio social en Paseo de la Castellana 79, Planta 7\u00aa, Madrid, 28046, Espa\u00f1a.<\/p>\n<p>Los servicios de asesoramiento jur\u00eddico ser\u00e1n realizados por el despacho de abogados PAG\u00c8S CORT\u00c9S I HERNANDEZ VIVES ADVOCATS ASSOCIATS SCP con domicilio social en Diputaci\u00f3, 204, pral 1\u00aa. 08011 Barcelona.<\/p>\n<p><strong>SERVICIOS OFRECIDOS POR TERCEROS EN ESTA WEB.<\/strong><\/p>\n<p>Para prestar servicios estrictamente necesarios para el desarrollo de su actividad, https:\/\/www.adelte.com utiliza los siguientes prestadores bajo sus correspondientes condiciones de privacidad.<\/p>\n<ul>\n<li>Hosting:\u00a0<strong>KUMISA 2000<\/strong><\/li>\n<li>Plataforma web:\u00a0<strong>WordPress.Org<\/strong><\/li>\n<li>Sistema de administraci\u00f3n y gesti\u00f3n de contactos:\u00a0<strong>Salesforce<\/strong><\/li>\n<li>Servicios de Mensajer\u00eda y env\u00edo de boletines:\u00a0<strong>Mailchimp<\/strong><\/li>\n<li>Captaci\u00f3n de Leads:\u00a0<strong>Thrive Leads<\/strong><\/li>\n<li>Privacidad de fuentes de rastreo utilizadas en este sitio:\u00a0<strong>Google (Analytics)<\/strong><\/li>\n<\/ul>\n<p>En https:\/\/www.adelte.com tambi\u00e9n se estudian las preferencias de sus usuarios, sus caracter\u00edsticas demogr\u00e1ficas, sus patrones de tr\u00e1fico, y otra informaci\u00f3n en conjunto para comprender mejor qui\u00e9nes constituyen nuestra audiencia y qu\u00e9 es lo que necesita.<\/p>\n<p>El usuario y, en general, cualquier persona f\u00edsica o jur\u00eddica, podr\u00e1 establecer un hiperenlace o dispositivo t\u00e9cnico de enlace (por ejemplo, links o botones) desde su sitio web a https:\/\/www.adelte.com. El establecimiento del Hiperenlace no implica en ning\u00fan caso la existencia de relaciones entre https:\/\/www.adelte.com y el propietario del sitio o de la p\u00e1gina web en la que se establezca el Hiperenlace, ni la aceptaci\u00f3n o aprobaci\u00f3n por parte de https:\/\/www.adelte.com de sus contenidos o servicios. En todo caso, https:\/\/www.adelte.com se reserva el derecho de prohibir o inutilizar en cualquier momento cualquier Hiperenlace al Sitio Web.<\/p>\n<p><strong>\u00bfNO DESEAS RECIBIR INFORMACI\u00d3N NUESTRA O DESEAS REVOCAR TU CONSENTIMIENTO?<\/strong><\/p>\n<p>De conformidad con lo dispuesto en la Ley 34\/20023, de 11 de junio de Servicios de la Sociedad de la Informaci\u00f3n y del Comercio Electr\u00f3nico puedes oponerte al uso de su informaci\u00f3n para fines publicitarios, investigaciones de mercado o desarrollo de encuestas de satisfacci\u00f3n en cualquier momento, as\u00ed como revocar tu consentimiento en cualquier momento (sin efecto retroactivo).<\/p>\n<p>Para ello, deber\u00e1s enviar un correo electr\u00f3nico a la direcci\u00f3n\u00a0marketing@adelte.com.\u00a0Si has recibido publicidad por correo electr\u00f3nico, tambi\u00e9n podr\u00e1s oponerte desde dicho correo electr\u00f3nico, pinchando en el enlace incluido en el mismo siguiendo las instrucciones que te sean facilitadas.<\/p>\n<p>Por favor, ten en cuenta que nuestros sistemas pueden requerir un lapso de tiempo que en ning\u00fan caso superar\u00e1 48 horas para que tu oposici\u00f3n o revocaci\u00f3n se hagan efectivas, entendi\u00e9ndose que durante dicho periodo de tiempo puedes seguir recibiendo mensajes.<\/p>\n<p>El usuario podr\u00e1 acceder a las pol\u00edticas de privacidad de cada Red Social, as\u00ed como configurar su perfil para garantizar su privacidad. ADELTE GROUP SL anima a los usuarios a familiarizarse con las condiciones de uso de las distintas redes sociales antes de comenzar a usarlas.<\/p>\n<p>Facebook: https:\/\/www.facebook.com\/help\/323540651073243\/<br \/>\nYoutube: https:\/\/www.google.es\/intl\/es\/policies\/privacy\/<br \/>\nTwitter: https:\/\/twitter.com\/privacy<\/p>\n<p><strong>SISTEMAS DE CAPTURA DE DATOS PERSONALES Y SU FINALIDAD<\/strong><\/p>\n<p>1)\u00a0<strong>Formularios de suscripci\u00f3n a contenidos:<\/strong>\u00a0dentro de la web existen varios formularios para activar la suscripci\u00f3n gestionada por Mailchimp con la finalidad de enviar campa\u00f1as de marketing por correo electr\u00f3nico, gesti\u00f3n de suscripciones y env\u00edo de boletines o noticias.<\/p>\n<p>2)\u00a0<strong>Formulario de contacto:<\/strong>\u00a0Existe un formulario de contacto cuya finalidad es la respuesta de consultas, sugerencias o contacto con nuestra organizaci\u00f3n. En este caso se utilizar\u00e1 la direcci\u00f3n de correo electr\u00f3nico para responder a las mismas y enviar la informaci\u00f3n que el usuario requiera a trav\u00e9s de la web, estos datos se almacenar\u00e1n en los servidores de Salesforce, nuestro gestor de contactos digital.\u00a0Los usuarios podr\u00e1n darse de baja en cualquier momento de los servicios prestados por https:\/\/www.adelte.com desde la misma Newsletter a trav\u00e9s de un formulario de cancelaci\u00f3n.<\/p>\n<p>3)\u00a0<strong>Cookies:<\/strong>\u00a0Cuando el usuario navega en esta web, se almacenan \u201ccookies\u201d, El usuario puede consultar en cualquier momento la pol\u00edtica de cookies para ampliar informaci\u00f3n sobre el uso de cookies y como desactivarlas.<\/p>\n<p>4)<strong>\u00a0Sistemas de rastreo utilizadas en este sitio<\/strong>: Google (Analytics) en https:\/\/www.adelte.com tambi\u00e9n se estudian las preferencias de sus usuarios, sus caracter\u00edsticas demogr\u00e1ficas, sus patrones de tr\u00e1fico, y otra informaci\u00f3n en conjunto para comprender mejor qui\u00e9nes constituyen su audiencia y qu\u00e9 es lo que esta necesita.<\/p>\n<p>No vamos a compartir, vender, alquilar tu informaci\u00f3n personal con otras partes. Podemos compartir cierta informaci\u00f3n con los proveedores de servicios de terceros autorizados necesarios para prestarte informaci\u00f3n sobre nuestra organizaci\u00f3n.<\/p>\n<p><strong>PLUGINS SOCIALES.<\/strong><\/p>\n<p>En nuestra p\u00e1gina web te ofrecemos enlaces y servicios relacionados con las diferentes redes sociales ( p.ej \u201cMe gusta\u201d de Facebook). Si eres miembro de una red social y haces clic sobre el correspondiente enlace, el proveedor de la red social podr\u00e1 enlazar tus datos de perfil con la informaci\u00f3n de tu visita a dicha p\u00e1gina web.<\/p>\n<p>Por tanto, es conveniente informarte sobre las funciones y pol\u00edticas sobre el tratamiento de datos personales de la respectiva red social, si accedes a una de nuestras p\u00e1ginas web con alguno de tus perfiles en redes sociales o compartes informaci\u00f3n a trav\u00e9s de ellos.<\/p>\n<p>Puedes acceder en todo momento a las pol\u00edticas de privacidad de las diferentes redes sociales, as\u00ed como configurar tu perfil para garantizar su privacidad. Os animamos a familiarizarse con las condiciones de uso de dichas redes sociales antes de comenzar a usarlas:<\/p>\n<p>Facebook: https:\/\/www.facebook.com\/help\/323540651073243\/<br \/>\nYoutube: https:\/\/www.google.es\/intl\/es\/policies\/privacy\/<br \/>\nGoogle Plus: https:\/\/www.google.es\/intl\/es\/policies\/privacy\/<br \/>\nTwitter: https:\/\/twitter.com\/privacy<br \/>\nInstagram: https:\/\/help.instagram.com\/155833707900388<\/p>\n<p><strong>ACEPTACI\u00d3N, CONSENTIMIENTO Y REVOCABILIDAD<\/strong><\/p>\n<p>El Usuario declara haber sido informado de las condiciones sobre protecci\u00f3n de datos de car\u00e1cter personal, aceptando y consintiendo el tratamiento de los mismos por parte de ADELTE GROUP SL en la forma y para las finalidades indicadas en el aviso legal.<\/p>\n<p>Como bien sabes y le hemos comunicado a lo largo de las presentes pol\u00edticas de privacidad, en cualquier momento podr\u00e1 revocar sus datos, pero siempre sin car\u00e1cter retroactivo.<\/p>\n<p><strong>CAMBIOS EN LA PRESENTE POL\u00cdTICA DE PRIVACIDAD<\/strong><\/p>\n<p>ADELTE GROUP SL se reserva el derecho a modificar la presente pol\u00edtica para adaptarla a novedades legislativas o jurisprudenciales as\u00ed como a pr\u00e1cticas de la industria. En dichos supuestos, el Prestador anunciar\u00e1 en esta p\u00e1gina los cambios introducidos con razonable antelaci\u00f3n a su puesta en pr\u00e1ctica.<\/p>\n<p><em>Este aviso legal ha sido actualizado el d\u00eda 20\u00a0de Mayo de 2018.<\/em><\/p>\n","protected":false},"excerpt":{"rendered":"<p>De conformidad con lo dispuesto en la Ley Org\u00e1nica 15\/1999 de Protecci\u00f3n de Datos de Car\u00e1cter Personal, mediante la aceptaci\u00f3n de la presente Pol\u00edtica de Privacidad prestas tu consentimiento informado, expreso, libre e inequ\u00edvoco para que los datos personales que&hellip;<\/p>\n","protected":false},"author":3,"featured_media":0,"parent":0,"menu_order":0,"comment_status":"closed","ping_status":"closed","template":"","meta":{"_acf_changed":false,"footnotes":""},"class_list":["post-5539","page","type-page","status-publish","hentry","entry","no-media"],"acf":[],"yoast_head":"<!-- This site is optimized with the Yoast SEO plugin v27.3 - https:\/\/yoast.com\/product\/yoast-seo-wordpress\/ -->\n<title>Pol\u00edtica de privacidad<\/title>\n<meta name=\"robots\" content=\"noindex, nofollow\" \/>\n<meta property=\"og:locale\" content=\"es_ES\" \/>\n<meta property=\"og:type\" content=\"article\" \/>\n<meta property=\"og:title\" content=\"Pol\u00edtica de privacidad\" \/>\n<meta property=\"og:description\" content=\"De conformidad con lo dispuesto en la Ley Org\u00e1nica 15\/1999 de Protecci\u00f3n de Datos de Car\u00e1cter Personal, mediante la aceptaci\u00f3n de la presente Pol\u00edtica de Privacidad prestas tu consentimiento informado, expreso, libre e inequ\u00edvoco para que los datos personales que&hellip;\" \/>\n<meta property=\"og:url\" content=\"https:\/\/www.adelte.com\/es\/politica-de-privacidad\/\" \/>\n<meta property=\"og:site_name\" content=\"ADELTE\" \/>\n<meta property=\"article:modified_time\" content=\"2019-07-24T07:56:39+00:00\" \/>\n<meta name=\"twitter:card\" content=\"summary_large_image\" \/>\n<meta name=\"twitter:label1\" content=\"Tiempo de lectura\" \/>\n\t<meta name=\"twitter:data1\" content=\"14 minutos\" \/>\n<script type=\"application\/ld+json\" class=\"yoast-schema-graph\">{\"@context\":\"https:\\\/\\\/schema.org\",\"@graph\":[{\"@type\":\"WebPage\",\"@id\":\"https:\\\/\\\/www.adelte.com\\\/es\\\/politica-de-privacidad\\\/\",\"url\":\"https:\\\/\\\/www.adelte.com\\\/es\\\/politica-de-privacidad\\\/\",\"name\":\"Pol\u00edtica de privacidad\",\"isPartOf\":{\"@id\":\"https:\\\/\\\/www.adelte.com\\\/#website\"},\"datePublished\":\"2018-03-07T09:19:39+00:00\",\"dateModified\":\"2019-07-24T07:56:39+00:00\",\"breadcrumb\":{\"@id\":\"https:\\\/\\\/www.adelte.com\\\/es\\\/politica-de-privacidad\\\/#breadcrumb\"},\"inLanguage\":\"es\",\"potentialAction\":[{\"@type\":\"ReadAction\",\"target\":[\"https:\\\/\\\/www.adelte.com\\\/es\\\/politica-de-privacidad\\\/\"]}]},{\"@type\":\"BreadcrumbList\",\"@id\":\"https:\\\/\\\/www.adelte.com\\\/es\\\/politica-de-privacidad\\\/#breadcrumb\",\"itemListElement\":[{\"@type\":\"ListItem\",\"position\":1,\"name\":\"Home\",\"item\":\"https:\\\/\\\/www.adelte.com\\\/es\\\/\"},{\"@type\":\"ListItem\",\"position\":2,\"name\":\"Pol\u00edtica de privacidad\"}]},{\"@type\":\"WebSite\",\"@id\":\"https:\\\/\\\/www.adelte.com\\\/#website\",\"url\":\"https:\\\/\\\/www.adelte.com\\\/\",\"name\":\"ADELTE\",\"description\":\"\",\"publisher\":{\"@id\":\"https:\\\/\\\/www.adelte.com\\\/#organization\"},\"potentialAction\":[{\"@type\":\"SearchAction\",\"target\":{\"@type\":\"EntryPoint\",\"urlTemplate\":\"https:\\\/\\\/www.adelte.com\\\/?s={search_term_string}\"},\"query-input\":{\"@type\":\"PropertyValueSpecification\",\"valueRequired\":true,\"valueName\":\"search_term_string\"}}],\"inLanguage\":\"es\"},{\"@type\":\"Organization\",\"@id\":\"https:\\\/\\\/www.adelte.com\\\/#organization\",\"name\":\"ADELTE\",\"url\":\"https:\\\/\\\/www.adelte.com\\\/\",\"logo\":{\"@type\":\"ImageObject\",\"inLanguage\":\"es\",\"@id\":\"https:\\\/\\\/www.adelte.com\\\/#\\\/schema\\\/logo\\\/image\\\/\",\"url\":\"https:\\\/\\\/www.adelte.com\\\/wp-content\\\/uploads\\\/2019\\\/05\\\/logo-adelte-white.png\",\"contentUrl\":\"https:\\\/\\\/www.adelte.com\\\/wp-content\\\/uploads\\\/2019\\\/05\\\/logo-adelte-white.png\",\"width\":251,\"height\":56,\"caption\":\"ADELTE\"},\"image\":{\"@id\":\"https:\\\/\\\/www.adelte.com\\\/#\\\/schema\\\/logo\\\/image\\\/\"}}]}<\/script>\n<!-- \/ Yoast SEO plugin. -->","yoast_head_json":{"title":"Pol\u00edtica de privacidad","robots":{"index":"noindex","follow":"nofollow"},"og_locale":"es_ES","og_type":"article","og_title":"Pol\u00edtica de privacidad","og_description":"De conformidad con lo dispuesto en la Ley Org\u00e1nica 15\/1999 de Protecci\u00f3n de Datos de Car\u00e1cter Personal, mediante la aceptaci\u00f3n de la presente Pol\u00edtica de Privacidad prestas tu consentimiento informado, expreso, libre e inequ\u00edvoco para que los datos personales que&hellip;","og_url":"https:\/\/www.adelte.com\/es\/politica-de-privacidad\/","og_site_name":"ADELTE","article_modified_time":"2019-07-24T07:56:39+00:00","twitter_card":"summary_large_image","twitter_misc":{"Tiempo de lectura":"14 minutos"},"schema":{"@context":"https:\/\/schema.org","@graph":[{"@type":"WebPage","@id":"https:\/\/www.adelte.com\/es\/politica-de-privacidad\/","url":"https:\/\/www.adelte.com\/es\/politica-de-privacidad\/","name":"Pol\u00edtica de privacidad","isPartOf":{"@id":"https:\/\/www.adelte.com\/#website"},"datePublished":"2018-03-07T09:19:39+00:00","dateModified":"2019-07-24T07:56:39+00:00","breadcrumb":{"@id":"https:\/\/www.adelte.com\/es\/politica-de-privacidad\/#breadcrumb"},"inLanguage":"es","potentialAction":[{"@type":"ReadAction","target":["https:\/\/www.adelte.com\/es\/politica-de-privacidad\/"]}]},{"@type":"BreadcrumbList","@id":"https:\/\/www.adelte.com\/es\/politica-de-privacidad\/#breadcrumb","itemListElement":[{"@type":"ListItem","position":1,"name":"Home","item":"https:\/\/www.adelte.com\/es\/"},{"@type":"ListItem","position":2,"name":"Pol\u00edtica de privacidad"}]},{"@type":"WebSite","@id":"https:\/\/www.adelte.com\/#website","url":"https:\/\/www.adelte.com\/","name":"ADELTE","description":"","publisher":{"@id":"https:\/\/www.adelte.com\/#organization"},"potentialAction":[{"@type":"SearchAction","target":{"@type":"EntryPoint","urlTemplate":"https:\/\/www.adelte.com\/?s={search_term_string}"},"query-input":{"@type":"PropertyValueSpecification","valueRequired":true,"valueName":"search_term_string"}}],"inLanguage":"es"},{"@type":"Organization","@id":"https:\/\/www.adelte.com\/#organization","name":"ADELTE","url":"https:\/\/www.adelte.com\/","logo":{"@type":"ImageObject","inLanguage":"es","@id":"https:\/\/www.adelte.com\/#\/schema\/logo\/image\/","url":"https:\/\/www.adelte.com\/wp-content\/uploads\/2019\/05\/logo-adelte-white.png","contentUrl":"https:\/\/www.adelte.com\/wp-content\/uploads\/2019\/05\/logo-adelte-white.png","width":251,"height":56,"caption":"ADELTE"},"image":{"@id":"https:\/\/www.adelte.com\/#\/schema\/logo\/image\/"}}]}},"_links":{"self":[{"href":"https:\/\/www.adelte.com\/es\/wp-json\/wp\/v2\/pages\/5539","targetHints":{"allow":["GET"]}}],"collection":[{"href":"https:\/\/www.adelte.com\/es\/wp-json\/wp\/v2\/pages"}],"about":[{"href":"https:\/\/www.adelte.com\/es\/wp-json\/wp\/v2\/types\/page"}],"author":[{"embeddable":true,"href":"https:\/\/www.adelte.com\/es\/wp-json\/wp\/v2\/users\/3"}],"replies":[{"embeddable":true,"href":"https:\/\/www.adelte.com\/es\/wp-json\/wp\/v2\/comments?post=5539"}],"version-history":[{"count":6,"href":"https:\/\/www.adelte.com\/es\/wp-json\/wp\/v2\/pages\/5539\/revisions"}],"predecessor-version":[{"id":12084,"href":"https:\/\/www.adelte.com\/es\/wp-json\/wp\/v2\/pages\/5539\/revisions\/12084"}],"wp:attachment":[{"href":"https:\/\/www.adelte.com\/es\/wp-json\/wp\/v2\/media?parent=5539"}],"curies":[{"name":"wp","href":"https:\/\/api.w.org\/{rel}","templated":true}]}}