{"id":5523,"date":"2018-03-06T15:45:09","date_gmt":"2018-03-06T14:45:09","guid":{"rendered":"http:\/\/www.adelte.com\/nuevaweb\/about-adelte\/"},"modified":"2021-06-16T07:22:44","modified_gmt":"2021-06-16T06:22:44","slug":"sobre-adelte","status":"publish","type":"page","link":"https:\/\/www.adelte.com\/es\/sobre-adelte\/","title":{"rendered":"Sobre ADELTE"},"content":{"rendered":"[vc_section el_id=\u00bbintro-section\u00bb wpex_bg_position=\u00bbcenter center\u00bb][vc_row][vc_column width=\u00bb1\/6&#8243;][\/vc_column][vc_column width=\u00bb2\/3&#8243;]<div class=\"vcex-module vcex-icon-box clr vcex-icon-box-two vcex-icon-box-wo-icon textcenter\"><h2 class=\"vcex-icon-box-heading\" style=\"font-weight:400;color:#3d6abd;\">Seis d\u00e9cadas de ingenier\u00eda innovadora<\/h2><div class=\"vcex-icon-box-content clr\"><div class=\"p\">\n<p>ADELTE Group es una ingenier\u00eda con m\u00e1s de <strong>seis d\u00e9cadas de experiencia en el dise\u00f1o, la fabricaci\u00f3n, el suministro y el mantenimiento de soluciones innovadoras<\/strong> y servicios orientados a los resultados que mejoran las operaciones aeroportuarias y portuarias todo el mundo.<\/p>\n<p>Con sede en <strong>Barcelona<\/strong>, ADELTE Group tambi\u00e9n cuenta con oficinas subsidiarias y contrataci\u00f3n de servicios industriales en <strong>Europa, Am\u00e9rica y Asia.<\/strong><\/p>\n<p>La fuerza de ADELTE Group radica en su capacidad para gestionar proyectos llave en mano, adaptarse a las exigencias espec\u00edficas de los clientes en los mercados aeroportuarios y portuarios, garantizando la m\u00e1xima calidad, entrega puntual y garantizando la satisfacci\u00f3n de los clientes.<\/p>\n<\/div>\n<p>&nbsp;<\/p>\n<p>&nbsp;<\/p>\n<\/div><\/div>[\/vc_column][vc_column width=\u00bb1\/6&#8243;][\/vc_column][\/vc_row][\/vc_section][vc_section full_width=\u00bbstretch_row\u00bb css=\u00bb.vc_custom_1523451944040{background-position: center !important;background-repeat: no-repeat !important;background-size: cover !important;}\u00bb el_id=\u00bbtechnology\u00bb][vc_row full_width=\u00bbstretch_row\u00bb typography_style=\u00bbwhite\u00bb][vc_column][vc_row_inner gap=\u00bb35&#8243;][vc_column_inner width=\u00bb1\/4&#8243;]<div class=\"vcex-module vcex-icon-box clr vcex-icon-box-two\"><img loading=\"lazy\" decoding=\"async\" class=\"vcex-icon-box-image\" style=\"width:90px;\" alt=\"+500 Empleados\" src=\"https:\/\/www.adelte.com\/wp-content\/uploads\/2018\/06\/equipo-circulos.png\" data-no-retina width=\"200\" height=\"200\" \/><div class=\"vcex-icon-box-heading\" style=\"font-weight:500;font-size:1.277em;\">+500 empleados<\/div><div class=\"vcex-icon-box-content clr\"><p>dise\u00f1ando, fabricando y manteniendo PBBs para aeropuertos y puertos de todo el mundo<\/p>\n<\/div><\/div>[\/vc_column_inner][vc_column_inner width=\u00bb1\/4&#8243;]<div class=\"vcex-module vcex-icon-box clr vcex-icon-box-two\"><img loading=\"lazy\" decoding=\"async\" class=\"vcex-icon-box-image\" style=\"width:90px;\" alt=\"Proyectos Llave En Mano\" src=\"https:\/\/www.adelte.com\/wp-content\/uploads\/2018\/06\/llave.png\" data-no-retina width=\"200\" height=\"200\" \/><div class=\"vcex-icon-box-heading\" style=\"font-weight:500;font-size:1.277em;\">Proyectos llave en mano<\/div><div class=\"vcex-icon-box-content clr\"><p>a la vanguardia de la innovaci\u00f3n y los servicios de productos aeroportuarios y portuarios<\/p>\n<\/div><\/div>[\/vc_column_inner][vc_column_inner width=\u00bb1\/4&#8243;]<div class=\"vcex-module vcex-icon-box clr vcex-icon-box-two\"><img loading=\"lazy\" decoding=\"async\" class=\"vcex-icon-box-image\" style=\"width:90px;\" alt=\"Servicio 360\u00ba\" src=\"https:\/\/www.adelte.com\/wp-content\/uploads\/2018\/06\/flecha-circulo-1.png\" data-no-retina width=\"200\" height=\"200\" \/><div class=\"vcex-icon-box-heading\" style=\"font-weight:500;font-size:1.277em;\">Servicio 360\u00ba<\/div><div class=\"vcex-icon-box-content clr\"><p>ADELTE controla todos los aspectos para su completa gama de soluciones de ingenier\u00eda<\/p>\n<\/div><\/div>[\/vc_column_inner][vc_column_inner width=\u00bb1\/4&#8243;]<div class=\"vcex-module vcex-icon-box clr vcex-icon-box-two\"><img loading=\"lazy\" decoding=\"async\" class=\"vcex-icon-box-image\" style=\"width:90px;\" alt=\"+150 Paises\" src=\"https:\/\/www.adelte.com\/wp-content\/uploads\/2018\/06\/mundo-global.png\" data-no-retina width=\"200\" height=\"200\" \/><div class=\"vcex-icon-box-heading\" style=\"font-weight:500;font-size:1.277em;\">+150 paises<\/div><div class=\"vcex-icon-box-content clr\"><p>m\u00e1s de cinco d\u00e9cadas de experiencia instalando pasarelas de embarque de pasajeros en todo el mundo<\/p>\n<\/div><\/div>[\/vc_column_inner][\/vc_row_inner][\/vc_column][\/vc_row][\/vc_section][vc_section el_id=\u00bbproyectos-destacados\u00bb][vc_row][vc_column]<h4 class=\"vcex-module vcex-heading vcex-heading-plain\" style=\"color:#3d6abd;font-size:20px;font-weight:500;\"><span class=\"vcex-heading-inner clr\">Sobre ADELTE GROUP<\/span><\/h4><div class=\"vcex-spacing hidden-phone\" style=\"height:30px\"><\/div>[\/vc_column][\/vc_row][vc_row gap=\u00bb35&#8243;][vc_column width=\u00bb1\/3&#8243;]<a href=\"https:\/\/www.adelte.com\/es\/sobre-adelte\/nuestra-historia\/\" class=\"vcex-module vcex-icon-box clr vcex-icon-box-two vcex-icon-box-link-wrap textleft\"><img loading=\"lazy\" decoding=\"async\" class=\"vcex-icon-box-image\" alt=\"Nuestra Historia\" src=\"https:\/\/www.adelte.com\/wp-content\/uploads\/2018\/04\/Our-History.jpg\" data-no-retina width=\"479\" height=\"277\" \/><div class=\"vcex-icon-box-heading\" style=\"font-weight:700;color:#3d6abd;font-size:20px;\">Nuestra historia<\/div><div class=\"vcex-icon-box-content clr\"><p>ADELTE es una organizaci\u00f3n de ingenier\u00eda con seis d\u00e9cadas de conocimiento y experiencia en el dise\u00f1o, fabricaci\u00f3n y suministro de soluciones de ingenier\u00eda innovadoras y servicios globales.<\/p>\n<\/div><\/a>[\/vc_column][vc_column width=\u00bb1\/3&#8243;]<a href=\"https:\/\/www.adelte.com\/es\/sobre-adelte\/empleo\/\" class=\"vcex-module vcex-icon-box clr vcex-icon-box-two vcex-icon-box-link-wrap textleft\"><img loading=\"lazy\" decoding=\"async\" class=\"vcex-icon-box-image\" alt=\"Empleo\" src=\"https:\/\/www.adelte.com\/wp-content\/uploads\/2018\/04\/Careers.jpg\" data-no-retina width=\"479\" height=\"277\" \/><div class=\"vcex-icon-box-heading\" style=\"font-weight:700;color:#3d6abd;font-size:20px;\">Empleo<\/div><div class=\"vcex-icon-box-content clr\"><p>Estamos continuamente buscando personas con talento que nos ayuden a crear las soluciones y proporcionar los servicios de ingenier\u00eda m\u00e1s avanzados e innovadores para los sectores del transporte a\u00e9reo y mar\u00edtimo<\/p>\n<\/div><\/a>[\/vc_column][vc_column width=\u00bb1\/3&#8243;]<a href=\"https:\/\/www.adelte.com\/es\/sobre-adelte\/innovacion\/\" class=\"vcex-module vcex-icon-box clr vcex-icon-box-two vcex-icon-box-link-wrap textleft\"><img loading=\"lazy\" decoding=\"async\" class=\"vcex-icon-box-image\" alt=\"Innovaci\u00f3n E Ingenier\u00eda\" src=\"https:\/\/www.adelte.com\/wp-content\/uploads\/2018\/09\/innovation_adelte_page.jpg\" data-no-retina width=\"479\" height=\"277\" \/><div class=\"vcex-icon-box-heading\" style=\"font-weight:700;color:#3d6abd;font-size:20px;\">Innovaci\u00f3n e ingenier\u00eda<\/div><div class=\"vcex-icon-box-content clr\"><p>Creemos que la constante dedicaci\u00f3n a I+D+I es crucial para ofrecer las mejores soluciones posibles y proporcionar un mejor servicio a nuestros clientes en todo el mundo.<\/p>\n<\/div><\/a>[\/vc_column][\/vc_row][vc_row][vc_column]<div class=\"vcex-spacing hidden-phone\" style=\"height:30px\"><\/div>[\/vc_column][\/vc_row][vc_row gap=\u00bb35&#8243;][vc_column width=\u00bb1\/3&#8243;]<a href=\"https:\/\/www.adelte.com\/es\/sobre-adelte\/qhse-ambiente\/\" class=\"vcex-module vcex-icon-box clr vcex-icon-box-two vcex-icon-box-link-wrap textleft\"><img loading=\"lazy\" decoding=\"async\" class=\"vcex-icon-box-image\" alt=\"Pol\u00edtica De Calidad, Salud, Seguridad Y Medio Ambiente\" src=\"https:\/\/www.adelte.com\/wp-content\/uploads\/2018\/04\/Health-Safety-Environment.jpg\" data-no-retina width=\"479\" height=\"277\" \/><div class=\"vcex-icon-box-heading\" style=\"font-weight:700;color:#3d6abd;font-size:20px;\">Pol\u00edtica de Calidad, Salud, Seguridad y Medio Ambiente<\/div><div class=\"vcex-icon-box-content clr\"><p>El Grupo ADELTE siempre tiene presente el cuidado del medio ambiente, as\u00ed como la salud y la seguridad de sus empleados, productos, clientes, operarios y accionistas, sin por ello sacrificar los altos niveles de calidad de nuestros productos y servicios.<\/p>\n<\/div><\/a>[\/vc_column][vc_column width=\u00bb1\/3&#8243;]<a href=\"https:\/\/www.adelte.com\/es\/sobre-adelte\/noticias-y-eventos\/\" class=\"vcex-module vcex-icon-box clr vcex-icon-box-two vcex-icon-box-link-wrap textleft\"><img loading=\"lazy\" decoding=\"async\" class=\"vcex-icon-box-image\" alt=\"Noticias Y Eventos\" src=\"https:\/\/www.adelte.com\/wp-content\/uploads\/2018\/04\/News-Events.jpg\" data-no-retina width=\"479\" height=\"277\" \/><div class=\"vcex-icon-box-heading\" style=\"font-weight:700;color:#3d6abd;font-size:20px;\">Noticias y Eventos<\/div><div class=\"vcex-icon-box-content clr\"><p>Lea nuestros comunicados de prensa y publicaciones y descubra cu\u00e1ndo y d\u00f3nde puede visitarnos en los pr\u00f3ximos eventos<\/p>\n<\/div><\/a>[\/vc_column][vc_column width=\u00bb1\/3&#8243;]<a href=\"https:\/\/www.adelte.com\/es\/sobre-adelte\/codigo-etico-de-adelte\/\" class=\"vcex-module vcex-icon-box clr vcex-icon-box-two vcex-icon-box-link-wrap textleft\"><img loading=\"lazy\" decoding=\"async\" class=\"vcex-icon-box-image\" alt=\"C\u00f3digo \u00e9tico De ADELTE Group\" src=\"https:\/\/www.adelte.com\/wp-content\/uploads\/2021\/03\/compliance-adelte-about.jpg\" data-no-retina width=\"479\" height=\"277\" \/><div class=\"vcex-icon-box-heading\" style=\"font-weight:700;color:#3d6abd;font-size:20px;\">C\u00f3digo \u00e9tico de ADELTE Group<\/div><div class=\"vcex-icon-box-content clr\"><p>Las pol\u00edticas del Grupo ADELTE definen nuestros valores y reflejan el compromiso de la organizaci\u00f3n de operar de acuerdo con los m\u00e1s altos est\u00e1ndares \u00e9ticos.<\/p>\n<\/div><\/a>[\/vc_column][\/vc_row][\/vc_section][vc_section full_width=\u00bbstretch_row\u00bb el_id=\u00bbcomponentes\u00bb css=\u00bb.vc_custom_1556794758345{background-color: #ffffff !important;}\u00bb][vc_row css=\u00bb.vc_custom_1556794764521{background-color: #ffffff !important;}\u00bb][vc_column]<div class=\"vcex-module vcex-icon-box clr vcex-icon-box-two vcex-icon-box-wo-icon textcenter  vc_custom_1537258071318\"><h2 class=\"vcex-icon-box-heading\" style=\"font-weight:500;color:#3d6abd;\">Miembro asociado<\/h2><div class=\"vcex-icon-box-content clr\"><p>Estamos asociados con las organizaciones l\u00edderes en<br \/>\nla industria aeroportuaria y portuaria<\/p>\n<\/div><\/div><div class=\"vcex-module wpex-carousel wpex-carousel-images clr owl-carousel\" data-items=\"5\" data-slideby=\"1\" data-nav=\"false\" data-dots=\"false\" data-autoplay=\"true\" data-loop=\"true\" data-autoplay-timeout=\"5000\" data-center=\"true\" data-margin=\"15\" data-items-tablet=\"2\" data-items-mobile-landscape=\"2\" data-items-mobile-portrait=\"2\" data-smart-speed=\"150\" data-auto-height=\"false\" data-auto-width=\"false\"><div class=\"wpex-carousel-slide\"><figure class=\"wpex-carousel-entry-media clr\"><img loading=\"lazy\" decoding=\"async\" width=\"241\" height=\"91\" src=\"https:\/\/www.adelte.com\/wp-content\/uploads\/2018\/04\/world-business-partner.png\" class=\"skip-lazy\" alt=\"\" data-no-lazy=\"1\" \/><\/figure><\/div><div class=\"wpex-carousel-slide\"><figure class=\"wpex-carousel-entry-media clr\"><img loading=\"lazy\" decoding=\"async\" width=\"241\" height=\"91\" src=\"https:\/\/www.adelte.com\/wp-content\/uploads\/2018\/04\/aapa.png\" class=\"skip-lazy\" alt=\"\" data-no-lazy=\"1\" \/><\/figure><\/div><div class=\"wpex-carousel-slide\"><figure class=\"wpex-carousel-entry-media clr\"><img loading=\"lazy\" decoding=\"async\" width=\"241\" height=\"91\" src=\"https:\/\/www.adelte.com\/wp-content\/uploads\/2018\/04\/bpo.png\" class=\"skip-lazy\" alt=\"\" data-no-lazy=\"1\" \/><\/figure><\/div><div class=\"wpex-carousel-slide\"><figure class=\"wpex-carousel-entry-media clr\"><img loading=\"lazy\" decoding=\"async\" width=\"241\" height=\"91\" src=\"https:\/\/www.adelte.com\/wp-content\/uploads\/2018\/04\/inter-ferry.png\" class=\"skip-lazy\" alt=\"\" data-no-lazy=\"1\" \/><\/figure><\/div><div class=\"wpex-carousel-slide\"><figure class=\"wpex-carousel-entry-media clr\"><img loading=\"lazy\" decoding=\"async\" width=\"241\" height=\"91\" src=\"https:\/\/www.adelte.com\/wp-content\/uploads\/2018\/04\/association-of-pacific-ports.png\" class=\"skip-lazy\" alt=\"\" data-no-lazy=\"1\" \/><\/figure><\/div><div class=\"wpex-carousel-slide\"><figure class=\"wpex-carousel-entry-media clr\"><img loading=\"lazy\" decoding=\"async\" width=\"215\" height=\"91\" src=\"https:\/\/www.adelte.com\/wp-content\/uploads\/2019\/05\/cruise_europe.jpg\" class=\"skip-lazy\" alt=\"\" data-no-lazy=\"1\" \/><\/figure><\/div><div class=\"wpex-carousel-slide\"><figure class=\"wpex-carousel-entry-media clr\"><img loading=\"lazy\" decoding=\"async\" width=\"215\" height=\"91\" src=\"https:\/\/www.adelte.com\/wp-content\/uploads\/2019\/05\/rete.jpg\" class=\"skip-lazy\" alt=\"\" data-no-lazy=\"1\" \/><\/figure><\/div><div class=\"wpex-carousel-slide\"><figure class=\"wpex-carousel-entry-media clr\"><img loading=\"lazy\" decoding=\"async\" width=\"163\" height=\"91\" src=\"https:\/\/www.adelte.com\/wp-content\/uploads\/2019\/05\/clia_.jpg\" class=\"skip-lazy\" alt=\"\" data-no-lazy=\"1\" \/><\/figure><\/div><\/div>[\/vc_column][\/vc_row][\/vc_section]\n","protected":false},"excerpt":{"rendered":"<p>[vc_section el_id=\u00bbintro-section\u00bb wpex_bg_position=\u00bbcenter center\u00bb][vc_row][vc_column width=\u00bb1\/6&#8243;][\/vc_column][vc_column width=\u00bb2\/3&#8243;][\/vc_column][vc_column width=\u00bb1\/6&#8243;][\/vc_column][\/vc_row][\/vc_section][vc_section full_width=\u00bbstretch_row\u00bb css=\u00bb.vc_custom_1523451944040{background-position: center !important;background-repeat: no-repeat !important;background-size: cover !important;}\u00bb el_id=\u00bbtechnology\u00bb][vc_row full_width=\u00bbstretch_row\u00bb typography_style=\u00bbwhite\u00bb][vc_column][vc_row_inner gap=\u00bb35&#8243;][vc_column_inner width=\u00bb1\/4&#8243;][\/vc_column_inner][vc_column_inner width=\u00bb1\/4&#8243;][\/vc_column_inner][vc_column_inner width=\u00bb1\/4&#8243;][\/vc_column_inner][vc_column_inner width=\u00bb1\/4&#8243;][\/vc_column_inner][\/vc_row_inner][\/vc_column][\/vc_row][\/vc_section][vc_section el_id=\u00bbproyectos-destacados\u00bb][vc_row][vc_column][\/vc_column][\/vc_row][vc_row gap=\u00bb35&#8243;][vc_column width=\u00bb1\/3&#8243;][\/vc_column][vc_column width=\u00bb1\/3&#8243;][\/vc_column][vc_column width=\u00bb1\/3&#8243;][\/vc_column][\/vc_row][vc_row][vc_column][\/vc_column][\/vc_row][vc_row gap=\u00bb35&#8243;][vc_column width=\u00bb1\/3&#8243;][\/vc_column][vc_column width=\u00bb1\/3&#8243;][\/vc_column][vc_column width=\u00bb1\/3&#8243;][\/vc_column][\/vc_row][\/vc_section][vc_section full_width=\u00bbstretch_row\u00bb el_id=\u00bbcomponentes\u00bb css=\u00bb.vc_custom_1556794758345{background-color: #ffffff !important;}\u00bb][vc_row css=\u00bb.vc_custom_1556794764521{background-color: #ffffff !important;}\u00bb][vc_column][\/vc_column][\/vc_row][\/vc_section]<\/p>\n","protected":false},"author":3,"featured_media":0,"parent":0,"menu_order":0,"comment_status":"closed","ping_status":"closed","template":"","meta":{"_acf_changed":false,"footnotes":""},"class_list":["post-5523","page","type-page","status-publish","hentry","entry","no-media"],"acf":[],"yoast_head":"<!-- This site is optimized with the Yoast SEO plugin v27.3 - https:\/\/yoast.com\/product\/yoast-seo-wordpress\/ -->\n<title>Sobre ADELTE - Seis d\u00e9cadas de ingenier\u00eda innovadora<\/title>\n<meta name=\"description\" content=\"ADELTE Group ofrece soluciones innovadoras y servicios orientados a aeropuertos y puertos en todo el mundo. \u00a1Con\u00f3cenos ahora!\" \/>\n<meta name=\"robots\" content=\"index, follow, max-snippet:-1, max-image-preview:large, max-video-preview:-1\" \/>\n<link rel=\"canonical\" href=\"https:\/\/www.adelte.com\/es\/sobre-adelte\/\" \/>\n<meta property=\"og:locale\" content=\"es_ES\" \/>\n<meta property=\"og:type\" content=\"article\" \/>\n<meta property=\"og:title\" content=\"Sobre ADELTE - Seis d\u00e9cadas de ingenier\u00eda innovadora\" \/>\n<meta property=\"og:description\" content=\"ADELTE Group ofrece soluciones innovadoras y servicios orientados a aeropuertos y puertos en todo el mundo. \u00a1Con\u00f3cenos ahora!\" \/>\n<meta property=\"og:url\" content=\"https:\/\/www.adelte.com\/es\/sobre-adelte\/\" \/>\n<meta property=\"og:site_name\" content=\"ADELTE\" \/>\n<meta property=\"article:modified_time\" content=\"2021-06-16T06:22:44+00:00\" \/>\n<meta name=\"twitter:card\" content=\"summary_large_image\" \/>\n<meta name=\"twitter:label1\" content=\"Tiempo de lectura\" \/>\n\t<meta name=\"twitter:data1\" content=\"3 minutos\" \/>\n<script type=\"application\/ld+json\" class=\"yoast-schema-graph\">{\"@context\":\"https:\\\/\\\/schema.org\",\"@graph\":[{\"@type\":\"WebPage\",\"@id\":\"https:\\\/\\\/www.adelte.com\\\/es\\\/sobre-adelte\\\/\",\"url\":\"https:\\\/\\\/www.adelte.com\\\/es\\\/sobre-adelte\\\/\",\"name\":\"Sobre ADELTE - Seis d\u00e9cadas de ingenier\u00eda innovadora\",\"isPartOf\":{\"@id\":\"https:\\\/\\\/www.adelte.com\\\/#website\"},\"datePublished\":\"2018-03-06T14:45:09+00:00\",\"dateModified\":\"2021-06-16T06:22:44+00:00\",\"description\":\"ADELTE Group ofrece soluciones innovadoras y servicios orientados a aeropuertos y puertos en todo el mundo. \u00a1Con\u00f3cenos ahora!\",\"breadcrumb\":{\"@id\":\"https:\\\/\\\/www.adelte.com\\\/es\\\/sobre-adelte\\\/#breadcrumb\"},\"inLanguage\":\"es\",\"potentialAction\":[{\"@type\":\"ReadAction\",\"target\":[\"https:\\\/\\\/www.adelte.com\\\/es\\\/sobre-adelte\\\/\"]}]},{\"@type\":\"BreadcrumbList\",\"@id\":\"https:\\\/\\\/www.adelte.com\\\/es\\\/sobre-adelte\\\/#breadcrumb\",\"itemListElement\":[{\"@type\":\"ListItem\",\"position\":1,\"name\":\"Home\",\"item\":\"https:\\\/\\\/www.adelte.com\\\/es\\\/\"},{\"@type\":\"ListItem\",\"position\":2,\"name\":\"Sobre ADELTE\"}]},{\"@type\":\"WebSite\",\"@id\":\"https:\\\/\\\/www.adelte.com\\\/#website\",\"url\":\"https:\\\/\\\/www.adelte.com\\\/\",\"name\":\"ADELTE\",\"description\":\"\",\"publisher\":{\"@id\":\"https:\\\/\\\/www.adelte.com\\\/#organization\"},\"potentialAction\":[{\"@type\":\"SearchAction\",\"target\":{\"@type\":\"EntryPoint\",\"urlTemplate\":\"https:\\\/\\\/www.adelte.com\\\/?s={search_term_string}\"},\"query-input\":{\"@type\":\"PropertyValueSpecification\",\"valueRequired\":true,\"valueName\":\"search_term_string\"}}],\"inLanguage\":\"es\"},{\"@type\":\"Organization\",\"@id\":\"https:\\\/\\\/www.adelte.com\\\/#organization\",\"name\":\"ADELTE\",\"url\":\"https:\\\/\\\/www.adelte.com\\\/\",\"logo\":{\"@type\":\"ImageObject\",\"inLanguage\":\"es\",\"@id\":\"https:\\\/\\\/www.adelte.com\\\/#\\\/schema\\\/logo\\\/image\\\/\",\"url\":\"https:\\\/\\\/www.adelte.com\\\/wp-content\\\/uploads\\\/2019\\\/05\\\/logo-adelte-white.png\",\"contentUrl\":\"https:\\\/\\\/www.adelte.com\\\/wp-content\\\/uploads\\\/2019\\\/05\\\/logo-adelte-white.png\",\"width\":251,\"height\":56,\"caption\":\"ADELTE\"},\"image\":{\"@id\":\"https:\\\/\\\/www.adelte.com\\\/#\\\/schema\\\/logo\\\/image\\\/\"}}]}<\/script>\n<!-- \/ Yoast SEO plugin. -->","yoast_head_json":{"title":"Sobre ADELTE - Seis d\u00e9cadas de ingenier\u00eda innovadora","description":"ADELTE Group ofrece soluciones innovadoras y servicios orientados a aeropuertos y puertos en todo el mundo. \u00a1Con\u00f3cenos ahora!","robots":{"index":"index","follow":"follow","max-snippet":"max-snippet:-1","max-image-preview":"max-image-preview:large","max-video-preview":"max-video-preview:-1"},"canonical":"https:\/\/www.adelte.com\/es\/sobre-adelte\/","og_locale":"es_ES","og_type":"article","og_title":"Sobre ADELTE - Seis d\u00e9cadas de ingenier\u00eda innovadora","og_description":"ADELTE Group ofrece soluciones innovadoras y servicios orientados a aeropuertos y puertos en todo el mundo. \u00a1Con\u00f3cenos ahora!","og_url":"https:\/\/www.adelte.com\/es\/sobre-adelte\/","og_site_name":"ADELTE","article_modified_time":"2021-06-16T06:22:44+00:00","twitter_card":"summary_large_image","twitter_misc":{"Tiempo de lectura":"3 minutos"},"schema":{"@context":"https:\/\/schema.org","@graph":[{"@type":"WebPage","@id":"https:\/\/www.adelte.com\/es\/sobre-adelte\/","url":"https:\/\/www.adelte.com\/es\/sobre-adelte\/","name":"Sobre ADELTE - Seis d\u00e9cadas de ingenier\u00eda innovadora","isPartOf":{"@id":"https:\/\/www.adelte.com\/#website"},"datePublished":"2018-03-06T14:45:09+00:00","dateModified":"2021-06-16T06:22:44+00:00","description":"ADELTE Group ofrece soluciones innovadoras y servicios orientados a aeropuertos y puertos en todo el mundo. \u00a1Con\u00f3cenos ahora!","breadcrumb":{"@id":"https:\/\/www.adelte.com\/es\/sobre-adelte\/#breadcrumb"},"inLanguage":"es","potentialAction":[{"@type":"ReadAction","target":["https:\/\/www.adelte.com\/es\/sobre-adelte\/"]}]},{"@type":"BreadcrumbList","@id":"https:\/\/www.adelte.com\/es\/sobre-adelte\/#breadcrumb","itemListElement":[{"@type":"ListItem","position":1,"name":"Home","item":"https:\/\/www.adelte.com\/es\/"},{"@type":"ListItem","position":2,"name":"Sobre ADELTE"}]},{"@type":"WebSite","@id":"https:\/\/www.adelte.com\/#website","url":"https:\/\/www.adelte.com\/","name":"ADELTE","description":"","publisher":{"@id":"https:\/\/www.adelte.com\/#organization"},"potentialAction":[{"@type":"SearchAction","target":{"@type":"EntryPoint","urlTemplate":"https:\/\/www.adelte.com\/?s={search_term_string}"},"query-input":{"@type":"PropertyValueSpecification","valueRequired":true,"valueName":"search_term_string"}}],"inLanguage":"es"},{"@type":"Organization","@id":"https:\/\/www.adelte.com\/#organization","name":"ADELTE","url":"https:\/\/www.adelte.com\/","logo":{"@type":"ImageObject","inLanguage":"es","@id":"https:\/\/www.adelte.com\/#\/schema\/logo\/image\/","url":"https:\/\/www.adelte.com\/wp-content\/uploads\/2019\/05\/logo-adelte-white.png","contentUrl":"https:\/\/www.adelte.com\/wp-content\/uploads\/2019\/05\/logo-adelte-white.png","width":251,"height":56,"caption":"ADELTE"},"image":{"@id":"https:\/\/www.adelte.com\/#\/schema\/logo\/image\/"}}]}},"_links":{"self":[{"href":"https:\/\/www.adelte.com\/es\/wp-json\/wp\/v2\/pages\/5523","targetHints":{"allow":["GET"]}}],"collection":[{"href":"https:\/\/www.adelte.com\/es\/wp-json\/wp\/v2\/pages"}],"about":[{"href":"https:\/\/www.adelte.com\/es\/wp-json\/wp\/v2\/types\/page"}],"author":[{"embeddable":true,"href":"https:\/\/www.adelte.com\/es\/wp-json\/wp\/v2\/users\/3"}],"replies":[{"embeddable":true,"href":"https:\/\/www.adelte.com\/es\/wp-json\/wp\/v2\/comments?post=5523"}],"version-history":[{"count":44,"href":"https:\/\/www.adelte.com\/es\/wp-json\/wp\/v2\/pages\/5523\/revisions"}],"predecessor-version":[{"id":15485,"href":"https:\/\/www.adelte.com\/es\/wp-json\/wp\/v2\/pages\/5523\/revisions\/15485"}],"wp:attachment":[{"href":"https:\/\/www.adelte.com\/es\/wp-json\/wp\/v2\/media?parent=5523"}],"curies":[{"name":"wp","href":"https:\/\/api.w.org\/{rel}","templated":true}]}}