{"id":5520,"date":"2018-03-07T09:19:39","date_gmt":"2018-03-07T09:19:39","guid":{"rendered":"http:\/\/www.adelte.com\/nuevaweb\/terms-conditions\/"},"modified":"2019-07-24T08:59:19","modified_gmt":"2019-07-24T07:59:19","slug":"terminos-y-condiciones","status":"publish","type":"page","link":"https:\/\/www.adelte.com\/es\/terminos-y-condiciones\/","title":{"rendered":"T\u00e9rminos y Condiciones"},"content":{"rendered":"<div>ADELTE GROUP SL garantiza que\u00a0<strong>te encuentras en un espacio 100 % seguro<\/strong>, por ello, dando cumplimiento con el deber de informaci\u00f3n recogido en art\u00edculo 10 de la Ley 34\/2002, de 11 de julio, de Servicios de la Sociedad de la Informaci\u00f3n y del Comercio Electr\u00f3nico, a continuaci\u00f3n se hace constar:<\/div>\n<div>\n<p><strong>Datos identificativos del responsable<\/strong><\/p>\n<p>Tal y como recoge la Ley 34\/2002, de 11 de julio, de servicios de la sociedad de la informaci\u00f3n y de comercio electr\u00f3nico, le informo que:<\/p>\n<p>Denominaci\u00f3n social:\u00a0<strong>ADELTE GROUP S.L.<\/strong><br \/>\nCIF:\u00a0<strong>B-65606998<\/strong><br \/>\nDomicilio social :\u00a0<strong>Av. Josep Tarradellas n\u00ba20 4\u00aa planta 08029 Barcelona (Espa\u00f1a)<\/strong><br \/>\nEmail:\u00a0<strong><a href=\"mailto:marketing@adelte.com\">marketing@adelte.com<\/a><\/strong><\/p>\n<p><strong>Finalidad de la p\u00e1gina web:<\/strong><\/p>\n<p>Los servicios prestados por el responsable de la p\u00e1gina web son los siguientes:<\/p>\n<ul>\n<li>Suministrar informaci\u00f3n acerca de los productos y servicios de nuestra compa\u00f1\u00eda<\/li>\n<li>Gestionar la lista de suscriptores<\/li>\n<li>Suministro de contenidos en el blog de noticias y eventos<\/li>\n<\/ul>\n<p>&nbsp;<\/p>\n<p><strong>Usuarios:<\/strong><\/p>\n<p>El acceso y\/o uso de este sitio web atribuye la condici\u00f3n de USUARIO, que acepta, desde dicho acceso y\/o uso,\u00a0los presentes t\u00e9rminos de uso, no obstante, por el mero uso de la p\u00e1gina web no significa el inicio de relaci\u00f3n laboral\/comercial alguna.<\/p>\n<p><strong>USO DEL SITIO WEB Y CAPTURA DE INFORMACI\u00d3N<\/strong><\/p>\n<p><strong>USO DEL SITIO WEB:<\/strong><\/p>\n<p>La p\u00e1gina web\u00a0<strong>https:\/\/www.adelte.com\/<\/strong>\u00a0en adelante\u00a0(\u201cLa Web\u201d)\u00a0proporciona el acceso a art\u00edculos, informaciones, servicios y datos (en adelante, \u201clos contenidos\u201d) propiedad de\u00a0ADELTE GROUP S.L. El USUARIO asume la responsabilidad del uso de la web.<\/p>\n<p>El USUARIO se compromete a hacer un uso adecuado de los contenidos que ofrece a trav\u00e9s de su web y con car\u00e1cter enunciativo pero no limitativo, a no emplearlos para:<\/p>\n<p>(a) incurrir en actividades il\u00edcitas, ilegales o contrarias a la buena fe y al orden p\u00fablico;<\/p>\n<p>(b) difundir contenidos o propaganda de car\u00e1cter racista, xen\u00f3fobo, pornogr\u00e1fico-ilegal, de apolog\u00eda del terrorismo o atentatorio contra los derechos humanos;<\/p>\n<p>(c) provocar da\u00f1os en los sistemas f\u00edsicos y l\u00f3gicos de https:\/\/www.adelte.com, de sus proveedores o de terceras personas, introducir o difundir en la red virus inform\u00e1ticos o cualesquiera otros sistemas f\u00edsicos o l\u00f3gicos que sean susceptibles de provocar los da\u00f1os anteriormente mencionados;<\/p>\n<p>(d) intentar acceder y, en su caso, utilizar las cuentas de correo electr\u00f3nico de otros usuarios y modificar o manipular sus mensajes.<\/p>\n<p><strong>ADELTE GROUP SL\u00a0<\/strong>se reserva el derecho de retirar todos aquellos comentarios y aportaciones que vulneren el respeto a la dignidad de la persona, que sean discriminatorios, xen\u00f3fobos, racistas, pornogr\u00e1ficos, que atenten contra la juventud o la infancia, el orden o la seguridad p\u00fablica o que, a su juicio, no resultaran adecuados para su publicaci\u00f3n.<\/p>\n<p>En cualquier caso,\u00a0<strong>ADELTE GROUP SL<\/strong>\u00a0no ser\u00e1 responsable de las opiniones vertidas por los usuarios a trav\u00e9s del blog de noticias y eventos de nuestra compa\u00f1\u00eda u otras herramientas de participaci\u00f3n que puedan crearse, conforme a lo previsto en la normativa de aplicaci\u00f3n.<\/p>\n<p><strong>Captura de informaci\u00f3n:<\/strong><\/p>\n<p>1)\u00a0<strong>Formulario de contacto<\/strong>, donde el USUARIO deber\u00e1 rellenar los campos de: G\u00e9nero, Nombre, Apellidos, Email, Empresa, Cargo, Mensaje, Pa\u00eds, mensaje y si quiere recibir informaci\u00f3n sobre nuestra organizaci\u00f3n.<\/p>\n<p>2)\u00a0<strong>Cookies de rastreo<\/strong>, conforme a las siguientes reglas: Navegaci\u00f3n y Direcci\u00f3n IP: Al navegar por esta web, el usuario facilita de forma autom\u00e1tica al servidor de la web informaci\u00f3n relativa a tu direcci\u00f3n IP, fecha y hora de acceso, el hiperv\u00ednculo que le ha reenviado a \u00e9stas, tu sistema operativo y el navegador utilizado.<\/p>\n<p>A pesar de lo anterior, los usuarios podr\u00e1n\u00a0<strong>darse de baja en cualquier momento<\/strong>\u00a0de los servicios prestados por\u00a0<strong>ADELTE GROUP SL\u00a0<\/strong>o datos aportados por el USUARIO dando cumplimiento a la normativa vigente sobre Protecci\u00f3n de Datos. Asimismo, tanto al suscribirse a esta p\u00e1gina web como al realizar alg\u00fan comentario en cualquiera de sus p\u00e1ginas y\/o entradas, el usuario consiente que el tratamiento de sus datos personales en el entorno de WordPress conforme a\u00a0sus pol\u00edticas de privacidad.<\/p>\n<p>Asimismo, informamos que la informaci\u00f3n de nuestros usuarios est\u00e1 protegida de acuerdo a\u00a0<a href=\"https:\/\/www.adelte.com\/es\/politica-de-privacidad\/\">nuestra pol\u00edtica de privacidad.<\/a><\/p>\n<p>Al activar la casilla de \u201cDeseo recibir informaci\u00f3n sobre ADELTE\u201d de un formulario de contacto, el usuario comprende y acepta que:<\/p>\n<p>Desde el momento en que efect\u00faa su suscripci\u00f3n\u00a0<strong>ADELTE GROUP SL<\/strong>\u00a0tiene acceso a: G\u00e9nero, Nombre, Apellidos, Email, Empresa, Cargo, Mensaje, Pa\u00eds y mensaje enviado conformando un fichero debidamente inscrito en el Registro General de la\u00a0Agencia Espa\u00f1ola de Protecci\u00f3n de Datos\u00a0con el nombre de \u201cPROSPECTS\u201d.<\/p>\n<p>En todo caso\u00a0<strong>ADELTE GROUP SL<\/strong>\u00a0se reserva el derecho de modificar, en cualquier momento y sin necesidad de previo aviso, la presentaci\u00f3n y configuraci\u00f3n de la web\u00a0https:\/\/www.adelte.com\/ como el presente aviso legal.<\/p>\n<p><strong>PROPIEDAD INTELECTUAL E INDUSTRIAL:\u00a0<\/strong><\/p>\n<p><strong>ADELTE GROUP SL\u00a0<\/strong>por s\u00ed o como cesionario, es titular de todos los derechos de propiedad intelectual e industrial de su p\u00e1gina web, as\u00ed como de los elementos contenidos en la misma (a t\u00edtulo enunciativo, im\u00e1genes, sonido, audio, v\u00eddeo, software o textos; marcas o logotipos, combinaciones de colores, estructura y dise\u00f1o, selecci\u00f3n de materiales usados, programas de ordenador necesarios para su funcionamiento, acceso y uso, etc.), titularidad de<strong>\u00a0ADELTE GROUP SL<\/strong>. Todos los derechos reservados.<\/p>\n<p>Cualquier uso no autorizado previamente por\u00a0<strong>ADELTE GROUP SL,\u00a0<\/strong>ser\u00e1 considerado un incumplimiento grave de los derechos de propiedad intelectual o industrial del autor.<\/p>\n<p>Quedan expresamente prohibidas la reproducci\u00f3n, la distribuci\u00f3n y la comunicaci\u00f3n p\u00fablica, incluida su modalidad de puesta a disposici\u00f3n, de la totalidad o parte de los contenidos de esta p\u00e1gina web, con fines comerciales, en cualquier soporte y por cualquier medio t\u00e9cnico, sin la autorizaci\u00f3n de\u00a0<strong>A<\/strong><strong>DELTE GROUP SL<\/strong>.<\/p>\n<p>El USUARIO se compromete a respetar los derechos de Propiedad Intelectual e Industrial titularidad de<strong>\u00a0ADELTE GROUP SL<\/strong>. Podr\u00e1 visualizar \u00fanicamente los elementos de la web sin posibilidad de imprimirlos, copiarlos o almacenarlos en el disco duro de su ordenador o en cualquier otro soporte f\u00edsico. El USUARIO deber\u00e1 abstenerse de suprimir, alterar, eludir o manipular cualquier dispositivo de protecci\u00f3n o sistema de seguridad que estuviera instalado en las p\u00e1ginas de\u00a0<strong>ADELTE GROUP SL<\/strong>.<\/p>\n<p><strong>EXCLUSI\u00d3N DE GARANT\u00cdAS Y RESPONSABILIDAD:<\/strong><\/p>\n<p><strong>ADELTE GROUP SL\u00a0<\/strong>no se hace responsable, en ning\u00fan caso, de los da\u00f1os y perjuicios de cualquier naturaleza que pudieran ocasionar, a t\u00edtulo enunciativo: por errores u omisiones en los contenidos, por falta de disponibilidad del sitio web, \u2013 el cual realizar\u00e1 paradas peri\u00f3dicas por mantenimientos t\u00e9cnicos \u2013 as\u00ed como por la transmisi\u00f3n de virus o programas maliciosos o lesivos en los contenidos, a pesar de haber adoptado todas las medidas tecnol\u00f3gicas necesarias para evitarlo.<\/p>\n<p><strong>MODIFICACIONES:<\/strong><\/p>\n<p><strong>ADELTE GROUP SL\u00a0<\/strong>se reserva el derecho de efectuar sin previo aviso las modificaciones que considere oportunas en su web, pudiendo cambiar, suprimir o a\u00f1adir tanto los contenidos y servicios que se presten a trav\u00e9s de la misma como la forma en la que \u00e9stos aparezcan presentados o localizados en su web.<\/p>\n<p><strong>POL\u00cdTICA DE ENLACES:<\/strong><\/p>\n<p>Las personas o entidades que pretendan realizar o realicen un hiperenlace desde una p\u00e1gina web de otro portal de Internet a la web de\u00a0<strong>ADELTE GROUP SL\u00a0<\/strong>deber\u00e1n someterse\u00a0 las siguientes condiciones:<\/p>\n<p>\u2013 No se permite la reproducci\u00f3n total o parcial de ninguno de los servicios ni contenidos del sitio web sin la previa autorizaci\u00f3n expresa de\u00a0<strong>ADELTE GROUP SL<\/strong><\/p>\n<p>\u2013 No se establecer\u00e1n deep-links ni enlaces IMG o de imagen, ni frames con la web de\u00a0<strong>ADELTE GROUP SL<\/strong>\u00a0sin su previa autorizaci\u00f3n expresa.<\/p>\n<p>\u2013 No se establecer\u00e1 ninguna manifestaci\u00f3n falsa, inexacta o incorrecta sobre la web de\u00a0<strong>ADELTE GROUP SL<\/strong>, ni sobre los servicios o contenidos de la misma. Salvo aquellos signos que formen parte del hiperv\u00ednculo, la p\u00e1gina web en la que se establezca no contendr\u00e1 ninguna marca, nombre comercial, r\u00f3tulo de establecimiento, denominaci\u00f3n, logotipo, eslogan u otros signos distintivos pertenecientes a\u00a0<strong>ADELTE GROUP SL<\/strong>, salvo autorizaci\u00f3n expresa de \u00e9ste.<\/p>\n<p>\u2013 El establecimiento del hiperv\u00ednculo no implicar\u00e1 la existencia de relaciones entre\u00a0<strong>ADELTE GROUP SL<\/strong>\u00a0y el titular de la p\u00e1gina web o del portal desde el cual se realice, ni el conocimiento y aceptaci\u00f3n de\u00a0<strong>ADELTE GROUP SL\u00a0<\/strong>de los servicios y contenidos ofrecidos en dicha p\u00e1gina web o portal.<\/p>\n<p>\u2013\u00a0<strong>ADELTE GROUP SL<\/strong>\u00a0no ser\u00e1 responsable de los contenidos o servicios puestos a disposici\u00f3n del p\u00fablico en la p\u00e1gina web o portal desde el cual se realice el hiperv\u00ednculo, ni de las informaciones y manifestaciones incluidas en los mismos.<\/p>\n<p>El sitio web de\u00a0<strong>ADELTE GROUP SL<\/strong>\u00a0puede poner a disposici\u00f3n del usuario conexiones y enlaces a otros sitios web gestionados y controlados por terceros. Dichos enlaces tienen como exclusiva funci\u00f3n, la de facilitar a los usuarios la b\u00fasqueda de informaci\u00f3n, contenidos y servicios en Internet, sin que en ning\u00fan caso pueda considerarse una sugerencia, recomendaci\u00f3n o invitaci\u00f3n para la visita de los mismos.<\/p>\n<p><strong>ADELTE GROUP SL<\/strong>\u00a0no comercializa, ni dirige, ni controla previamente, ni hace propios los contenidos, servicios, informaciones y manifestaciones disponibles en dichos sitios web.<\/p>\n<p><strong>ADELTE GROUP SL<\/strong>\u00a0no asume ning\u00fan tipo de responsabilidad, ni siquiera de forma indirecta o subsidiaria, por los da\u00f1os y perjuicios de toda clase que pudieran derivarse del acceso, mantenimiento, uso, calidad, licitud, fiabilidad y utilidad de los contenidos, informaciones, comunicaciones, opiniones, manifestaciones, productos y servicios existentes u ofrecidos en los sitios web no gestionados por\u00a0<strong>ADELTE GROUP SL\u00a0<\/strong>y que resulten accesibles a trav\u00e9s de<strong>\u00a0ADELTE GROUP SL<\/strong><\/p>\n<p><strong>DERECHO DE EXCLUSI\u00d3N:<\/strong><\/p>\n<p><strong>ADELTE GROUP SL\u00a0<\/strong>se reserva el derecho a denegar o retirar el acceso al portal y\/o los servicios ofrecidos sin necesidad de preaviso, a instancia propia o de un tercero, a aquellos usuarios que incumplan las presentes Condiciones Generales de Uso.<strong>\u00a0<\/strong><\/p>\n<p><strong>GENERALIDADES :<\/strong><\/p>\n<p><strong>ADELTE GROUP SL\u00a0<\/strong>perseguir\u00e1 el incumplimiento de las presentes condiciones as\u00ed como cualquier utilizaci\u00f3n indebida de su web ejerciendo todas las acciones civiles y penales que le puedan corresponder en derecho.<\/p>\n<p><strong>MODIFICACI\u00d3N DE LAS PRESENTES CONDICIONES Y DURACI\u00d3N:<\/strong><\/p>\n<p><strong>ADELTE GROUP SL\u00a0<\/strong>podr\u00e1 modificar en cualquier momento las condiciones aqu\u00ed determinadas, siendo debidamente publicadas como aqu\u00ed aparecen. La vigencia de las citadas condiciones ir\u00e1 en funci\u00f3n de su exposici\u00f3n y estar\u00e1n vigentes hasta que sean modificadas por otras debidamente publicadas.<\/p>\n<p><strong>RECLAMACIONES Y DUDAS:<\/strong><\/p>\n<p><strong>ADELTE GROUP SL\u00a0<\/strong>informa que existen hojas de reclamaci\u00f3n a disposici\u00f3n de usuarios y clientes pudiendo remitir un correo a\u00a0marketing@adelte.com\u00a0indicando su nombre y apellidos, el servicio o producto adquirido y exponiendo los motivos de su reclamaci\u00f3n.<\/p>\n<p>Tambi\u00e9n puede dirigir su reclamaci\u00f3n por correo postal dirigido a:\u00a0<strong>ADELTE GROUP SL,\u00a0<\/strong>Av. Josep Tarradellas n\u00ba20 4\u00aa planta 08029 Barcelona (Espa\u00f1a)<\/p>\n<p><strong>LEGISLACI\u00d3N APLICABLE Y JURISDICCI\u00d3N:<\/strong><\/p>\n<p>La relaci\u00f3n entre\u00a0<strong>ADELTE GROUP SL\u00a0<\/strong>y el USUARIO se regir\u00e1 por la normativa espa\u00f1ola vigente y cualquier controversia se someter\u00e1 a los Juzgados y tribunales de la ciudad de Barcelona, salvo que la Ley aplicable disponga otra cosa.<\/p>\n<p><em>Este aviso legal ha sido actualizado el d\u00eda 20\u00a0de Mayo de 2018.<\/em><\/p>\n<\/div>\n","protected":false},"excerpt":{"rendered":"<p>ADELTE GROUP SL garantiza que\u00a0te encuentras en un espacio 100 % seguro, por ello, dando cumplimiento con el deber de informaci\u00f3n recogido en art\u00edculo 10 de la Ley 34\/2002, de 11 de julio, de Servicios de la Sociedad de la&hellip;<\/p>\n","protected":false},"author":3,"featured_media":0,"parent":0,"menu_order":0,"comment_status":"closed","ping_status":"closed","template":"","meta":{"_acf_changed":false,"footnotes":""},"class_list":["post-5520","page","type-page","status-publish","hentry","entry","no-media"],"acf":[],"yoast_head":"<!-- This site is optimized with the Yoast SEO plugin v27.3 - https:\/\/yoast.com\/product\/yoast-seo-wordpress\/ -->\n<title>T\u00e9rminos y Condiciones<\/title>\n<meta name=\"robots\" content=\"noindex, nofollow\" \/>\n<meta property=\"og:locale\" content=\"es_ES\" \/>\n<meta property=\"og:type\" content=\"article\" \/>\n<meta property=\"og:title\" content=\"T\u00e9rminos y Condiciones\" \/>\n<meta property=\"og:description\" content=\"ADELTE GROUP SL garantiza que\u00a0te encuentras en un espacio 100 % seguro, por ello, dando cumplimiento con el deber de informaci\u00f3n recogido en art\u00edculo 10 de la Ley 34\/2002, de 11 de julio, de Servicios de la Sociedad de la&hellip;\" \/>\n<meta property=\"og:url\" content=\"https:\/\/www.adelte.com\/es\/terminos-y-condiciones\/\" \/>\n<meta property=\"og:site_name\" content=\"ADELTE\" \/>\n<meta property=\"article:modified_time\" content=\"2019-07-24T07:59:19+00:00\" \/>\n<meta name=\"twitter:card\" content=\"summary_large_image\" \/>\n<meta name=\"twitter:label1\" content=\"Tiempo de lectura\" \/>\n\t<meta name=\"twitter:data1\" content=\"10 minutos\" \/>\n<script type=\"application\/ld+json\" class=\"yoast-schema-graph\">{\"@context\":\"https:\\\/\\\/schema.org\",\"@graph\":[{\"@type\":\"WebPage\",\"@id\":\"https:\\\/\\\/www.adelte.com\\\/es\\\/terminos-y-condiciones\\\/\",\"url\":\"https:\\\/\\\/www.adelte.com\\\/es\\\/terminos-y-condiciones\\\/\",\"name\":\"T\u00e9rminos y Condiciones\",\"isPartOf\":{\"@id\":\"https:\\\/\\\/www.adelte.com\\\/#website\"},\"datePublished\":\"2018-03-07T09:19:39+00:00\",\"dateModified\":\"2019-07-24T07:59:19+00:00\",\"breadcrumb\":{\"@id\":\"https:\\\/\\\/www.adelte.com\\\/es\\\/terminos-y-condiciones\\\/#breadcrumb\"},\"inLanguage\":\"es\",\"potentialAction\":[{\"@type\":\"ReadAction\",\"target\":[\"https:\\\/\\\/www.adelte.com\\\/es\\\/terminos-y-condiciones\\\/\"]}]},{\"@type\":\"BreadcrumbList\",\"@id\":\"https:\\\/\\\/www.adelte.com\\\/es\\\/terminos-y-condiciones\\\/#breadcrumb\",\"itemListElement\":[{\"@type\":\"ListItem\",\"position\":1,\"name\":\"Home\",\"item\":\"https:\\\/\\\/www.adelte.com\\\/es\\\/\"},{\"@type\":\"ListItem\",\"position\":2,\"name\":\"T\u00e9rminos y Condiciones\"}]},{\"@type\":\"WebSite\",\"@id\":\"https:\\\/\\\/www.adelte.com\\\/#website\",\"url\":\"https:\\\/\\\/www.adelte.com\\\/\",\"name\":\"ADELTE\",\"description\":\"\",\"publisher\":{\"@id\":\"https:\\\/\\\/www.adelte.com\\\/#organization\"},\"potentialAction\":[{\"@type\":\"SearchAction\",\"target\":{\"@type\":\"EntryPoint\",\"urlTemplate\":\"https:\\\/\\\/www.adelte.com\\\/?s={search_term_string}\"},\"query-input\":{\"@type\":\"PropertyValueSpecification\",\"valueRequired\":true,\"valueName\":\"search_term_string\"}}],\"inLanguage\":\"es\"},{\"@type\":\"Organization\",\"@id\":\"https:\\\/\\\/www.adelte.com\\\/#organization\",\"name\":\"ADELTE\",\"url\":\"https:\\\/\\\/www.adelte.com\\\/\",\"logo\":{\"@type\":\"ImageObject\",\"inLanguage\":\"es\",\"@id\":\"https:\\\/\\\/www.adelte.com\\\/#\\\/schema\\\/logo\\\/image\\\/\",\"url\":\"https:\\\/\\\/www.adelte.com\\\/wp-content\\\/uploads\\\/2019\\\/05\\\/logo-adelte-white.png\",\"contentUrl\":\"https:\\\/\\\/www.adelte.com\\\/wp-content\\\/uploads\\\/2019\\\/05\\\/logo-adelte-white.png\",\"width\":251,\"height\":56,\"caption\":\"ADELTE\"},\"image\":{\"@id\":\"https:\\\/\\\/www.adelte.com\\\/#\\\/schema\\\/logo\\\/image\\\/\"}}]}<\/script>\n<!-- \/ Yoast SEO plugin. -->","yoast_head_json":{"title":"T\u00e9rminos y Condiciones","robots":{"index":"noindex","follow":"nofollow"},"og_locale":"es_ES","og_type":"article","og_title":"T\u00e9rminos y Condiciones","og_description":"ADELTE GROUP SL garantiza que\u00a0te encuentras en un espacio 100 % seguro, por ello, dando cumplimiento con el deber de informaci\u00f3n recogido en art\u00edculo 10 de la Ley 34\/2002, de 11 de julio, de Servicios de la Sociedad de la&hellip;","og_url":"https:\/\/www.adelte.com\/es\/terminos-y-condiciones\/","og_site_name":"ADELTE","article_modified_time":"2019-07-24T07:59:19+00:00","twitter_card":"summary_large_image","twitter_misc":{"Tiempo de lectura":"10 minutos"},"schema":{"@context":"https:\/\/schema.org","@graph":[{"@type":"WebPage","@id":"https:\/\/www.adelte.com\/es\/terminos-y-condiciones\/","url":"https:\/\/www.adelte.com\/es\/terminos-y-condiciones\/","name":"T\u00e9rminos y Condiciones","isPartOf":{"@id":"https:\/\/www.adelte.com\/#website"},"datePublished":"2018-03-07T09:19:39+00:00","dateModified":"2019-07-24T07:59:19+00:00","breadcrumb":{"@id":"https:\/\/www.adelte.com\/es\/terminos-y-condiciones\/#breadcrumb"},"inLanguage":"es","potentialAction":[{"@type":"ReadAction","target":["https:\/\/www.adelte.com\/es\/terminos-y-condiciones\/"]}]},{"@type":"BreadcrumbList","@id":"https:\/\/www.adelte.com\/es\/terminos-y-condiciones\/#breadcrumb","itemListElement":[{"@type":"ListItem","position":1,"name":"Home","item":"https:\/\/www.adelte.com\/es\/"},{"@type":"ListItem","position":2,"name":"T\u00e9rminos y Condiciones"}]},{"@type":"WebSite","@id":"https:\/\/www.adelte.com\/#website","url":"https:\/\/www.adelte.com\/","name":"ADELTE","description":"","publisher":{"@id":"https:\/\/www.adelte.com\/#organization"},"potentialAction":[{"@type":"SearchAction","target":{"@type":"EntryPoint","urlTemplate":"https:\/\/www.adelte.com\/?s={search_term_string}"},"query-input":{"@type":"PropertyValueSpecification","valueRequired":true,"valueName":"search_term_string"}}],"inLanguage":"es"},{"@type":"Organization","@id":"https:\/\/www.adelte.com\/#organization","name":"ADELTE","url":"https:\/\/www.adelte.com\/","logo":{"@type":"ImageObject","inLanguage":"es","@id":"https:\/\/www.adelte.com\/#\/schema\/logo\/image\/","url":"https:\/\/www.adelte.com\/wp-content\/uploads\/2019\/05\/logo-adelte-white.png","contentUrl":"https:\/\/www.adelte.com\/wp-content\/uploads\/2019\/05\/logo-adelte-white.png","width":251,"height":56,"caption":"ADELTE"},"image":{"@id":"https:\/\/www.adelte.com\/#\/schema\/logo\/image\/"}}]}},"_links":{"self":[{"href":"https:\/\/www.adelte.com\/es\/wp-json\/wp\/v2\/pages\/5520","targetHints":{"allow":["GET"]}}],"collection":[{"href":"https:\/\/www.adelte.com\/es\/wp-json\/wp\/v2\/pages"}],"about":[{"href":"https:\/\/www.adelte.com\/es\/wp-json\/wp\/v2\/types\/page"}],"author":[{"embeddable":true,"href":"https:\/\/www.adelte.com\/es\/wp-json\/wp\/v2\/users\/3"}],"replies":[{"embeddable":true,"href":"https:\/\/www.adelte.com\/es\/wp-json\/wp\/v2\/comments?post=5520"}],"version-history":[{"count":6,"href":"https:\/\/www.adelte.com\/es\/wp-json\/wp\/v2\/pages\/5520\/revisions"}],"predecessor-version":[{"id":12088,"href":"https:\/\/www.adelte.com\/es\/wp-json\/wp\/v2\/pages\/5520\/revisions\/12088"}],"wp:attachment":[{"href":"https:\/\/www.adelte.com\/es\/wp-json\/wp\/v2\/media?parent=5520"}],"curies":[{"name":"wp","href":"https:\/\/api.w.org\/{rel}","templated":true}]}}