{"id":10046,"date":"2018-09-18T11:24:28","date_gmt":"2018-09-18T10:24:28","guid":{"rendered":"http:\/\/www.adelte.com\/nuevaweb\/politica-de-cookies\/"},"modified":"2019-01-29T14:15:21","modified_gmt":"2019-01-29T13:15:21","slug":"politica-de-cookies","status":"publish","type":"page","link":"https:\/\/www.adelte.com\/es\/politica-de-cookies\/","title":{"rendered":"Pol\u00edtica de Cookies"},"content":{"rendered":"<p>La LSSI-CE, \u00a0obliga a todos los que tenemos una web\u00a0a\u00a0<strong>advertir\u00a0al usuario de la existencia de cookies, informar sobre ellas y requerirle permiso para descargarlas.<\/strong><\/p>\n<p><em>Art\u00edculo 22.2 de la Ley 34\/2002. \u201cLos prestadores de servicios podr\u00e1n utilizar dispositivos de almacenamiento y recuperaci\u00f3n de datos en equipos terminales de los destinatarios, a condici\u00f3n de que los mismos\u00a0<\/em><strong>hayan dado su consentimiento despu\u00e9s de que se les haya facilitado informaci\u00f3n clara y completa sobre su utilizaci\u00f3n<\/strong><em>, en particular, sobre los fines del tratamiento de los datos, con arreglo a lo dispuesto en la Ley Org\u00e1nica 15\/1999, de 13 de diciembre, de Protecci\u00f3n de Datos de Car\u00e1cter Personal\u201d.<\/em><\/p>\n<p><strong>ADELTE GROUP SL<\/strong>\u00a0cumple con el m\u00e1ximo rigor el art\u00edculo 22.2 el de la Ley 34\/2002 de Servicios de la Sociedad de la Informaci\u00f3n y Comercio Electr\u00f3nico referente a las cookies, no obstante, no siempre es posible contar con informaci\u00f3n actualizada de las cookies que terceras partes puedan utilizar a trav\u00e9s de este sitio web. Esto se aplica especialmente a casos en los que esta p\u00e1gina web contiene elementos integrados: es decir, textos, documentos, im\u00e1genes o breves pel\u00edculas que se almacenan en otra parte, pero se muestran en nuestro sitio web.<\/p>\n<p>Por consiguiente, en caso de que te encuentres con este tipo de cookies en este sitio web y no est\u00e9n enumeradas en la lista siguiente, rogamos lo comuniques en marketing@adelte.com. Tambi\u00e9n puedes ponerte en contacto directamente con el tercero para pedirle informaci\u00f3n sobre las cookies que coloca, la finalidad y la duraci\u00f3n de la cookie, y c\u00f3mo ha garantizado su privacidad.<\/p>\n<p><strong>\u00bfQu\u00e9 son las Cookies?<\/strong><\/p>\n<p>Las cookies constituyen una herramienta empleada por los servidores Web para almacenar y recuperar informaci\u00f3n acerca de sus visitantes. No es m\u00e1s que un fichero de texto que algunos servidores piden a nuestro navegador que escriba en nuestro disco duro, con informaci\u00f3n acerca de lo que hemos estado haciendo por sus p\u00e1ginas. Poseen una fecha de caducidad, que puede oscilar desde el tiempo que dure la sesi\u00f3n hasta una fecha futura especificada, a partir de la cual dejan de ser operativa.<\/p>\n<p><strong>Las cookies que utiliza esta web:<\/strong><\/p>\n<p>En esta web se utilizan cookies\u00a0<strong>propias y de terceros<\/strong>\u00a0para conseguir que tengas una mejor experiencia de navegaci\u00f3n, puedas compartir contenido en redes sociales y para obtener estad\u00edsticas de usuarios.<\/p>\n<p>Las cookies empleadas en\u00a0<strong>https:\/\/www.adelte.com<\/strong>\u00a0se asocian \u00fanicamente con un Usuario an\u00f3nimo y su ordenador, no proporcionan referencias que permitan deducir el nombre y apellidos del Usuario y no pueden leer datos de su disco duro ni incluir virus en sus textos. Asimismo,\u00a0<strong>https:\/\/www.adelte.com<\/strong>\u00a0no puede leer las cookies implantadas en el disco duro del Usuario desde otros servidores.<\/p>\n<p>El usuario puede libremente decidir acerca de la implantaci\u00f3n o no en su disco duro de las cookies empleadas en\u00a0<strong>https:\/\/www.adelte.com<\/strong>\u00a0En este sentido, el usuario puede configurar su navegador para aceptar o rechazar por defecto todas las cookies o para recibir un aviso en pantalla de la recepci\u00f3n de cada cookie y decidir en ese momento su implantaci\u00f3n o no en su disco duro. Para ello le sugerimos consultar la secci\u00f3n de ayuda de su navegador para saber c\u00f3mo cambiar la configuraci\u00f3n que actualmente emplea. Aun cuando el Usuario configurase su navegador para rechazar todas las cookies o rechazase expresamente las cookies de\u00a0<strong>https:\/\/www.adelte.com<\/strong>\u00a0podr\u00e1 navegar por el Portal con el \u00fanico inconveniente de no poder disfrutar de las funcionalidades del Portal que requieran la instalaci\u00f3n de alguna de ellas. En cualquier caso, el Usuario podr\u00e1 eliminar las cookies implantadas en su disco duro en cualquier momento, siguiendo el procedimiento establecido en la secci\u00f3n de ayuda de su navegador y que posteriormente detallaremos.<\/p>\n<p>Como usuario, puedes rechazar el tratamiento de los datos o la informaci\u00f3n bloqueando estas cookies mediante la configuraci\u00f3n apropiada de tu navegador. Sin embargo, debes saber que, si lo haces, este sitio no funcione adecuadamente.<\/p>\n<p>Seg\u00fan los t\u00e9rminos incluidos en el art\u00edculo 22.2 de la Ley 34\/2002 de Servicios de la Sociedad de la Informaci\u00f3n y Comercio Electr\u00f3nico, si contin\u00faas navegando<strong>, estar\u00e1s prestando tu consentimiento<\/strong>\u00a0para el empleo de las cookies que detallamos a continuaci\u00f3n.<\/p>\n<p><strong>\u00a0<\/strong>Las cookies de esta web ayudan a:<\/p>\n<ul>\n<li>Hacer que esta web funcione correctamente<\/li>\n<li>Permitirte visualizar videos<\/li>\n<li>Mejorar la velocidad \/ seguridad del sitio<\/li>\n<li>Que pueda compartir p\u00e1ginas con redes sociales<\/li>\n<li>Mejorar continuamente de este sitio web<\/li>\n<\/ul>\n<p><strong>No se utilizar\u00e1n jam\u00e1s cookies para:<\/strong><\/p>\n<ul>\n<li>Recoger informaci\u00f3n de identificaci\u00f3n personal (sin tu permiso expreso)<\/li>\n<li>Recoger informaci\u00f3n sensible (sin tu permiso expreso)<\/li>\n<li>Compartir datos de identificaci\u00f3n personal a terceros<\/li>\n<\/ul>\n<p><strong>Cookies de terceros que utilizamos en esta web y que debes conocer<\/strong><\/p>\n<p>Esta web, como la mayor\u00eda de sitios web, incluye funcionalidades proporcionadas por terceros. Tambi\u00e9n se ponen a prueba regularmente nuevos dise\u00f1os o servicios de terceros para recomendaciones e informes. Esto puede modificar ocasionalmente la configuraci\u00f3n de cookies y que aparezcan cookies no detalladas en la presente pol\u00edtica. Es importante que sepas que son cookies provisionales que no siempre es posible informar y que solo tienen finalidades de estudio y valoraci\u00f3n. En ning\u00fan caso se van a utilizar cookies que comprometan tu privacidad.<\/p>\n<p>Entre las cookies de terceros m\u00e1s estables est\u00e1n:<\/p>\n<ul>\n<li><strong>Las generadas por servicios de an\u00e1lisis,<\/strong>concretamente, Google Analytics para ayudar al website a analizar el uso que hacen los Usuarios del sitio web y mejorar la usabilidad del mismo, pero en ning\u00fan caso se asocian a datos que pudieran llegar a identificar al usuario.<\/li>\n<\/ul>\n<p>Google Analytics, es un servicio anal\u00edtico de web prestado por Google, Inc., una compa\u00f1\u00eda de Delaware cuya oficina principal est\u00e1 en 1600 Amphitheatre Parkway, Mountain View (California), CA 94043, Estados Unidos (\u201cGoogle\u201d).<\/p>\n<p>El usuario puede consultar\u00a0<a href=\"https:\/\/www.google.es\/intl\/es\/policies\/technologies\/types\/\">aqu\u00ed<\/a>\u00a0el tipo de cookies utilizadas por Google. Cookie de Google+ y Google Maps, seg\u00fan lo dispuesto en su p\u00e1gina sobre qu\u00e9\u00a0tipo de cookies utilizan.<\/p>\n<ul>\n<li><strong>Cookies de redes sociales:<\/strong>Las Cookies de redes sociales pueden almacenarse en su navegador mientras navega por adelte.com por ejemplo, cuando utiliza el bot\u00f3n de compartir contenidos de adelte.com en alguna red social.<\/li>\n<\/ul>\n<p>Las empresas que generan estas cookies correspondientes a las redes sociales que utiliza esta web tienen sus propias pol\u00edticas de cookies:<\/p>\n<ul>\n<li>Cookie de Twitter, seg\u00fan lo dispuesto en su\u00a0<u>pol\u00edtica de privacidad y uso de cookies<\/u>.<\/li>\n<li>Cookie de Google Plus, seg\u00fan lo dispuesto en su\u00a0<a href=\"https:\/\/www.google.es\/intl\/es\/policies\/technologies\/cookies\/\">Pol\u00edtica de Cookies<\/a><\/li>\n<li>Cookie de Facebook, seg\u00fan lo dispuesto en su\u00a0<a href=\"https:\/\/www.facebook.com\/help\/cookies?ref_type=sitefooter\">Pol\u00edtica de Cookies<\/a><\/li>\n<li>Cookie de Youtube, seg\u00fan lo dispuesto en su\u00a0<a href=\"https:\/\/www.google.es\/intl\/es\/policies\/technologies\/cookies\/\">Pol\u00edtica de Cookies<\/a><\/li>\n<\/ul>\n<p>Las implicaciones de privacidad estar\u00e1n en funci\u00f3n a cada red social y depender\u00e1n de la configuraci\u00f3n de privacidad que ha elegido en estas redes. En ning\u00fan caso, ni el responsable de esta web ni los anunciantes pueden obtener informaci\u00f3n personal identificable de estas cookies.<\/p>\n<p>A continuaci\u00f3n, y seg\u00fan exige el art\u00edculo 22.2 de la LSSI se detallan las\u00a0cookies que pueden instalarse habitualmente durante la navegaci\u00f3n por este sitio web:<\/p>\n<table width=\"633\">\n<tbody>\n<tr>\n<td width=\"245\"><strong>NOMBRE<\/strong><strong>\u00a0<\/strong><\/td>\n<td width=\"245\"><strong>DURACI\u00d3N<\/strong><\/td>\n<td width=\"143\"><strong>FINALIDAD<\/strong><\/td>\n<\/tr>\n<tr>\n<td width=\"245\">Terceros persistente_ga<\/td>\n<td width=\"245\">2 a\u00f1os a partir de la configuraci\u00f3n<\/td>\n<td width=\"143\">Se usa para distinguir a los usuarios. Es una cookie perteneciente a Google Analytics.\u00a0<a href=\"https:\/\/www.google.com\/intl\/es\/policies\/\">M\u00e1s informaci\u00f3n<\/a><\/td>\n<\/tr>\n<tr>\n<td width=\"245\">Terceros persistente_gat<\/td>\n<td width=\"245\">10 minutos<\/td>\n<td width=\"143\">Se usa para saber el ratio de recarga. Es una cookie perteneciente a Google Analytics.\u00a0<a href=\"https:\/\/www.google.com\/intl\/es\/policies\/\">M\u00e1s informaci\u00f3n<\/a><\/td>\n<\/tr>\n<tr>\n<td width=\"245\">Terceros persistente__utma<\/td>\n<td width=\"245\">2 a\u00f1os desde cada actualizaci\u00f3n<\/td>\n<td width=\"143\">Esta cookie se suele establecer durante la primera visita. Si la cookie es eliminada manualmente, volver\u00e1 a establecerse en la siguiente visita con ID nuevo. En la mayor\u00eda de los casos esta cookie se utiliza para determinar visitantes \u00fanicos a nuestro sitio y es actualizada con cada p\u00e1gina vista. Adem\u00e1s esta cookie tiene un ID \u00fanico de Google Analytics que asegura tanto la validez de la misma como su accesibilidad como una medida de seguridad adicional.\u00a0<a href=\"https:\/\/www.google.com\/intl\/es\/policies\/\">M\u00e1s informaci\u00f3n<\/a><\/td>\n<\/tr>\n<tr>\n<td width=\"245\">Terceros persistente__utmb<\/td>\n<td width=\"245\">2 a\u00f1os desde cada actualizaci\u00f3n<\/td>\n<td width=\"143\">Esta cookie se utiliza para establecer y continuar una sesi\u00f3n de usuario en nuestro sitio. Cuando un usuario visita una p\u00e1gina en nuestro sitio, el c\u00f3digo de Google Analytics intenta actualizar esta cookie. Si no encuentra la cookie, crear\u00e1 una nueva. Cada vez que el usuario visita una p\u00e1gina distinta se actualiza esta cookie para caducar a los 30 minutos, de esa forma contin\u00faa encontrar una sesi\u00f3n \u00fanica en intervalos de 30 minutos. Esta cookie caduca cuando un usuario deja de visitas nuestro sitio por un per\u00edodo de 30 minutos.\u00a0<a href=\"https:\/\/www.google.com\/intl\/es\/policies\/\">M\u00e1s informaci\u00f3n<\/a><\/td>\n<\/tr>\n<tr>\n<td width=\"245\">Terceros persistenteAPISID, HSID, NID, SAPISID, SID, SSID<\/td>\n<td width=\"245\">2 a\u00f1os desde su instalaci\u00f3n<\/td>\n<td width=\"143\">Guarda preferencias de usuario y otra informaci\u00f3n de los servicios de Google que tiene el usuario.\u00a0<a href=\"https:\/\/www.google.com\/policies\/privacy\/\">M\u00e1s informaci\u00f3n<\/a><\/td>\n<\/tr>\n<tr>\n<td width=\"245\">Terceros persistente__utmt<\/td>\n<td width=\"245\">De sesi\u00f3n<\/td>\n<td width=\"143\">Historicamente, esta cookie operaba junto con la cookie __utmb para determinar si se deb\u00eda establecer una nueva sesi\u00f3n al usuario. Hoy en d\u00eda no se utiliza pero sigue aqu\u00ed para mantener compatibilidad hacia atr\u00e1s con el c\u00f3digo de theurchin.js y ga.js.\u00a0<a href=\"https:\/\/www.google.com\/intl\/es\/policies\/\">M\u00e1s informaci\u00f3n<\/a><\/td>\n<\/tr>\n<tr>\n<td width=\"245\">Terceros persistente__utmz<\/td>\n<td width=\"245\">6 meses desde cada actualizaci\u00f3n<\/td>\n<td width=\"143\">Esta cookie guarda informaci\u00f3n de referencias utilizadas por el visitante para llegar a nuestro sitio, ya sea de forma directa, un link de referencia, una b\u00fasqueda web o una campa\u00f1a de publicidad o por email. Se utiliza para calcular el tr\u00e1fico proviniente de buscadores web, campa\u00f1as de marketing y navegaci\u00f3n por nuestro sitio. Esta cookie se actualiza en cada vista de p\u00e1gina.\u00a0<a href=\"https:\/\/www.google.com\/intl\/es\/policies\/\">M\u00e1s informaci\u00f3n<\/a><\/td>\n<\/tr>\n<tr>\n<td width=\"245\">Propia persistente__cfduid<\/td>\n<td width=\"245\">5 a\u00f1os<\/td>\n<td width=\"143\">La cookie __ cfduid se utiliza para anular las restricciones de seguridad basadas en la direcci\u00f3n IP del visitante est\u00e1 viniendo.\u00a0<a href=\"https:\/\/support.cloudflare.com\/hc\/en-us\/articles\/200170156-What-does-the-CloudFlare-cfduid-cookie-do\">M\u00e1s informaci\u00f3n<\/a><\/td>\n<\/tr>\n<tr>\n<td width=\"245\">_remember_checked_on<\/td>\n<td width=\"245\">Caduca al finalizar la sesi\u00f3n<\/td>\n<td width=\"143\">Cookies con funcionalidades de Twitter.<\/td>\n<\/tr>\n<tr>\n<td width=\"245\">Terceros persistentepl<\/td>\n<td width=\"245\">90 d\u00edas<\/td>\n<td width=\"143\">Se utiliza para registrar que un dispositivo o un navegador iniciaron sesi\u00f3n a trav\u00e9s de la plataforma de Facebook.\u00a0<a href=\"https:\/\/www.facebook.com\/policy\/cookies\/printable\">M\u00e1s informaci\u00f3n<\/a><\/td>\n<\/tr>\n<tr>\n<td width=\"245\">Terceros persistentefr<\/td>\n<td width=\"245\">90 d\u00edas<\/td>\n<td width=\"143\">Se trata de la cookie de publicidad principal de Facebook. Se utiliza para ofrecer, analizar y mejorar la relevancia de los anuncios.\u00a0<a href=\"https:\/\/www.facebook.com\/policy\/cookies\/printable\">M\u00e1s informaci\u00f3n<\/a><\/td>\n<\/tr>\n<tr>\n<td width=\"245\">Terceros persistentesb<\/td>\n<td width=\"245\">2 a\u00f1os desde su instalaci\u00f3n<\/td>\n<td width=\"143\">Cookie de Facebook que identifica al navegador con fines de autenticaci\u00f3n del inicio de sesi\u00f3n.\u00a0<a href=\"https:\/\/www.facebook.com\/policy\/cookies\/printable\">M\u00e1s informaci\u00f3n<\/a><\/td>\n<\/tr>\n<tr>\n<td width=\"245\">Terceros persistentec_user<\/td>\n<td width=\"245\">20 d\u00edas desde su instalaci\u00f3n<\/td>\n<td width=\"143\">Se utiliza junto con la cookie xs para autenticar tu identidad en Facebook.\u00a0<a href=\"https:\/\/www.facebook.com\/policy\/cookies\/printable\">M\u00e1s informaci\u00f3n<\/a><\/td>\n<\/tr>\n<tr>\n<td width=\"245\">Terceros persistentexs<\/td>\n<td width=\"245\">90 d\u00edas desde su instalaci\u00f3n<\/td>\n<td width=\"143\">Se utiliza junto con la cookie c_user para autenticar tu identidad en Facebook.\u00a0<a href=\"https:\/\/www.facebook.com\/policy\/cookies\/printable\">M\u00e1s informaci\u00f3n<\/a><\/td>\n<\/tr>\n<tr>\n<td width=\"245\">Terceros persistentedatr<\/td>\n<td width=\"245\">2 a\u00f1os desde su instalaci\u00f3n<\/td>\n<td width=\"143\">De Facebook que identifica a los navegadores con fines de seguridad e integridad del sitio, entre ellos, la recuperaci\u00f3n de cuentas y la identificaci\u00f3n de cuentas que puedan estar en riesgo.\u00a0<a href=\"https:\/\/www.facebook.com\/policy\/cookies\/printable\">M\u00e1s informaci\u00f3n<\/a><\/td>\n<\/tr>\n<\/tbody>\n<\/table>\n<p>&nbsp;<\/p>\n<p><strong>\u00bfC\u00f3mo puedo gestionar y desactivar estas cookies?<\/strong><\/p>\n<p>En el caso de no desear que el sitio web no instale ninguna cookie en tu equipo, cabe la posibilidad de adaptar tu navegador de modo que se te notifique antes de que se descargue ninguna cookie.<\/p>\n<p>As\u00ed las cosas, se puede igualmente modificar la configuraci\u00f3n del navegador de forma que rechace todas las cookies o \u00fanicamente las cookies de terceros. Tambi\u00e9n puedes eliminar cualquiera de las cookies que ya se encuentren en tu equipo. Ten en cuenta que tendr\u00e1s que adaptar por separado la configuraci\u00f3n de cada navegador y equipo que utilices.<\/p>\n<p><strong>https:\/\/www.adelte.com<\/strong>\u00a0\u00a0pone a disposici\u00f3n de los usuarios que quieran impedir la instalaci\u00f3n de las mencionadas cookies, enlaces facilitados al efecto por navegadores cuyo uso se considera m\u00e1s extendido:<\/p>\n<p><a href=\"https:\/\/support.google.com\/chrome\/bin\/answer.py?hl=es-419&amp;answer=95647\">Google Chrome<\/a>\u00a0\u2013\u00a0<a href=\"https:\/\/windows.microsoft.com\/es-xl\/internet-explorer\/delete-manage-cookies#ie=ie-10\">Internet Explorer<\/a>\u00a0\u2013\u00a0<a href=\"https:\/\/support.mozilla.org\/es\/kb\/habilitar-y-deshabilitar-cookies-que-los-sitios-we\">Mozilla Firefox<\/a>\u00a0\u2013\u00a0<a href=\"https:\/\/support.apple.com\/kb\/HT1677?viewlocale=es_ES%20%97%20https:\/\/support.apple.com\/kb\/ph5042\">Apple Safari<\/a><\/p>\n<p><em>Este aviso legal ha sido actualizado el d\u00eda 20\u00a0de Mayo de 2018.<\/em><\/p>\n","protected":false},"excerpt":{"rendered":"<p>La LSSI-CE, \u00a0obliga a todos los que tenemos una web\u00a0a\u00a0advertir\u00a0al usuario de la existencia de cookies, informar sobre ellas y requerirle permiso para descargarlas. Art\u00edculo 22.2 de la Ley 34\/2002. \u201cLos prestadores de servicios podr\u00e1n utilizar dispositivos de almacenamiento y&hellip;<\/p>\n","protected":false},"author":3,"featured_media":0,"parent":0,"menu_order":0,"comment_status":"closed","ping_status":"closed","template":"","meta":[],"acf":[],"yoast_head":"<!-- This site is optimized with the Yoast SEO plugin v15.6.2 - https:\/\/yoast.com\/wordpress\/plugins\/seo\/ -->\n<title>Pol\u00edtica de Cookies<\/title>\n<meta name=\"robots\" content=\"noindex, nofollow\" \/>\n<meta property=\"og:locale\" content=\"es_ES\" \/>\n<meta property=\"og:type\" content=\"article\" \/>\n<meta property=\"og:title\" content=\"Pol\u00edtica de Cookies\" \/>\n<meta property=\"og:description\" content=\"La LSSI-CE, \u00a0obliga a todos los que tenemos una web\u00a0a\u00a0advertir\u00a0al usuario de la existencia de cookies, informar sobre ellas y requerirle permiso para descargarlas. Art\u00edculo 22.2 de la Ley 34\/2002. \u201cLos prestadores de servicios podr\u00e1n utilizar dispositivos de almacenamiento y&hellip;\" \/>\n<meta property=\"og:url\" content=\"https:\/\/www.adelte.com\/es\/politica-de-cookies\/\" \/>\n<meta property=\"og:site_name\" content=\"ADELTE\" \/>\n<meta property=\"article:modified_time\" content=\"2019-01-29T13:15:21+00:00\" \/>\n<meta name=\"twitter:card\" content=\"summary_large_image\" \/>\n<meta name=\"twitter:label1\" content=\"Tiempo de lectura\">\n\t<meta name=\"twitter:data1\" content=\"10 minutos\">\n<script type=\"application\/ld+json\" class=\"yoast-schema-graph\">{\"@context\":\"https:\/\/schema.org\",\"@graph\":[{\"@type\":\"WebSite\",\"@id\":\"https:\/\/www.adelte.com\/#website\",\"url\":\"https:\/\/www.adelte.com\/\",\"name\":\"ADELTE\",\"description\":\"\",\"potentialAction\":[{\"@type\":\"SearchAction\",\"target\":\"https:\/\/www.adelte.com\/?s={search_term_string}\",\"query-input\":\"required name=search_term_string\"}],\"inLanguage\":\"es\"},{\"@type\":\"WebPage\",\"@id\":\"https:\/\/www.adelte.com\/es\/politica-de-cookies\/#webpage\",\"url\":\"https:\/\/www.adelte.com\/es\/politica-de-cookies\/\",\"name\":\"Pol\\u00edtica de Cookies\",\"isPartOf\":{\"@id\":\"https:\/\/www.adelte.com\/#website\"},\"datePublished\":\"2018-09-18T10:24:28+00:00\",\"dateModified\":\"2019-01-29T13:15:21+00:00\",\"breadcrumb\":{\"@id\":\"https:\/\/www.adelte.com\/es\/politica-de-cookies\/#breadcrumb\"},\"inLanguage\":\"es\",\"potentialAction\":[{\"@type\":\"ReadAction\",\"target\":[\"https:\/\/www.adelte.com\/es\/politica-de-cookies\/\"]}]},{\"@type\":\"BreadcrumbList\",\"@id\":\"https:\/\/www.adelte.com\/es\/politica-de-cookies\/#breadcrumb\",\"itemListElement\":[{\"@type\":\"ListItem\",\"position\":1,\"item\":{\"@type\":\"WebPage\",\"@id\":\"https:\/\/www.adelte.com\/es\/\",\"url\":\"https:\/\/www.adelte.com\/es\/\",\"name\":\"Home\"}},{\"@type\":\"ListItem\",\"position\":2,\"item\":{\"@type\":\"WebPage\",\"@id\":\"https:\/\/www.adelte.com\/es\/politica-de-cookies\/\",\"url\":\"https:\/\/www.adelte.com\/es\/politica-de-cookies\/\",\"name\":\"Pol\\u00edtica de Cookies\"}}]}]}<\/script>\n<!-- \/ Yoast SEO plugin. -->","_links":{"self":[{"href":"https:\/\/www.adelte.com\/es\/wp-json\/wp\/v2\/pages\/10046"}],"collection":[{"href":"https:\/\/www.adelte.com\/es\/wp-json\/wp\/v2\/pages"}],"about":[{"href":"https:\/\/www.adelte.com\/es\/wp-json\/wp\/v2\/types\/page"}],"author":[{"embeddable":true,"href":"https:\/\/www.adelte.com\/es\/wp-json\/wp\/v2\/users\/3"}],"replies":[{"embeddable":true,"href":"https:\/\/www.adelte.com\/es\/wp-json\/wp\/v2\/comments?post=10046"}],"version-history":[{"count":1,"href":"https:\/\/www.adelte.com\/es\/wp-json\/wp\/v2\/pages\/10046\/revisions"}],"predecessor-version":[{"id":10253,"href":"https:\/\/www.adelte.com\/es\/wp-json\/wp\/v2\/pages\/10046\/revisions\/10253"}],"wp:attachment":[{"href":"https:\/\/www.adelte.com\/es\/wp-json\/wp\/v2\/media?parent=10046"}],"curies":[{"name":"wp","href":"https:\/\/api.w.org\/{rel}","templated":true}]}}